{"id":6342,"date":"2026-04-24T19:03:49","date_gmt":"2026-04-24T17:03:49","guid":{"rendered":"https:\/\/topsmart.store\/product\/htc-hp06-atviru-ausu-ai-belaides-vertimo-ausines-su-belaidziu-v6-0-rysiu-lengvos-ir-sulankstomos-sios-butinios-virsugalvines-ausines-puikiai-tinka-verslui-isvykoms-ir-kelionems-sukurtos-efektyviam\/"},"modified":"2026-04-24T19:17:57","modified_gmt":"2026-04-24T17:17:57","slug":"htc-hp06-atviru-ausu-ai-belaides-vertimo-ausines-su-belaidziu-v6-0-rysiu-lengvos-ir-sulankstomos-sios-butinios-virsugalvines-ausines-puikiai-tinka-verslui-isvykoms-ir-kelionems-sukurtos-efektyviam","status":"publish","type":"product","link":"https:\/\/topsmart.store\/en\/product\/htc-hp06-atviru-ausu-ai-belaides-vertimo-ausines-su-belaidziu-v6-0-rysiu-lengvos-ir-sulankstomos-sios-butinios-virsugalvines-ausines-puikiai-tinka-verslui-isvykoms-ir-kelionems-sukurtos-efektyviam\/","title":{"rendered":"HTC HP06 Open-Ear AI Wireless Translation Headset with Wireless V6.0, Lightweight and Foldable. This essential over-ear headset is perfect for business, outings and travel, designed for efficient communication with an open-ear style."},"content":{"rendered":"<p>Valdymo b\u016bdas: Palieskite<\/p>\n<p>Ausini\u0173 savyb\u0117s: Vertimo funkcija<\/p>\n<p>Valdymo tipas: Skambu\u010di\u0173 valdymas<\/p>\n<p>Am\u017eiaus ribos: Suaugusieji<\/p>\n<p>Mikrofono tipas: Kondensatorinis mikrofonas<\/p>\n<p>Tema: Vaizdo \u017eaidimas<\/p>\n<p>Suderinami \u012frenginiai: Mobilieji telefonai<\/p>\n<p>Rekomenduojama naudoti: Pratimai<\/p>\n<p>Komplekte esantys priedai: Laidas<\/p>\n<p>Prek\u0117s \u017eenklas: HTC<\/p>\n<p>Baterijos savyb\u0117s: \u012ekraunama baterija<\/p>\n<p>\u012ekraunama baterija: Li\u010dio baterija-polimeras<\/p>\n<p>Belaid\u017eio ry\u0161io savyb\u0117: belaidis<\/p>\n<p>\u012etampa: \u017di\u016br\u0117ti produkto apra\u0161ym\u0105<\/p>\n<p>Produkto \u012fkrovimo jungtis: \u012ekrovimas per C tipo jungt\u012f<\/p>\n<p>Ar palaiko koordinuot\u0105 greit\u0105 \u012fkrovim\u0105?: Ne<\/p>\n<p>Ar \u012f komplekt\u0105 \u012feina \u012fkroviklis?: Ne<\/p>\n<p>Maksimali vardin\u0117 galia: 5 W<\/p>\n<p>Ma\u017eiausia vardin\u0117 galia: 1 W<\/p>\n<p>Power mode: USB charging<\/p>\n<p>Darbin\u0117 \u012ftampa: \u226436 V<\/p>\n<p>Ar yra \u012fkrovimo d\u0117klas?: Ne<\/p>\n<p>Prek\u0117s ID: KN8906399<\/p>\n<p>Kilm\u0117: Guangdong, Kinija<\/p>\n<p><img decoding=\"async\" src=\"https:\/\/img.kwcdn.com\/product\/fancy\/66621932-b4db-4842-b924-20b351c5dcdd.jpg\" alt=\"HTC HP06 atvir\u0173 aus\u0173 AI belaid\u0117s vertimo ausin\u0117s su belaid\u017eiu V6.0 ry\u0161iu, lengvos ir sulankstomos. \u0160ios b\u016btinios vir\u0161ugalvin\u0117s ausin\u0117s puikiai tinka verslui, i\u0161vykoms ir kelion\u0117ms, sukurtos efektyviam ry\u0161iui su atviru aus\u0173 stiliu.\" \/><img decoding=\"async\" src=\"https:\/\/img.kwcdn.com\/product\/fancy\/15cc306c-4b52-4f41-afd1-402c38322006.jpg\" alt=\"HTC HP06 atvir\u0173 aus\u0173 AI belaid\u0117s vertimo ausin\u0117s su belaid\u017eiu V6.0 ry\u0161iu, lengvos ir sulankstomos. \u0160ios b\u016btinios vir\u0161ugalvin\u0117s ausin\u0117s puikiai tinka verslui, i\u0161vykoms ir kelion\u0117ms, sukurtos efektyviam ry\u0161iui su atviru aus\u0173 stiliu.\" \/><img decoding=\"async\" src=\"https:\/\/img.kwcdn.com\/product\/fancy\/0ce6b04a-d0f9-4cd8-9955-c3ebcde24bf1.jpg\" alt=\"HTC HP06 atvir\u0173 aus\u0173 AI belaid\u0117s vertimo ausin\u0117s su belaid\u017eiu V6.0 ry\u0161iu, lengvos ir sulankstomos. \u0160ios b\u016btinios vir\u0161ugalvin\u0117s ausin\u0117s puikiai tinka verslui, i\u0161vykoms ir kelion\u0117ms, sukurtos efektyviam ry\u0161iui su atviru aus\u0173 stiliu.\" \/><img decoding=\"async\" src=\"https:\/\/img.kwcdn.com\/product\/fancy\/a75e5cd7-6101-4deb-90d2-082f738970ed.jpg\" alt=\"HTC HP06 atvir\u0173 aus\u0173 AI belaid\u0117s vertimo ausin\u0117s su belaid\u017eiu V6.0 ry\u0161iu, lengvos ir sulankstomos. \u0160ios b\u016btinios vir\u0161ugalvin\u0117s ausin\u0117s puikiai tinka verslui, i\u0161vykoms ir kelion\u0117ms, sukurtos efektyviam ry\u0161iui su atviru aus\u0173 stiliu.\" \/><img decoding=\"async\" src=\"https:\/\/img.kwcdn.com\/product\/fancy\/0b61ef49-7f3b-40d0-a841-d2085602f04c.jpg\" alt=\"HTC HP06 atvir\u0173 aus\u0173 AI belaid\u0117s vertimo ausin\u0117s su belaid\u017eiu V6.0 ry\u0161iu, lengvos ir sulankstomos. \u0160ios b\u016btinios vir\u0161ugalvin\u0117s ausin\u0117s puikiai tinka verslui, i\u0161vykoms ir kelion\u0117ms, sukurtos efektyviam ry\u0161iui su atviru aus\u0173 stiliu.\" \/><\/p>","protected":false},"excerpt":{"rendered":"<p>Valdymo b\u016bdas: Palieskite Ausini\u0173 savyb\u0117s: Vertimo funkcija Valdymo tipas: Skambu\u010di\u0173 valdymas Am\u017eiaus ribos: Suaugusieji Mikrofono tipas: Kondensatorinis mikrofonas Tema: Vaizdo \u017eaidimas Suderinami \u012frenginiai: Mobilieji telefonai Rekomenduojama naudoti: Pratimai Komplekte esantys priedai: Laidas Prek\u0117s \u017eenklas: HTC Baterijos savyb\u0117s: \u012ekraunama baterija \u012ekraunama baterija: Li\u010dio baterija-polimeras Belaid\u017eio ry\u0161io savyb\u0117: belaidis \u012etampa: \u017di\u016br\u0117ti produkto apra\u0161ym\u0105 Produkto \u012fkrovimo jungtis: \u012ekrovimas [&hellip;]<\/p>\n","protected":false},"featured_media":6343,"comment_status":"open","ping_status":"closed","template":"","meta":[],"product_brand":[],"product_cat":[23],"product_tag":[],"class_list":{"0":"post-6342","1":"product","2":"type-product","3":"status-publish","4":"has-post-thumbnail","6":"product_cat-ismanieji-prietaisai","8":"first","9":"instock","10":"sale","11":"shipping-taxable","12":"purchasable","13":"product-type-variable"},"_links":{"self":[{"href":"https:\/\/topsmart.store\/en\/wp-json\/wp\/v2\/product\/6342","targetHints":{"allow":["GET"]}}],"collection":[{"href":"https:\/\/topsmart.store\/en\/wp-json\/wp\/v2\/product"}],"about":[{"href":"https:\/\/topsmart.store\/en\/wp-json\/wp\/v2\/types\/product"}],"replies":[{"embeddable":true,"href":"https:\/\/topsmart.store\/en\/wp-json\/wp\/v2\/comments?post=6342"}],"wp:featuredmedia":[{"embeddable":true,"href":"https:\/\/topsmart.store\/en\/wp-json\/wp\/v2\/media\/6343"}],"wp:attachment":[{"href":"https:\/\/topsmart.store\/en\/wp-json\/wp\/v2\/media?parent=6342"}],"wp:term":[{"taxonomy":"product_brand","embeddable":true,"href":"https:\/\/topsmart.store\/en\/wp-json\/wp\/v2\/product_brand?post=6342"},{"taxonomy":"product_cat","embeddable":true,"href":"https:\/\/topsmart.store\/en\/wp-json\/wp\/v2\/product_cat?post=6342"},{"taxonomy":"product_tag","embeddable":true,"href":"https:\/\/topsmart.store\/en\/wp-json\/wp\/v2\/product_tag?post=6342"}],"curies":[{"name":"wp","href":"https:\/\/api.w.org\/{rel}","templated":true}]}}