{"id":6363,"date":"2026-04-24T19:04:23","date_gmt":"2026-04-24T17:04:23","guid":{"rendered":"https:\/\/topsmart.store\/product\/ismanus-automatinis-kaciu-lesyklele-su-wifi-valdymu-4l-dideles-talpos-ir-720p-kamera-lengvai-isardoma-ir-valoma-ideali-naminiu-gyvuneliu-serimo-stotele-katems-ir-sunims\/"},"modified":"2026-04-24T19:18:04","modified_gmt":"2026-04-24T17:18:04","slug":"ismanus-automatinis-kaciu-lesyklele-su-wifi-valdymu-4l-dideles-talpos-ir-720p-kamera-lengvai-isardoma-ir-valoma-ideali-naminiu-gyvuneliu-serimo-stotele-katems-ir-sunims","status":"publish","type":"product","link":"https:\/\/topsmart.store\/en\/product\/ismanus-automatinis-kaciu-lesyklele-su-wifi-valdymu-4l-dideles-talpos-ir-720p-kamera-lengvai-isardoma-ir-valoma-ideali-naminiu-gyvuneliu-serimo-stotele-katems-ir-sunims\/","title":{"rendered":"Smart Automatic Cat Feeder with WiFi Control \u2013 4L Large Capacity and 720P Camera | Easy to Disassemble and Clean, Ideal Pet Feeding Station for Cats and Dogs"},"content":{"rendered":"<p>Ry\u0161io technologija: Bevielis internetas<\/p>\n<p>Maitinimo re\u017eimas: USB<\/p>\n<p>Darbin\u0117 \u012ftampa: \u226436 V<\/p>\n<p>Baterijos savyb\u0117s: Be baterijos<\/p>\n<p>Prek\u0117s kodas: NK11863238<\/p>\n<p>Kilm\u0117: Zhejiang, Kinija<\/p>\n<p><img decoding=\"async\" src=\"https:\/\/img.kwcdn.com\/product\/fancy\/5ffc31c6-5785-45cd-93ef-66036bdab285.jpg\" alt=\"I\u0161manus automatinis ka\u010di\u0173 lesykl\u0117l\u0117 su WiFi valdymu \u2013 4L didel\u0117s talpos ir 720P kamera | Lengvai i\u0161ardoma ir valoma, ideali namini\u0173 gyv\u016bn\u0117li\u0173 \u0161\u0117rimo stotel\u0117 kat\u0117ms ir \u0161unims\" \/><img decoding=\"async\" src=\"https:\/\/img.kwcdn.com\/product\/fancy\/6fa91b50-21a5-4f2f-b6a5-9b8b2bcd3fa4.jpg\" alt=\"I\u0161manus automatinis ka\u010di\u0173 lesykl\u0117l\u0117 su WiFi valdymu \u2013 4L didel\u0117s talpos ir 720P kamera | Lengvai i\u0161ardoma ir valoma, ideali namini\u0173 gyv\u016bn\u0117li\u0173 \u0161\u0117rimo stotel\u0117 kat\u0117ms ir \u0161unims\" \/><img decoding=\"async\" src=\"https:\/\/img.kwcdn.com\/product\/fancy\/e227e6c5-a1e3-4bd0-a2fb-3089b9d7cc38.jpg\" alt=\"I\u0161manus automatinis ka\u010di\u0173 lesykl\u0117l\u0117 su WiFi valdymu \u2013 4L didel\u0117s talpos ir 720P kamera | Lengvai i\u0161ardoma ir valoma, ideali namini\u0173 gyv\u016bn\u0117li\u0173 \u0161\u0117rimo stotel\u0117 kat\u0117ms ir \u0161unims\" \/><img decoding=\"async\" src=\"https:\/\/img.kwcdn.com\/product\/algo_framework\/ImageCm2InAlgo\/f9d4675c-323e-11f1-b0c5-0a580aae0449.jpg\" alt=\"I\u0161manus automatinis ka\u010di\u0173 lesykl\u0117l\u0117 su WiFi valdymu \u2013 4L didel\u0117s talpos ir 720P kamera | Lengvai i\u0161ardoma ir valoma, ideali namini\u0173 gyv\u016bn\u0117li\u0173 \u0161\u0117rimo stotel\u0117 kat\u0117ms ir \u0161unims\" \/><img decoding=\"async\" src=\"https:\/\/img.kwcdn.com\/product\/algo_check\/auto\/8fd83258444bf14967137f0a8c4fd7b9_1775538531980.jpg\" alt=\"I\u0161manus automatinis ka\u010di\u0173 lesykl\u0117l\u0117 su WiFi valdymu \u2013 4L didel\u0117s talpos ir 720P kamera | Lengvai i\u0161ardoma ir valoma, ideali namini\u0173 gyv\u016bn\u0117li\u0173 \u0161\u0117rimo stotel\u0117 kat\u0117ms ir \u0161unims\" \/><\/p>","protected":false},"excerpt":{"rendered":"<p>Ry\u0161io technologija: Bevielis internetas Maitinimo re\u017eimas: USB Darbin\u0117 \u012ftampa: \u226436 V Baterijos savyb\u0117s: Be baterijos Prek\u0117s kodas: NK11863238 Kilm\u0117: Zhejiang, Kinija<\/p>","protected":false},"featured_media":6364,"comment_status":"open","ping_status":"closed","template":"","meta":[],"product_brand":[],"product_cat":[24,23],"product_tag":[],"class_list":{"0":"post-6363","1":"product","2":"type-product","3":"status-publish","4":"has-post-thumbnail","6":"product_cat-namu-apyvoka","7":"product_cat-ismanieji-prietaisai","9":"first","10":"instock","11":"sale","12":"shipping-taxable","13":"purchasable","14":"product-type-simple"},"_links":{"self":[{"href":"https:\/\/topsmart.store\/en\/wp-json\/wp\/v2\/product\/6363","targetHints":{"allow":["GET"]}}],"collection":[{"href":"https:\/\/topsmart.store\/en\/wp-json\/wp\/v2\/product"}],"about":[{"href":"https:\/\/topsmart.store\/en\/wp-json\/wp\/v2\/types\/product"}],"replies":[{"embeddable":true,"href":"https:\/\/topsmart.store\/en\/wp-json\/wp\/v2\/comments?post=6363"}],"wp:featuredmedia":[{"embeddable":true,"href":"https:\/\/topsmart.store\/en\/wp-json\/wp\/v2\/media\/6364"}],"wp:attachment":[{"href":"https:\/\/topsmart.store\/en\/wp-json\/wp\/v2\/media?parent=6363"}],"wp:term":[{"taxonomy":"product_brand","embeddable":true,"href":"https:\/\/topsmart.store\/en\/wp-json\/wp\/v2\/product_brand?post=6363"},{"taxonomy":"product_cat","embeddable":true,"href":"https:\/\/topsmart.store\/en\/wp-json\/wp\/v2\/product_cat?post=6363"},{"taxonomy":"product_tag","embeddable":true,"href":"https:\/\/topsmart.store\/en\/wp-json\/wp\/v2\/product_tag?post=6363"}],"curies":[{"name":"wp","href":"https:\/\/api.w.org\/{rel}","templated":true}]}}