{"id":6372,"date":"2026-04-24T19:04:46","date_gmt":"2026-04-24T17:04:46","guid":{"rendered":"https:\/\/topsmart.store\/product\/znp-z01-saymi-ismanusis-vertejas-su-dvigubais-rezimais-neprisijungus-ir-prisijungus-prie-interneto-tikslus-vertimas-i-60-kalbu-belaidis-rysys-kompaktiskas-ir-nesiojamas-idealus-verslo-de\/"},"modified":"2026-04-24T19:19:44","modified_gmt":"2026-04-24T17:19:44","slug":"znp-z01-saymi-ismanusis-vertejas-su-dvigubais-rezimais-neprisijungus-ir-prisijungus-prie-interneto-tikslus-vertimas-i-60-kalbu-belaidis-rysys-kompaktiskas-ir-nesiojamas-idealus-verslo-de","status":"publish","type":"product","link":"https:\/\/topsmart.store\/en\/product\/znp-z01-saymi-ismanusis-vertejas-su-dvigubais-rezimais-neprisijungus-ir-prisijungus-prie-interneto-tikslus-vertimas-i-60-kalbu-belaidis-rysys-kompaktiskas-ir-nesiojamas-idealus-verslo-de\/","title":{"rendered":"ZNP Z01 Saymi Smart Translator with Dual Modes - Offline and Online, Accurate Translation in 60 Languages, Wireless Connection, Compact and Portable, Ideal for Business Negotiations, International Travel and Language Learning, AI Assistant"},"content":{"rendered":"<p>Maitinimo re\u017eimas: \u012fkrovimas per USB<\/p>\n<p>Darbin\u0117 \u012ftampa: \u226436 V<\/p>\n<p>Baterijos savyb\u0117s: \u012ekraunama baterija<\/p>\n<p>\u012ekraunama baterija: Li\u010dio-polimerin\u0117 baterija<\/p>\n<p>Belaid\u017eio ry\u0161io savyb\u0117: bevielis<\/p>\n<p>Prek\u0117s \u017eenklas: MINISO<\/p>\n<p>\u012evesties produkto \u012fkrovimo jungtis: \u012ekrovimas per C tipo jungt\u012f<\/p>\n<p>Ar palaiko koordinuot\u0105 greit\u0105 \u012fkrovim\u0105?: Ne<\/p>\n<p>Ar \u012f komplekt\u0105 \u012feina \u012fkroviklis?: Ne<\/p>\n<p>Maksimali vardin\u0117 galia: 10 W<\/p>\n<p>Ma\u017eiausia vardin\u0117 galia: 5 W<\/p>\n<p>Prek\u0117s kodas: 82M555X592<\/p>\n<p>Kilm\u0117: Guangdongas, Kinija<\/p>\n<p><img decoding=\"async\" src=\"https:\/\/img.kwcdn.com\/product\/open\/287578d4522e435daaa5e92286c33df7-goods.jpeg\" alt=\"ZNP Z01 Saymi i\u0161manusis vert\u0117jas su dvigubais re\u017eimais \u2013 neprisijungus ir prisijungus prie interneto, tikslus vertimas \u012f 60 kalb\u0173, belaidis ry\u0161ys, kompakti\u0161kas ir ne\u0161iojamas, idealus verslo deryboms, tarptautin\u0117ms kelion\u0117ms ir kalb\u0173 mokymuisi, AI asistentas\"><img decoding=\"async\" src=\"https:\/\/img.kwcdn.com\/product\/open\/4540f489c66546fdbab29629afe57c71-goods.jpeg\" alt=\"ZNP Z01 Saymi i\u0161manusis vert\u0117jas su dvigubais re\u017eimais \u2013 neprisijungus ir prisijungus prie interneto, tikslus vertimas \u012f 60 kalb\u0173, belaidis ry\u0161ys, kompakti\u0161kas ir ne\u0161iojamas, idealus verslo deryboms, tarptautin\u0117ms kelion\u0117ms ir kalb\u0173 mokymuisi, AI asistentas\"><img decoding=\"async\" src=\"https:\/\/img.kwcdn.com\/product\/open\/bd9f06c571ee483cbfdb3eba369bfd9f-goods.jpeg\" alt=\"ZNP Z01 Saymi i\u0161manusis vert\u0117jas su dvigubais re\u017eimais \u2013 neprisijungus ir prisijungus prie interneto, tikslus vertimas \u012f 60 kalb\u0173, belaidis ry\u0161ys, kompakti\u0161kas ir ne\u0161iojamas, idealus verslo deryboms, tarptautin\u0117ms kelion\u0117ms ir kalb\u0173 mokymuisi, AI asistentas\"><img decoding=\"async\" src=\"https:\/\/img.kwcdn.com\/product\/open\/cc24ec0876a54f0691f6d54be1a0af0a-goods.jpeg\" alt=\"ZNP Z01 Saymi i\u0161manusis vert\u0117jas su dvigubais re\u017eimais \u2013 neprisijungus ir prisijungus prie interneto, tikslus vertimas \u012f 60 kalb\u0173, belaidis ry\u0161ys, kompakti\u0161kas ir ne\u0161iojamas, idealus verslo deryboms, tarptautin\u0117ms kelion\u0117ms ir kalb\u0173 mokymuisi, AI asistentas\"><img decoding=\"async\" src=\"https:\/\/img.kwcdn.com\/product\/open\/34f7acc365514b86b743b1bf225fd11f-goods.jpeg\" alt=\"ZNP Z01 Saymi i\u0161manusis vert\u0117jas su dvigubais re\u017eimais \u2013 neprisijungus ir prisijungus prie interneto, tikslus vertimas \u012f 60 kalb\u0173, belaidis ry\u0161ys, kompakti\u0161kas ir ne\u0161iojamas, idealus verslo deryboms, tarptautin\u0117ms kelion\u0117ms ir kalb\u0173 mokymuisi, AI asistentas\"><img decoding=\"async\" src=\"https:\/\/img.kwcdn.com\/product\/open\/5e7a8fc0a1364c53a5d7a5e455ed9404-goods.jpeg\" alt=\"ZNP Z01 Saymi i\u0161manusis vert\u0117jas su dvigubais re\u017eimais \u2013 neprisijungus ir prisijungus prie interneto, tikslus vertimas \u012f 60 kalb\u0173, belaidis ry\u0161ys, kompakti\u0161kas ir ne\u0161iojamas, idealus verslo deryboms, tarptautin\u0117ms kelion\u0117ms ir kalb\u0173 mokymuisi, AI asistentas\"><img decoding=\"async\" src=\"https:\/\/img.kwcdn.com\/product\/open\/5398f13e274a4bd2bb9933416b9e2481-goods.jpeg\" alt=\"ZNP Z01 Saymi i\u0161manusis vert\u0117jas su dvigubais re\u017eimais \u2013 neprisijungus ir prisijungus prie interneto, tikslus vertimas \u012f 60 kalb\u0173, belaidis ry\u0161ys, kompakti\u0161kas ir ne\u0161iojamas, idealus verslo deryboms, tarptautin\u0117ms kelion\u0117ms ir kalb\u0173 mokymuisi, AI asistentas\"><img decoding=\"async\" src=\"https:\/\/img.kwcdn.com\/product\/open\/b5f84a1f63fb444fa8a72f32407d68d2-goods.jpeg\" alt=\"ZNP Z01 Saymi i\u0161manusis vert\u0117jas su dvigubais re\u017eimais \u2013 neprisijungus ir prisijungus prie interneto, tikslus vertimas \u012f 60 kalb\u0173, belaidis ry\u0161ys, kompakti\u0161kas ir ne\u0161iojamas, idealus verslo deryboms, tarptautin\u0117ms kelion\u0117ms ir kalb\u0173 mokymuisi, AI asistentas\"><img decoding=\"async\" src=\"https:\/\/img.kwcdn.com\/product\/open\/95d046c580544db7b194868099629635-goods.jpeg\" alt=\"ZNP Z01 Saymi i\u0161manusis vert\u0117jas su dvigubais re\u017eimais \u2013 neprisijungus ir prisijungus prie interneto, tikslus vertimas \u012f 60 kalb\u0173, belaidis ry\u0161ys, kompakti\u0161kas ir ne\u0161iojamas, idealus verslo deryboms, tarptautin\u0117ms kelion\u0117ms ir kalb\u0173 mokymuisi, AI asistentas\"><img decoding=\"async\" src=\"https:\/\/img.kwcdn.com\/product\/open\/4125499b418243fb92316737ad1f0293-goods.jpeg\" alt=\"ZNP Z01 Saymi i\u0161manusis vert\u0117jas su dvigubais re\u017eimais \u2013 neprisijungus ir prisijungus prie interneto, tikslus vertimas \u012f 60 kalb\u0173, belaidis ry\u0161ys, kompakti\u0161kas ir ne\u0161iojamas, idealus verslo deryboms, tarptautin\u0117ms kelion\u0117ms ir kalb\u0173 mokymuisi, AI asistentas\"><\/p>","protected":false},"excerpt":{"rendered":"<p>Maitinimo re\u017eimas: \u012fkrovimas per USB Darbin\u0117 \u012ftampa: \u226436 V Baterijos savyb\u0117s: \u012ekraunama baterija \u012ekraunama baterija: Li\u010dio-polimerin\u0117 baterija Belaid\u017eio ry\u0161io savyb\u0117: bevielis Prek\u0117s \u017eenklas: MINISO \u012evesties produkto \u012fkrovimo jungtis: \u012ekrovimas per C tipo jungt\u012f Ar palaiko koordinuot\u0105 greit\u0105 \u012fkrovim\u0105?: Ne Ar \u012f komplekt\u0105 \u012feina \u012fkroviklis?: Ne Maksimali vardin\u0117 galia: 10 W Ma\u017eiausia vardin\u0117 galia: 5 W [&hellip;]<\/p>\n","protected":false},"featured_media":6373,"comment_status":"open","ping_status":"closed","template":"","meta":[],"product_brand":[],"product_cat":[23],"product_tag":[],"class_list":{"0":"post-6372","1":"product","2":"type-product","3":"status-publish","4":"has-post-thumbnail","6":"product_cat-ismanieji-prietaisai","8":"first","9":"instock","10":"sale","11":"shipping-taxable","12":"purchasable","13":"product-type-simple"},"_links":{"self":[{"href":"https:\/\/topsmart.store\/en\/wp-json\/wp\/v2\/product\/6372","targetHints":{"allow":["GET"]}}],"collection":[{"href":"https:\/\/topsmart.store\/en\/wp-json\/wp\/v2\/product"}],"about":[{"href":"https:\/\/topsmart.store\/en\/wp-json\/wp\/v2\/types\/product"}],"replies":[{"embeddable":true,"href":"https:\/\/topsmart.store\/en\/wp-json\/wp\/v2\/comments?post=6372"}],"wp:featuredmedia":[{"embeddable":true,"href":"https:\/\/topsmart.store\/en\/wp-json\/wp\/v2\/media\/6373"}],"wp:attachment":[{"href":"https:\/\/topsmart.store\/en\/wp-json\/wp\/v2\/media?parent=6372"}],"wp:term":[{"taxonomy":"product_brand","embeddable":true,"href":"https:\/\/topsmart.store\/en\/wp-json\/wp\/v2\/product_brand?post=6372"},{"taxonomy":"product_cat","embeddable":true,"href":"https:\/\/topsmart.store\/en\/wp-json\/wp\/v2\/product_cat?post=6372"},{"taxonomy":"product_tag","embeddable":true,"href":"https:\/\/topsmart.store\/en\/wp-json\/wp\/v2\/product_tag?post=6372"}],"curies":[{"name":"wp","href":"https:\/\/api.w.org\/{rel}","templated":true}]}}