{"id":6401,"date":"2026-04-24T19:05:28","date_gmt":"2026-04-24T17:05:28","guid":{"rendered":"https:\/\/topsmart.store\/product\/kalbos-vertejas-momentinis-vertejas-be-wifi-5-krypciu-nesiojamas-vertejas-realaus-laiko-137-kalbos-ir-akcentai-su-wifi-be-interneto-nuotrauku-palaikymu-kelionems-mokymuisi-ir-verslui\/"},"modified":"2026-04-24T19:18:34","modified_gmt":"2026-04-24T17:18:34","slug":"kalbos-vertejas-momentinis-vertejas-be-wifi-5-krypciu-nesiojamas-vertejas-realaus-laiko-137-kalbos-ir-akcentai-su-wifi-be-interneto-nuotrauku-palaikymu-kelionems-mokymuisi-ir-verslui","status":"publish","type":"product","link":"https:\/\/topsmart.store\/en\/product\/kalbos-vertejas-momentinis-vertejas-be-wifi-5-krypciu-nesiojamas-vertejas-realaus-laiko-137-kalbos-ir-akcentai-su-wifi-be-interneto-nuotrauku-palaikymu-kelionems-mokymuisi-ir-verslui\/","title":{"rendered":"Language Translator, Instant Translator Without WiFi, 5-Way Portable Translator, Real-Time 137 Languages &amp; Accents with WiFi\/No Internet\/Photo Support for Travel, Study and Business"},"content":{"rendered":"<p>Maitinimo re\u017eimas: \u012fkrovimas per USB<\/p>\n<p>Darbin\u0117 \u012ftampa: \u226436 V<\/p>\n<p>Baterijos savyb\u0117s: \u012ekraunama baterija<\/p>\n<p>\u012ekraunama baterija: Li\u010dio-polimerin\u0117 baterija<\/p>\n<p>Belaid\u017eio ry\u0161io savyb\u0117s: Su Wi-Fi funkcija<\/p>\n<p>Akumuliatoriaus talpa (mAh): 1500<\/p>\n<p>\u012ekrovimo jungtis: \u012ekrovimas per C tipo jungt\u012f<\/p>\n<p>Ar palaiko koordinuot\u0105 greit\u0105 \u012fkrovim\u0105?: Ne<\/p>\n<p>Ar \u012f komplekt\u0105 \u012feina \u012fkroviklis?: Ne<\/p>\n<p>Maksimali nominali galia: 5,5 W<\/p>\n<p>Ma\u017eiausia nominali galia: 2,5 W<\/p>\n<p>Prek\u0117s kodas: VW167931<\/p>\n<p>Kilm\u0117: Guangdong, Kinija<\/p>\n<p><img decoding=\"async\" src=\"https:\/\/img.kwcdn.com\/product\/fancy\/cd53723e-90a1-4c68-9e0a-3e27cf9ccd17.jpg\" alt=\"Kalbos vert\u0117jas, momentinis vert\u0117jas be WiFi, 5 kryp\u010di\u0173 ne\u0161iojamas vert\u0117jas, realaus laiko 137 kalbos ir akcentai su WiFi\/be interneto\/nuotrauk\u0173 palaikymu kelion\u0117ms, mokymuisi ir verslui\"><\/p>\n<p>Kalb\u0173 vertimo \u012frenginys si\u016blo realaus laiko dvipus\u012f balso vertim\u0105, leid\u017eiant\u012f internetin\u012f vertim\u0105 137 kalbomis su 98 % tikslumu. Tai leid\u017eia u\u017etikrinti autenti\u0161kesn\u012f bendravim\u0105 su u\u017esienio draugais. Be to, \u012frenginys palaiko asmenin\u012f vertim\u0105 be interneto 16 da\u017eniausiai naudojam\u0173 kalb\u0173. Rekomenduojama naudoti internetin\u012f vertim\u0105, kad b\u016bt\u0173 u\u017etikrintas geresnis tikslumas ir patikimumas<\/p>\n<p><img decoding=\"async\" src=\"https:\/\/img.kwcdn.com\/product\/fancy\/b8b33b84-234b-4f51-bd9a-3facec6db86c.jpg\" alt=\"Kalbos vert\u0117jas, momentinis vert\u0117jas be WiFi, 5 kryp\u010di\u0173 ne\u0161iojamas vert\u0117jas, realaus laiko 137 kalbos ir akcentai su WiFi\/be interneto\/nuotrauk\u0173 palaikymu kelion\u0117ms, mokymuisi ir verslui\"><\/p>\n<p>\u0160is patogus kalb\u0173 vertimo \u012frankis turi auk\u0161tos kokyb\u0117s kamer\u0105, leid\u017eian\u010di\u0105 internetu versti vaizdus \u012f 73 kalbas, o neprisijungus \u2013 \u012f 40 kalb\u0173. \u012esp\u016bdinga vaizd\u0173 vertimo funkcija leid\u017eia nar\u0161yti \u012fvairiose aplinkose, pavyzd\u017eiui, skaityti meniu, \u017eenklus, \u017eurnalus ir etiketes skirtingomis kalbomis, palengvinant prisitaikym\u0105 prie naujos aplinkos<\/p>\n<p><img decoding=\"async\" src=\"https:\/\/img.kwcdn.com\/product\/fancy\/6b54892d-6776-4a00-9e0c-f898cc71c5cb.jpg\" alt=\"Kalbos vert\u0117jas, momentinis vert\u0117jas be WiFi, 5 kryp\u010di\u0173 ne\u0161iojamas vert\u0117jas, realaus laiko 137 kalbos ir akcentai su WiFi\/be interneto\/nuotrauk\u0173 palaikymu kelion\u0117ms, mokymuisi ir verslui\"><\/p>\n<p>M\u016bs\u0173 pa\u017eangus vert\u0117jas palaiko 137 kalbas ir naudoja pa\u017eangiausias technologijas, u\u017etikrinan\u010dias \u017eaibi\u0161kai greitus ir tikslius vertimus. Tur\u0117damas tik 0,5 sekund\u0117s atsako laik\u0105 ir \u012fsp\u016bding\u0105 98 % tikslum\u0105 realiuoju laiku, m\u016bs\u0173 vert\u0117jas u\u017etikrina skland\u0173 bendravim\u0105. \u012erengtas su naujausia operacine sistema, jis i\u0161lieka sklandus ir efektyvus net ir ilgai naudojant. Be to, jis si\u016blo OTA atnaujinimus, leid\u017eian\u010dius pasiekti naujausias funkcijas<\/p>\n<p><img decoding=\"async\" src=\"https:\/\/img.kwcdn.com\/product\/fancy\/5380f499-1d1a-4d35-80de-5e182685e0ca.jpg\" alt=\"Kalbos vert\u0117jas, momentinis vert\u0117jas be WiFi, 5 kryp\u010di\u0173 ne\u0161iojamas vert\u0117jas, realaus laiko 137 kalbos ir akcentai su WiFi\/be interneto\/nuotrauk\u0173 palaikymu kelion\u0117ms, mokymuisi ir verslui\"><\/p>\n<p>Paprastas ir patogus naudoti: \u0160is protingas kalb\u0173 vert\u0117jas turi tik keturis mygtukus ir 3 coli\u0173 IPS HD jutiklin\u012f ekran\u0105. Visos operacijos gali b\u016bti atliekamos per ekran\u0105, o tiesioginis s\u0105sajos dizainas tinka vis\u0173 lygi\u0173 vartotojams. \u0160is kompakti\u0161kas, ta\u010diau efektyvus vert\u0117jas taps j\u016bs\u0173 nepakei\u010diamu draugu mokantis, dirbant ar keliaujant<\/p>\n<p><img decoding=\"async\" src=\"https:\/\/img.kwcdn.com\/product\/fancy\/fbd35d81-5383-4d4f-9efd-e13053aadd9d.jpg\" alt=\"Kalbos vert\u0117jas, momentinis vert\u0117jas be WiFi, 5 kryp\u010di\u0173 ne\u0161iojamas vert\u0117jas, realaus laiko 137 kalbos ir akcentai su WiFi\/be interneto\/nuotrauk\u0173 palaikymu kelion\u0117ms, mokymuisi ir verslui\"><\/p>\n<p>Kompakti\u0161kas dizainas ir ilgesnis baterijos veikimo laikas: \u0160is dvifunkcinis momentinis vert\u0117jas yra kompakti\u0161kas ir lengvas, tod\u0117l j\u012f lengva transportuoti. Jame \u012fmontuota 1500 mAh li\u010dio baterija, u\u017etikrinanti iki 8 valand\u0173 nepertraukiamo veikimo ir 7 dien\u0173 bud\u0117jimo laiko vienu \u012fkrovimu. Pilnai \u012fkrauti reikia tik 2\u20133 valand\u0173. (\u012ekrovimui pra\u0161ome naudoti originali\u0105 \u012fkrovimo laid\u0105, esan\u010di\u0105 pakuot\u0117je. Kiti \u012fkrovimo laidai gali b\u016bti netinkami!)<\/p>\n<p><img decoding=\"async\" src=\"https:\/\/img.kwcdn.com\/product\/fancy\/a6121c1d-ccdf-4260-83bd-1717a29b1b01.jpg\" alt=\"Kalbos vert\u0117jas, momentinis vert\u0117jas be WiFi, 5 kryp\u010di\u0173 ne\u0161iojamas vert\u0117jas, realaus laiko 137 kalbos ir akcentai su WiFi\/be interneto\/nuotrauk\u0173 palaikymu kelion\u0117ms, mokymuisi ir verslui\"><\/p>","protected":false},"excerpt":{"rendered":"<p>Maitinimo re\u017eimas: \u012fkrovimas per USB Darbin\u0117 \u012ftampa: \u226436 V Baterijos savyb\u0117s: \u012ekraunama baterija \u012ekraunama baterija: Li\u010dio-polimerin\u0117 baterija Belaid\u017eio ry\u0161io savyb\u0117s: Su Wi-Fi funkcija Akumuliatoriaus talpa (mAh): 1500 \u012ekrovimo jungtis: \u012ekrovimas per C tipo jungt\u012f Ar palaiko koordinuot\u0105 greit\u0105 \u012fkrovim\u0105?: Ne Ar \u012f komplekt\u0105 \u012feina \u012fkroviklis?: Ne Maksimali nominali galia: 5,5 W Ma\u017eiausia nominali galia: 2,5 [&hellip;]<\/p>\n","protected":false},"featured_media":6402,"comment_status":"open","ping_status":"closed","template":"","meta":[],"product_brand":[],"product_cat":[23],"product_tag":[],"class_list":{"0":"post-6401","1":"product","2":"type-product","3":"status-publish","4":"has-post-thumbnail","6":"product_cat-ismanieji-prietaisai","8":"first","9":"instock","10":"sale","11":"shipping-taxable","12":"purchasable","13":"product-type-simple"},"_links":{"self":[{"href":"https:\/\/topsmart.store\/en\/wp-json\/wp\/v2\/product\/6401","targetHints":{"allow":["GET"]}}],"collection":[{"href":"https:\/\/topsmart.store\/en\/wp-json\/wp\/v2\/product"}],"about":[{"href":"https:\/\/topsmart.store\/en\/wp-json\/wp\/v2\/types\/product"}],"replies":[{"embeddable":true,"href":"https:\/\/topsmart.store\/en\/wp-json\/wp\/v2\/comments?post=6401"}],"wp:featuredmedia":[{"embeddable":true,"href":"https:\/\/topsmart.store\/en\/wp-json\/wp\/v2\/media\/6402"}],"wp:attachment":[{"href":"https:\/\/topsmart.store\/en\/wp-json\/wp\/v2\/media?parent=6401"}],"wp:term":[{"taxonomy":"product_brand","embeddable":true,"href":"https:\/\/topsmart.store\/en\/wp-json\/wp\/v2\/product_brand?post=6401"},{"taxonomy":"product_cat","embeddable":true,"href":"https:\/\/topsmart.store\/en\/wp-json\/wp\/v2\/product_cat?post=6401"},{"taxonomy":"product_tag","embeddable":true,"href":"https:\/\/topsmart.store\/en\/wp-json\/wp\/v2\/product_tag?post=6401"}],"curies":[{"name":"wp","href":"https:\/\/api.w.org\/{rel}","templated":true}]}}