{"id":6406,"date":"2026-04-24T19:05:43","date_gmt":"2026-04-24T17:05:43","guid":{"rendered":"https:\/\/topsmart.store\/product\/shemos-ismanieji-akiniai-su-hd-ai-kamera-realaus-laiko-vertimo-akiniai-ic-belaidziai-akiniai-8-val-purtymo-ir-zingsnio-atstumo-seklys-suderinami-su-telefonu-plansetiniu-kompiuteriu-is\/"},"modified":"2026-04-24T19:19:22","modified_gmt":"2026-04-24T17:19:22","slug":"shemos-ismanieji-akiniai-su-hd-ai-kamera-realaus-laiko-vertimo-akiniai-ic-belaidziai-akiniai-8-val-purtymo-ir-zingsnio-atstumo-seklys-suderinami-su-telefonu-plansetiniu-kompiuteriu-is","status":"publish","type":"product","link":"https:\/\/topsmart.store\/en\/product\/shemos-ismanieji-akiniai-su-hd-ai-kamera-realaus-laiko-vertimo-akiniai-ic-belaidziai-akiniai-8-val-purtymo-ir-zingsnio-atstumo-seklys-suderinami-su-telefonu-plansetiniu-kompiuteriu-is\/","title":{"rendered":"SHEMOS Smart Glasses with \/ HD AI Camera, Real-time Translation Glasses, IC - Wireless Glasses, 8 Hours, - Shake and Step\/Distance Tracker \/ (Compatible with Phone\/Tablet) - Smart"},"content":{"rendered":"<p>Maitinimo re\u017eimas: USB<\/p>\n<p>Darbin\u0117 \u012ftampa: \u226436 V<\/p>\n<p>Baterijos savyb\u0117s: \u012ekraunama baterija<\/p>\n<p>\u012ekraunama baterija: Li\u010dio baterija-polimeras<\/p>\n<p>Ry\u0161io technologija: belaidis<\/p>\n<p>Pagrindin\u0117 med\u017eiaga: PC<\/p>\n<p>Rekomenduojamas naudojimas: i\u0161maniesiems telefonams ar plan\u0161etiniams kompiuteriams<\/p>\n<p>Belaid\u017eio ry\u0161io technologija: belaidis, belaidis internetas<\/p>\n<p>Prek\u0117s \u017eenklas: SHEMOS<\/p>\n<p>Belaid\u017eio ry\u0161io savyb\u0117: belaidis<\/p>\n<p>\u012evesties produkto \u012fkrovimo jungtis: Palaiko tik magnetin\u012f \u012fkrovim\u0105<\/p>\n<p>Prek\u0117s ID: MX5665420<\/p>\n<p>Kilm\u0117: Guangdong, Kinija<\/p>\n<p><img decoding=\"async\" src=\"https:\/\/img.kwcdn.com\/product\/fancy\/fd66305e-8a56-42b7-bf19-08cb273a85bc.jpg\" alt=\"SHEMOS I\u0161manieji akiniai su \/ HD AI kamera, realaus laiko vertimo akiniai, ic - belaid\u017eiai akiniai, 8 val., - purtymo ir \u017eingsnio\/atstumo seklys \/ (suderinami su telefonu\/plan\u0161etiniu kompiuteriu) - i\u0161manieji\"><img decoding=\"async\" src=\"https:\/\/img.kwcdn.com\/product\/fancy\/6de493e7-2af9-441e-b922-a0e4e61d64d1.jpg\" alt=\"SHEMOS I\u0161manieji akiniai su \/ HD AI kamera, realaus laiko vertimo akiniai, ic - belaid\u017eiai akiniai, 8 val., - purtymo ir \u017eingsnio\/atstumo seklys \/ (suderinami su telefonu\/plan\u0161etiniu kompiuteriu) - i\u0161manieji\"><img decoding=\"async\" src=\"https:\/\/img.kwcdn.com\/product\/fancy\/6c914584-2e38-47e3-ba7c-1d228e4db4a3.jpg\" alt=\"SHEMOS I\u0161manieji akiniai su \/ HD AI kamera, realaus laiko vertimo akiniai, ic - belaid\u017eiai akiniai, 8 val., - purtymo ir \u017eingsnio\/atstumo seklys \/ (suderinami su telefonu\/plan\u0161etiniu kompiuteriu) - i\u0161manieji\"><img decoding=\"async\" src=\"https:\/\/img.kwcdn.com\/product\/fancy\/0822224c-508f-4f8b-9d2a-4a80aa6bbb08.jpg\" alt=\"SHEMOS I\u0161manieji akiniai su \/ HD AI kamera, realaus laiko vertimo akiniai, ic - belaid\u017eiai akiniai, 8 val., - purtymo ir \u017eingsnio\/atstumo seklys \/ (suderinami su telefonu\/plan\u0161etiniu kompiuteriu) - i\u0161manieji\"><\/p>\n<p>AI i\u0161manusis asistentasAI dialogasVertimas realiuoju laikuNuotrauk\u0173 atpa\u017einimasKalbos pastabos<\/p>\n<p><img decoding=\"async\" src=\"https:\/\/img.kwcdn.com\/product\/fancy\/e7c09319-01e6-49ab-b155-e6e33dbd9e6f.jpg\" alt=\"SHEMOS I\u0161manieji akiniai su \/ HD AI kamera, realaus laiko vertimo akiniai, ic - belaid\u017eiai akiniai, 8 val., - purtymo ir \u017eingsnio\/atstumo seklys \/ (suderinami su telefonu\/plan\u0161etiniu kompiuteriu) - i\u0161manieji\"><img decoding=\"async\" src=\"https:\/\/img.kwcdn.com\/product\/fancy\/54ed1480-ead2-4f8c-b649-0efd0237b872.jpg\" alt=\"SHEMOS I\u0161manieji akiniai su \/ HD AI kamera, realaus laiko vertimo akiniai, ic - belaid\u017eiai akiniai, 8 val., - purtymo ir \u017eingsnio\/atstumo seklys \/ (suderinami su telefonu\/plan\u0161etiniu kompiuteriu) - i\u0161manieji\"><\/p>\n<p>Atsparus sukr\u0117timams lustas! Net fotografuojant judant, vaizdas yra stabilus ir nesuskaidytas<\/p>\n<p>Pilnas akumuliatoriaus \u012fkrovimas Klausykit\u0117s 3 valandas 3 valandos skambu\u010di\u0173 Kasdienis akumuliatoriaus veikimo laikas 8 valandos<\/p>\n<p><img decoding=\"async\" src=\"https:\/\/img.kwcdn.com\/product\/fancy\/184e8561-575e-4eca-883e-172b7f2f0a00.jpg\" alt=\"SHEMOS I\u0161manieji akiniai su \/ HD AI kamera, realaus laiko vertimo akiniai, ic - belaid\u017eiai akiniai, 8 val., - purtymo ir \u017eingsnio\/atstumo seklys \/ (suderinami su telefonu\/plan\u0161etiniu kompiuteriu) - i\u0161manieji\"><\/p>\n<p>Automati\u0161kai aptinka ne\u0161iojimo veiksm\u0105, nusiimkite akinius ir miegokite automati\u0161kai, bei ilgesnis baterijos veikimo laikas<\/p>\n<p><img decoding=\"async\" src=\"https:\/\/img.kwcdn.com\/product\/fancy\/4e14bb85-efeb-4a58-84de-36438f5aa3a2.jpg\" alt=\"SHEMOS I\u0161manieji akiniai su \/ HD AI kamera, realaus laiko vertimo akiniai, ic - belaid\u017eiai akiniai, 8 val., - purtymo ir \u017eingsnio\/atstumo seklys \/ (suderinami su telefonu\/plan\u0161etiniu kompiuteriu) - i\u0161manieji\"><img decoding=\"async\" src=\"https:\/\/img.kwcdn.com\/product\/fancy\/d4a1ea54-4a5d-4f30-ad75-e65660a27a9d.jpg\" alt=\"SHEMOS I\u0161manieji akiniai su \/ HD AI kamera, realaus laiko vertimo akiniai, ic - belaid\u017eiai akiniai, 8 val., - purtymo ir \u017eingsnio\/atstumo seklys \/ (suderinami su telefonu\/plan\u0161etiniu kompiuteriu) - i\u0161manieji\"><img decoding=\"async\" src=\"https:\/\/img.kwcdn.com\/product\/fancy\/8f5e2d67-5afe-4bf1-80a9-74b427f62a2c.jpg\" alt=\"SHEMOS I\u0161manieji akiniai su \/ HD AI kamera, realaus laiko vertimo akiniai, ic - belaid\u017eiai akiniai, 8 val., - purtymo ir \u017eingsnio\/atstumo seklys \/ (suderinami su telefonu\/plan\u0161etiniu kompiuteriu) - i\u0161manieji\"><img decoding=\"async\" src=\"https:\/\/img.kwcdn.com\/product\/fancy\/984cc0c4-81f9-461b-bb46-56074e8764b5.jpg\" alt=\"SHEMOS I\u0161manieji akiniai su \/ HD AI kamera, realaus laiko vertimo akiniai, ic - belaid\u017eiai akiniai, 8 val., - purtymo ir \u017eingsnio\/atstumo seklys \/ (suderinami su telefonu\/plan\u0161etiniu kompiuteriu) - i\u0161manieji\"><img decoding=\"async\" src=\"https:\/\/img.kwcdn.com\/product\/fancy\/19bc8023-bf20-4749-a2c4-4879dcd36b64.jpg\" alt=\"SHEMOS I\u0161manieji akiniai su \/ HD AI kamera, realaus laiko vertimo akiniai, ic - belaid\u017eiai akiniai, 8 val., - purtymo ir \u017eingsnio\/atstumo seklys \/ (suderinami su telefonu\/plan\u0161etiniu kompiuteriu) - i\u0161manieji\"><img decoding=\"async\" src=\"https:\/\/img.kwcdn.com\/product\/fancy\/492adc3c-f2ca-43b0-95ab-6c1c79707811.jpg\" alt=\"SHEMOS I\u0161manieji akiniai su \/ HD AI kamera, realaus laiko vertimo akiniai, ic - belaid\u017eiai akiniai, 8 val., - purtymo ir \u017eingsnio\/atstumo seklys \/ (suderinami su telefonu\/plan\u0161etiniu kompiuteriu) - i\u0161manieji\"><img decoding=\"async\" src=\"https:\/\/img.kwcdn.com\/product\/fancy\/77316bf6-fb87-4a9d-87e9-ed9de9a8b71f.jpg\" alt=\"SHEMOS I\u0161manieji akiniai su \/ HD AI kamera, realaus laiko vertimo akiniai, ic - belaid\u017eiai akiniai, 8 val., - purtymo ir \u017eingsnio\/atstumo seklys \/ (suderinami su telefonu\/plan\u0161etiniu kompiuteriu) - i\u0161manieji\"><img decoding=\"async\" src=\"https:\/\/img.kwcdn.com\/product\/fancy\/498ed423-8cf8-4bbb-85e9-7c616dda2400.jpg\" alt=\"SHEMOS I\u0161manieji akiniai su \/ HD AI kamera, realaus laiko vertimo akiniai, ic - belaid\u017eiai akiniai, 8 val., - purtymo ir \u017eingsnio\/atstumo seklys \/ (suderinami su telefonu\/plan\u0161etiniu kompiuteriu) - i\u0161manieji\"><img decoding=\"async\" src=\"https:\/\/img.kwcdn.com\/product\/fancy\/498ed423-8cf8-4bbb-85e9-7c616dda2400.jpg\" alt=\"SHEMOS I\u0161manieji akiniai su \/ HD AI kamera, realaus laiko vertimo akiniai, ic - belaid\u017eiai akiniai, 8 val., - purtymo ir \u017eingsnio\/atstumo seklys \/ (suderinami su telefonu\/plan\u0161etiniu kompiuteriu) - i\u0161manieji\"><\/p>","protected":false},"excerpt":{"rendered":"<p>Maitinimo re\u017eimas: USB Darbin\u0117 \u012ftampa: \u226436 V Baterijos savyb\u0117s: \u012ekraunama baterija \u012ekraunama baterija: Li\u010dio baterija-polimeras Ry\u0161io technologija: belaidis Pagrindin\u0117 med\u017eiaga: PC Rekomenduojamas naudojimas: i\u0161maniesiems telefonams ar plan\u0161etiniams kompiuteriams Belaid\u017eio ry\u0161io technologija: belaidis, belaidis internetas Prek\u0117s \u017eenklas: SHEMOS Belaid\u017eio ry\u0161io savyb\u0117: belaidis \u012evesties produkto \u012fkrovimo jungtis: Palaiko tik magnetin\u012f \u012fkrovim\u0105 Prek\u0117s ID: MX5665420 Kilm\u0117: Guangdong, Kinija [&hellip;]<\/p>\n","protected":false},"featured_media":6407,"comment_status":"open","ping_status":"closed","template":"","meta":[],"product_brand":[],"product_cat":[23],"product_tag":[],"class_list":{"0":"post-6406","1":"product","2":"type-product","3":"status-publish","4":"has-post-thumbnail","6":"product_cat-ismanieji-prietaisai","8":"first","9":"instock","10":"sale","11":"shipping-taxable","12":"purchasable","13":"product-type-simple"},"_links":{"self":[{"href":"https:\/\/topsmart.store\/en\/wp-json\/wp\/v2\/product\/6406","targetHints":{"allow":["GET"]}}],"collection":[{"href":"https:\/\/topsmart.store\/en\/wp-json\/wp\/v2\/product"}],"about":[{"href":"https:\/\/topsmart.store\/en\/wp-json\/wp\/v2\/types\/product"}],"replies":[{"embeddable":true,"href":"https:\/\/topsmart.store\/en\/wp-json\/wp\/v2\/comments?post=6406"}],"wp:featuredmedia":[{"embeddable":true,"href":"https:\/\/topsmart.store\/en\/wp-json\/wp\/v2\/media\/6407"}],"wp:attachment":[{"href":"https:\/\/topsmart.store\/en\/wp-json\/wp\/v2\/media?parent=6406"}],"wp:term":[{"taxonomy":"product_brand","embeddable":true,"href":"https:\/\/topsmart.store\/en\/wp-json\/wp\/v2\/product_brand?post=6406"},{"taxonomy":"product_cat","embeddable":true,"href":"https:\/\/topsmart.store\/en\/wp-json\/wp\/v2\/product_cat?post=6406"},{"taxonomy":"product_tag","embeddable":true,"href":"https:\/\/topsmart.store\/en\/wp-json\/wp\/v2\/product_tag?post=6406"}],"curies":[{"name":"wp","href":"https:\/\/api.w.org\/{rel}","templated":true}]}}