{"id":6412,"date":"2026-04-24T19:05:58","date_gmt":"2026-04-24T17:05:58","guid":{"rendered":"https:\/\/topsmart.store\/product\/aukstos-klases-3d-vr-akiniai-premium-vr-ausines-110-itraukiantis-vaizdas-600-trumparei-reguliavimas-dvigubas-valdymo-mechanizmas-ideali-dovana-poroms-megst\/"},"modified":"2026-04-24T19:17:47","modified_gmt":"2026-04-24T17:17:47","slug":"aukstos-klases-3d-vr-akiniai-premium-vr-ausines-110-itraukiantis-vaizdas-600-trumparei-reguliavimas-dvigubas-valdymo-mechanizmas-ideali-dovana-poroms-megst","status":"publish","type":"product","link":"https:\/\/topsmart.store\/en\/product\/aukstos-klases-3d-vr-akiniai-premium-vr-ausines-110-itraukiantis-vaizdas-600-trumparei-reguliavimas-dvigubas-valdymo-mechanizmas-ideali-dovana-poroms-megst\/","title":{"rendered":"High-end 3D VR Glasses - Premium VR Headset - 110\u00b0 immersive view, 600\u00b0 short-range adjustment, dual control mechanism - ideal gift for couples who love movies"},"content":{"rendered":"<p>Jungties tipas: 3,5 mm lizdas<\/p>\n<p>Jutikli\u0173 technologija: Artumo<\/p>\n<p>Atsparumas vandeniui: Neatsparus vandeniui<\/p>\n<p>Suderinama operacin\u0117 sistema: FireOS<\/p>\n<p>Baterijos savyb\u0117s: Be baterijos<\/p>\n<p>Ry\u0161ys: laidinis<\/p>\n<p>Belaid\u017eio ry\u0161io savyb\u0117: belaidis<\/p>\n<p>\u012evesties produkto \u012fkrovimo lizdas: \u012ekrovimo funkcija neveikia.<\/p>\n<p>Maitinimo re\u017eimas: Maitinamas baterijomis<\/p>\n<p>Working voltage: \u226436V<\/p>\n<p>Sud\u0117tyje yra elektronini\u0173 komponent\u0173\/pagrindini\u0173 plok\u0161\u010di\u0173: Yra elektronini\u0173 komponent\u0173 arba pagrindini\u0173 plok\u0161\u010di\u0173<\/p>\n<p>Prek\u0117s ID: RH5844658<\/p>\n<p>Kilm\u0117: Guangdong, Kinija<\/p>\n<p><img decoding=\"async\" src=\"https:\/\/img.kwcdn.com\/product\/fancy\/186d05ef-27b7-4976-88f8-79bd771ac0e4.jpg\" alt=\"Auk\u0161tos klas\u0117s 3D VR akiniai \u2013 Premium VR ausin\u0117s \u2013 110\u00b0 \u012ftraukiantis vaizdas, 600\u00b0 trumparei reguliavimas, dvigubas valdymo mechanizmas \u2013 ideali dovana poroms, m\u0117gstantiems filmus\"><img decoding=\"async\" src=\"https:\/\/img.kwcdn.com\/product\/fancy\/dd6a1819-180d-4c34-a97d-7563b64eb58b.jpg\" alt=\"Auk\u0161tos klas\u0117s 3D VR akiniai \u2013 Premium VR ausin\u0117s \u2013 110\u00b0 \u012ftraukiantis vaizdas, 600\u00b0 trumparei reguliavimas, dvigubas valdymo mechanizmas \u2013 ideali dovana poroms, m\u0117gstantiems filmus\"><img decoding=\"async\" src=\"https:\/\/img.kwcdn.com\/product\/fancy\/b0d8b3b8-51a8-4405-b3a9-7c7eb8fdb2b7.jpg\" alt=\"Auk\u0161tos klas\u0117s 3D VR akiniai \u2013 Premium VR ausin\u0117s \u2013 110\u00b0 \u012ftraukiantis vaizdas, 600\u00b0 trumparei reguliavimas, dvigubas valdymo mechanizmas \u2013 ideali dovana poroms, m\u0117gstantiems filmus\"><img decoding=\"async\" src=\"https:\/\/img.kwcdn.com\/product\/fancy\/42e0a4eb-1760-4a25-9b86-f2cde027e6a4.jpg\" alt=\"Auk\u0161tos klas\u0117s 3D VR akiniai \u2013 Premium VR ausin\u0117s \u2013 110\u00b0 \u012ftraukiantis vaizdas, 600\u00b0 trumparei reguliavimas, dvigubas valdymo mechanizmas \u2013 ideali dovana poroms, m\u0117gstantiems filmus\"><\/p>","protected":false},"excerpt":{"rendered":"<p>Jungties tipas: 3,5 mm lizdas Jutikli\u0173 technologija: Artumo Atsparumas vandeniui: Neatsparus vandeniui Suderinama operacin\u0117 sistema: FireOS Baterijos savyb\u0117s: Be baterijos Ry\u0161ys: laidinis Belaid\u017eio ry\u0161io savyb\u0117: belaidis \u012evesties produkto \u012fkrovimo lizdas: \u012ekrovimo funkcija neveikia. Maitinimo re\u017eimas: Maitinamas baterijomis Darbin\u0117 \u012ftampa: \u226436V Sud\u0117tyje yra elektronini\u0173 komponent\u0173\/pagrindini\u0173 plok\u0161\u010di\u0173: Yra elektronini\u0173 komponent\u0173 arba pagrindini\u0173 plok\u0161\u010di\u0173 Prek\u0117s ID: RH5844658 Kilm\u0117: [&hellip;]<\/p>\n","protected":false},"featured_media":6413,"comment_status":"open","ping_status":"closed","template":"","meta":[],"product_brand":[],"product_cat":[23],"product_tag":[],"class_list":{"0":"post-6412","1":"product","2":"type-product","3":"status-publish","4":"has-post-thumbnail","6":"product_cat-ismanieji-prietaisai","8":"first","9":"instock","10":"sale","11":"shipping-taxable","12":"purchasable","13":"product-type-simple"},"_links":{"self":[{"href":"https:\/\/topsmart.store\/en\/wp-json\/wp\/v2\/product\/6412","targetHints":{"allow":["GET"]}}],"collection":[{"href":"https:\/\/topsmart.store\/en\/wp-json\/wp\/v2\/product"}],"about":[{"href":"https:\/\/topsmart.store\/en\/wp-json\/wp\/v2\/types\/product"}],"replies":[{"embeddable":true,"href":"https:\/\/topsmart.store\/en\/wp-json\/wp\/v2\/comments?post=6412"}],"wp:featuredmedia":[{"embeddable":true,"href":"https:\/\/topsmart.store\/en\/wp-json\/wp\/v2\/media\/6413"}],"wp:attachment":[{"href":"https:\/\/topsmart.store\/en\/wp-json\/wp\/v2\/media?parent=6412"}],"wp:term":[{"taxonomy":"product_brand","embeddable":true,"href":"https:\/\/topsmart.store\/en\/wp-json\/wp\/v2\/product_brand?post=6412"},{"taxonomy":"product_cat","embeddable":true,"href":"https:\/\/topsmart.store\/en\/wp-json\/wp\/v2\/product_cat?post=6412"},{"taxonomy":"product_tag","embeddable":true,"href":"https:\/\/topsmart.store\/en\/wp-json\/wp\/v2\/product_tag?post=6412"}],"curies":[{"name":"wp","href":"https:\/\/api.w.org\/{rel}","templated":true}]}}