{"id":6417,"date":"2026-04-24T19:06:11","date_gmt":"2026-04-24T17:06:11","guid":{"rendered":"https:\/\/topsmart.store\/product\/ismanusis-kalbos-vertintojas-su-nuotrauku-vertimu-18-neprisijungusiu-kalbu-138-prisijungusiu-kalbu-idealus-verslui-biurui-ir-kelionems-uzsienyje\/"},"modified":"2026-04-24T19:18:12","modified_gmt":"2026-04-24T17:18:12","slug":"ismanusis-kalbos-vertintojas-su-nuotrauku-vertimu-18-neprisijungusiu-kalbu-138-prisijungusiu-kalbu-idealus-verslui-biurui-ir-kelionems-uzsienyje","status":"publish","type":"product","link":"https:\/\/topsmart.store\/en\/product\/ismanusis-kalbos-vertintojas-su-nuotrauku-vertimu-18-neprisijungusiu-kalbu-138-prisijungusiu-kalbu-idealus-verslui-biurui-ir-kelionems-uzsienyje\/","title":{"rendered":"Smart language translator with photo translation, 18 offline languages, 138 online languages, ideal for business, office and foreign travel"},"content":{"rendered":"<p>Maitinimo re\u017eimas: \u012fkrovimas per USB<\/p>\n<p>Darbin\u0117 \u012ftampa: \u226436 V<\/p>\n<p>Baterijos savyb\u0117s: \u012ekraunama baterija<\/p>\n<p>\u012ekraunama baterija: Li\u010dio baterijos \u2013 kita serija<\/p>\n<p>Belaid\u017eio ry\u0161io savyb\u0117: bevielis<\/p>\n<p>Brand: VORMOR<\/p>\n<p>Sud\u0117tyje yra elektronini\u0173 komponent\u0173\/pagrindini\u0173 plok\u0161\u010di\u0173: Yra elektronini\u0173 komponent\u0173 arba pagrindini\u0173 plok\u0161\u010di\u0173<\/p>\n<p>Battery capacity (mAh): 1200<\/p>\n<p>\u012ekrovimo jungtis: \u012ekrovimas per C tipo jungt\u012f<\/p>\n<p>Ar palaiko koordinuot\u0105 greit\u0105 \u012fkrovim\u0105?: Ne<\/p>\n<p>Ar \u012f komplekt\u0105 \u012feina \u012fkroviklis?: Ne<\/p>\n<p>Did\u017eiausia vardin\u0117 galia: 5 W<\/p>\n<p>Ma\u017eiausia vardin\u0117 galia: 1 W<\/p>\n<p>Prek\u0117s ID: RN10457518<\/p>\n<p>Kilm\u0117: Guangdong, Kinija<\/p>\n<p>Produkto parametrai: Tinklo re\u017eimas: wifi\/kar\u0161tasis ta\u0161kas\/neprisijung\u0119s Sistema: V-OS 8.1 Rezoliucija: 480*854, I\u0161vestis: Baterija: 1200mAh, I\u0161\u0117jimas: Bud\u0117jimo laikas: 15 dien\u0173 Naudojimo laikas: 5\u20137 val. Produkto matmenys: 118*55*11 mm Balso vertimas: 17 neprisijungus ir 138 prisijungus 75 r\u016b\u0161ys internete, 40 r\u016b\u0161ys neprisijungus \u012era\u0161ymas: Palaikoma, I\u0161vestis: \u201eBluetooth\u201c: Palaikoma, I\u0161vestis:<\/p>\n<p><img decoding=\"async\" src=\"https:\/\/img.kwcdn.com\/product\/open\/5c69b0109b004c7e989cf6d8a879e0ae-goods.jpeg\" alt=\"I\u0161manusis kalbos vertintojas su nuotrauk\u0173 vertimu, 18 neprisijungusi\u0173 kalb\u0173, 138 prisijungusi\u0173 kalb\u0173, idealus verslui, biurui ir kelion\u0117ms u\u017esienyje\"><\/p>","protected":false},"excerpt":{"rendered":"<p>Maitinimo re\u017eimas: \u012fkrovimas per USB Darbin\u0117 \u012ftampa: \u226436 V Baterijos savyb\u0117s: \u012ekraunama baterija \u012ekraunama baterija: Li\u010dio baterijos \u2013 kita serija Belaid\u017eio ry\u0161io savyb\u0117: bevielis Prek\u0117s \u017eenklas: VORMOR Sud\u0117tyje yra elektronini\u0173 komponent\u0173\/pagrindini\u0173 plok\u0161\u010di\u0173: Yra elektronini\u0173 komponent\u0173 arba pagrindini\u0173 plok\u0161\u010di\u0173 Akumuliatoriaus talpa (mAh): 1200 \u012ekrovimo jungtis: \u012ekrovimas per C tipo jungt\u012f Ar palaiko koordinuot\u0105 greit\u0105 \u012fkrovim\u0105?: Ne [&hellip;]<\/p>\n","protected":false},"featured_media":6418,"comment_status":"open","ping_status":"closed","template":"","meta":[],"product_brand":[],"product_cat":[23],"product_tag":[],"class_list":{"0":"post-6417","1":"product","2":"type-product","3":"status-publish","4":"has-post-thumbnail","6":"product_cat-ismanieji-prietaisai","8":"first","9":"instock","10":"sale","11":"shipping-taxable","12":"purchasable","13":"product-type-simple"},"_links":{"self":[{"href":"https:\/\/topsmart.store\/en\/wp-json\/wp\/v2\/product\/6417","targetHints":{"allow":["GET"]}}],"collection":[{"href":"https:\/\/topsmart.store\/en\/wp-json\/wp\/v2\/product"}],"about":[{"href":"https:\/\/topsmart.store\/en\/wp-json\/wp\/v2\/types\/product"}],"replies":[{"embeddable":true,"href":"https:\/\/topsmart.store\/en\/wp-json\/wp\/v2\/comments?post=6417"}],"wp:featuredmedia":[{"embeddable":true,"href":"https:\/\/topsmart.store\/en\/wp-json\/wp\/v2\/media\/6418"}],"wp:attachment":[{"href":"https:\/\/topsmart.store\/en\/wp-json\/wp\/v2\/media?parent=6417"}],"wp:term":[{"taxonomy":"product_brand","embeddable":true,"href":"https:\/\/topsmart.store\/en\/wp-json\/wp\/v2\/product_brand?post=6417"},{"taxonomy":"product_cat","embeddable":true,"href":"https:\/\/topsmart.store\/en\/wp-json\/wp\/v2\/product_cat?post=6417"},{"taxonomy":"product_tag","embeddable":true,"href":"https:\/\/topsmart.store\/en\/wp-json\/wp\/v2\/product_tag?post=6417"}],"curies":[{"name":"wp","href":"https:\/\/api.w.org\/{rel}","templated":true}]}}