{"id":6423,"date":"2026-04-24T19:06:21","date_gmt":"2026-04-24T17:06:21","guid":{"rendered":"https:\/\/topsmart.store\/product\/kalbu-vertimo-irenginys-su-4g-pasauliniu-tinklu-ai-vertejas-pagal-chatgpt-16gb-atmintis-palaiko-148-kalbas-realiojo-laiko-dvieju-krypciu-online-neprisijungus-nuotraukos-balsas-vertimas\/"},"modified":"2026-04-24T19:18:44","modified_gmt":"2026-04-24T17:18:44","slug":"kalbu-vertimo-irenginys-su-4g-pasauliniu-tinklu-ai-vertejas-pagal-chatgpt-16gb-atmintis-palaiko-148-kalbas-realiojo-laiko-dvieju-krypciu-online-neprisijungus-nuotraukos-balsas-vertimas","status":"publish","type":"product","link":"https:\/\/topsmart.store\/en\/product\/kalbu-vertimo-irenginys-su-4g-pasauliniu-tinklu-ai-vertejas-pagal-chatgpt-16gb-atmintis-palaiko-148-kalbas-realiojo-laiko-dvieju-krypciu-online-neprisijungus-nuotraukos-balsas-vertimas\/","title":{"rendered":"Language Translation Device with 4G Global Network, AI Translator by ChatGPT, 16GB Memory, Supports 148 Languages, Real-Time Two-Way Online\/Offline\/Photo\/Voice Translation"},"content":{"rendered":"<p>Maitinimo re\u017eimas: \u012fkrovimas per USB<\/p>\n<p>Darbin\u0117 \u012ftampa: \u226436 V<\/p>\n<p>Baterijos savyb\u0117s: \u012ekraunama baterija<\/p>\n<p>\u012ekraunama baterija: Li\u010dio-polimerin\u0117 baterija<\/p>\n<p>Belaid\u017eio ry\u0161io savyb\u0117s: Su Wi-Fi funkcija<\/p>\n<p>Sud\u0117tyje yra elektronini\u0173 komponent\u0173\/pagrindini\u0173 plok\u0161\u010di\u0173: Yra elektronini\u0173 komponent\u0173 arba pagrindini\u0173 plok\u0161\u010di\u0173<\/p>\n<p>Akumuliatoriaus talpa (mAh): 1500<\/p>\n<p>\u012evesties produkto \u012fkrovimo jungtis: \u012ekrovimas per C tipo jungt\u012f<\/p>\n<p>Ar palaiko koordinuot\u0105 greit\u0105 \u012fkrovim\u0105?: Ne<\/p>\n<p>Ar \u012f komplekt\u0105 \u012feina \u012fkroviklis?: Ne<\/p>\n<p>Did\u017eiausia vardin\u0117 galia: 5 W<\/p>\n<p>Ma\u017eiausia nominali galia: 2,5 W<\/p>\n<p>Prek\u0117s ID: KU4039359<\/p>\n<p>Kilm\u0117: Guangdongas, Kinija<\/p>\n<p><img decoding=\"async\" src=\"https:\/\/img.kwcdn.com\/product\/fancy\/df292be3-de27-4e58-9dd7-c975aaeb4c3d.jpg\" alt=\"Kalb\u0173 Vertimo \u012erenginys su 4G Pasauliniu Tinklu, AI Vert\u0117jas pagal ChatGPT, 16GB Atmintis, Palaiko 148 Kalbas, Realiojo Laiko Dviej\u0173 Kryp\u010di\u0173 Online\/Neprisijungus\/Nuotraukos\/Balsas Vertimas\"><img decoding=\"async\" src=\"https:\/\/img.kwcdn.com\/product\/fancy\/e6f25ce0-b711-40ec-98f7-42e598319a41.jpg\" alt=\"Kalb\u0173 Vertimo \u012erenginys su 4G Pasauliniu Tinklu, AI Vert\u0117jas pagal ChatGPT, 16GB Atmintis, Palaiko 148 Kalbas, Realiojo Laiko Dviej\u0173 Kryp\u010di\u0173 Online\/Neprisijungus\/Nuotraukos\/Balsas Vertimas\"><img decoding=\"async\" src=\"https:\/\/img.kwcdn.com\/product\/fancy\/9778a69c-a0e2-4e2f-9ad4-949a61b31df8.jpg\" alt=\"Kalb\u0173 Vertimo \u012erenginys su 4G Pasauliniu Tinklu, AI Vert\u0117jas pagal ChatGPT, 16GB Atmintis, Palaiko 148 Kalbas, Realiojo Laiko Dviej\u0173 Kryp\u010di\u0173 Online\/Neprisijungus\/Nuotraukos\/Balsas Vertimas\"><img decoding=\"async\" src=\"https:\/\/img.kwcdn.com\/product\/fancy\/b343923b-e49d-4fbc-9e49-bb9d99fd3015.jpg\" alt=\"Kalb\u0173 Vertimo \u012erenginys su 4G Pasauliniu Tinklu, AI Vert\u0117jas pagal ChatGPT, 16GB Atmintis, Palaiko 148 Kalbas, Realiojo Laiko Dviej\u0173 Kryp\u010di\u0173 Online\/Neprisijungus\/Nuotraukos\/Balsas Vertimas\"><img decoding=\"async\" src=\"https:\/\/img.kwcdn.com\/product\/fancy\/782d3bc9-9bde-4996-be1e-b058576fad67.jpg\" alt=\"Kalb\u0173 Vertimo \u012erenginys su 4G Pasauliniu Tinklu, AI Vert\u0117jas pagal ChatGPT, 16GB Atmintis, Palaiko 148 Kalbas, Realiojo Laiko Dviej\u0173 Kryp\u010di\u0173 Online\/Neprisijungus\/Nuotraukos\/Balsas Vertimas\"><img decoding=\"async\" src=\"https:\/\/img.kwcdn.com\/product\/fancy\/8ca96f23-37fb-4f30-b5f4-30bf00cf67ce.jpg\" alt=\"Kalb\u0173 Vertimo \u012erenginys su 4G Pasauliniu Tinklu, AI Vert\u0117jas pagal ChatGPT, 16GB Atmintis, Palaiko 148 Kalbas, Realiojo Laiko Dviej\u0173 Kryp\u010di\u0173 Online\/Neprisijungus\/Nuotraukos\/Balsas Vertimas\"><img decoding=\"async\" src=\"https:\/\/img.kwcdn.com\/product\/fancy\/42ad73c3-0720-4d3d-8041-9b4f068d660b.jpg\" alt=\"Kalb\u0173 Vertimo \u012erenginys su 4G Pasauliniu Tinklu, AI Vert\u0117jas pagal ChatGPT, 16GB Atmintis, Palaiko 148 Kalbas, Realiojo Laiko Dviej\u0173 Kryp\u010di\u0173 Online\/Neprisijungus\/Nuotraukos\/Balsas Vertimas\"><img decoding=\"async\" src=\"https:\/\/img.kwcdn.com\/product\/fancy\/2b11096e-46bf-483b-b8ba-6811e2d19764.jpg\" alt=\"Kalb\u0173 Vertimo \u012erenginys su 4G Pasauliniu Tinklu, AI Vert\u0117jas pagal ChatGPT, 16GB Atmintis, Palaiko 148 Kalbas, Realiojo Laiko Dviej\u0173 Kryp\u010di\u0173 Online\/Neprisijungus\/Nuotraukos\/Balsas Vertimas\"><img decoding=\"async\" src=\"https:\/\/img.kwcdn.com\/product\/fancy\/74cfeacf-e7f2-47b8-975d-7343c904f66b.jpg\" alt=\"Kalb\u0173 Vertimo \u012erenginys su 4G Pasauliniu Tinklu, AI Vert\u0117jas pagal ChatGPT, 16GB Atmintis, Palaiko 148 Kalbas, Realiojo Laiko Dviej\u0173 Kryp\u010di\u0173 Online\/Neprisijungus\/Nuotraukos\/Balsas Vertimas\"><\/p>","protected":false},"excerpt":{"rendered":"<p>Maitinimo re\u017eimas: \u012fkrovimas per USB Darbin\u0117 \u012ftampa: \u226436 V Baterijos savyb\u0117s: \u012ekraunama baterija \u012ekraunama baterija: Li\u010dio-polimerin\u0117 baterija Belaid\u017eio ry\u0161io savyb\u0117s: Su Wi-Fi funkcija Sud\u0117tyje yra elektronini\u0173 komponent\u0173\/pagrindini\u0173 plok\u0161\u010di\u0173: Yra elektronini\u0173 komponent\u0173 arba pagrindini\u0173 plok\u0161\u010di\u0173 Akumuliatoriaus talpa (mAh): 1500 \u012evesties produkto \u012fkrovimo jungtis: \u012ekrovimas per C tipo jungt\u012f Ar palaiko koordinuot\u0105 greit\u0105 \u012fkrovim\u0105?: Ne Ar \u012f [&hellip;]<\/p>\n","protected":false},"featured_media":6424,"comment_status":"open","ping_status":"closed","template":"","meta":[],"product_brand":[],"product_cat":[23],"product_tag":[],"class_list":{"0":"post-6423","1":"product","2":"type-product","3":"status-publish","4":"has-post-thumbnail","6":"product_cat-ismanieji-prietaisai","8":"first","9":"instock","10":"sale","11":"shipping-taxable","12":"purchasable","13":"product-type-simple"},"_links":{"self":[{"href":"https:\/\/topsmart.store\/en\/wp-json\/wp\/v2\/product\/6423","targetHints":{"allow":["GET"]}}],"collection":[{"href":"https:\/\/topsmart.store\/en\/wp-json\/wp\/v2\/product"}],"about":[{"href":"https:\/\/topsmart.store\/en\/wp-json\/wp\/v2\/types\/product"}],"replies":[{"embeddable":true,"href":"https:\/\/topsmart.store\/en\/wp-json\/wp\/v2\/comments?post=6423"}],"wp:featuredmedia":[{"embeddable":true,"href":"https:\/\/topsmart.store\/en\/wp-json\/wp\/v2\/media\/6424"}],"wp:attachment":[{"href":"https:\/\/topsmart.store\/en\/wp-json\/wp\/v2\/media?parent=6423"}],"wp:term":[{"taxonomy":"product_brand","embeddable":true,"href":"https:\/\/topsmart.store\/en\/wp-json\/wp\/v2\/product_brand?post=6423"},{"taxonomy":"product_cat","embeddable":true,"href":"https:\/\/topsmart.store\/en\/wp-json\/wp\/v2\/product_cat?post=6423"},{"taxonomy":"product_tag","embeddable":true,"href":"https:\/\/topsmart.store\/en\/wp-json\/wp\/v2\/product_tag?post=6423"}],"curies":[{"name":"wp","href":"https:\/\/api.w.org\/{rel}","templated":true}]}}