{"id":6431,"date":"2026-04-24T19:06:33","date_gmt":"2026-04-24T17:06:33","guid":{"rendered":"https:\/\/topsmart.store\/product\/vr-akiniai-2026-metaverse-social-gaming-vr-ausines-lengvas-dizainas-ultra-hd-kokybe-dvigubas-ekranas-itraukianciai-vizualinei-patirciai\/"},"modified":"2026-04-24T19:19:27","modified_gmt":"2026-04-24T17:19:27","slug":"vr-akiniai-2026-metaverse-social-gaming-vr-ausines-lengvas-dizainas-ultra-hd-kokybe-dvigubas-ekranas-itraukianciai-vizualinei-patirciai","status":"publish","type":"product","link":"https:\/\/topsmart.store\/en\/product\/vr-akiniai-2026-metaverse-social-gaming-vr-ausines-lengvas-dizainas-ultra-hd-kokybe-dvigubas-ekranas-itraukianciai-vizualinei-patirciai\/","title":{"rendered":"VR Glasses 2026 Metaverse Social + Gaming VR Headset | Lightweight Design, Ultra-HD Quality, Dual Screen for Immersive Visual Experience"},"content":{"rendered":"<p>Baterijos charakteristikos: be baterijos<\/p>\n<p>Maitinimo re\u017eimas: USB<\/p>\n<p>Darbin\u0117 \u012ftampa: \u226436 V<\/p>\n<p>Prek\u0117s ID: FV12926129<\/p>\n<p>Kilm\u0117: Guangdongas, Kinija<\/p>\n<p><img decoding=\"async\" src=\"https:\/\/img.kwcdn.com\/product\/fancy\/cd4f0033-5b7d-42cb-8819-9f9808df8521.jpg\" alt=\"VR akiniai 2026 Metaverse Social + Gaming VR ausin\u0117s | Lengvas dizainas, Ultra-HD kokyb\u0117, Dvigubas ekranas \u012ftraukian\u010diai vizualinei patir\u010diai\"><img decoding=\"async\" src=\"https:\/\/img.kwcdn.com\/product\/fancy\/ac542825-1783-43fb-a08d-9cef949adaf8.jpg\" alt=\"VR akiniai 2026 Metaverse Social + Gaming VR ausin\u0117s | Lengvas dizainas, Ultra-HD kokyb\u0117, Dvigubas ekranas \u012ftraukian\u010diai vizualinei patir\u010diai\"><img decoding=\"async\" src=\"https:\/\/img.kwcdn.com\/product\/fancy\/a2514322-0124-4dd3-97d1-d1e6ec77883f.jpg\" alt=\"VR akiniai 2026 Metaverse Social + Gaming VR ausin\u0117s | Lengvas dizainas, Ultra-HD kokyb\u0117, Dvigubas ekranas \u012ftraukian\u010diai vizualinei patir\u010diai\"><img decoding=\"async\" src=\"https:\/\/img.kwcdn.com\/product\/fancy\/41ff7786-a330-45c4-8fa3-a290f8dcb440.jpg\" alt=\"VR akiniai 2026 Metaverse Social + Gaming VR ausin\u0117s | Lengvas dizainas, Ultra-HD kokyb\u0117, Dvigubas ekranas \u012ftraukian\u010diai vizualinei patir\u010diai\"><\/p>","protected":false},"excerpt":{"rendered":"<p>Baterijos charakteristikos: be baterijos Maitinimo re\u017eimas: USB Darbin\u0117 \u012ftampa: \u226436 V Prek\u0117s ID: FV12926129 Kilm\u0117: Guangdongas, Kinija<\/p>","protected":false},"featured_media":6432,"comment_status":"open","ping_status":"closed","template":"","meta":[],"product_brand":[],"product_cat":[23],"product_tag":[],"class_list":{"0":"post-6431","1":"product","2":"type-product","3":"status-publish","4":"has-post-thumbnail","6":"product_cat-ismanieji-prietaisai","8":"first","9":"instock","10":"sale","11":"shipping-taxable","12":"purchasable","13":"product-type-simple"},"_links":{"self":[{"href":"https:\/\/topsmart.store\/en\/wp-json\/wp\/v2\/product\/6431","targetHints":{"allow":["GET"]}}],"collection":[{"href":"https:\/\/topsmart.store\/en\/wp-json\/wp\/v2\/product"}],"about":[{"href":"https:\/\/topsmart.store\/en\/wp-json\/wp\/v2\/types\/product"}],"replies":[{"embeddable":true,"href":"https:\/\/topsmart.store\/en\/wp-json\/wp\/v2\/comments?post=6431"}],"wp:featuredmedia":[{"embeddable":true,"href":"https:\/\/topsmart.store\/en\/wp-json\/wp\/v2\/media\/6432"}],"wp:attachment":[{"href":"https:\/\/topsmart.store\/en\/wp-json\/wp\/v2\/media?parent=6431"}],"wp:term":[{"taxonomy":"product_brand","embeddable":true,"href":"https:\/\/topsmart.store\/en\/wp-json\/wp\/v2\/product_brand?post=6431"},{"taxonomy":"product_cat","embeddable":true,"href":"https:\/\/topsmart.store\/en\/wp-json\/wp\/v2\/product_cat?post=6431"},{"taxonomy":"product_tag","embeddable":true,"href":"https:\/\/topsmart.store\/en\/wp-json\/wp\/v2\/product_tag?post=6431"}],"curies":[{"name":"wp","href":"https:\/\/api.w.org\/{rel}","templated":true}]}}