{"id":6472,"date":"2026-04-24T19:08:54","date_gmt":"2026-04-24T17:08:54","guid":{"rendered":"https:\/\/topsmart.store\/product\/nesiojamas-kalbos-vertimo-irenginys-su-momentiniu-vertimu-balsu-i-138-kalbas-turintis-dideles-raiskos-jutiklini-ekrana-funkcijas-neprisijungus-ir-nuotrauku-funkcijas-puikiai-tinkantis-kelionems-mo\/"},"modified":"2026-04-24T19:19:04","modified_gmt":"2026-04-24T17:19:04","slug":"nesiojamas-kalbos-vertimo-irenginys-su-momentiniu-vertimu-balsu-i-138-kalbas-turintis-dideles-raiskos-jutiklini-ekrana-funkcijas-neprisijungus-ir-nuotrauku-funkcijas-puikiai-tinkantis-kelionems-mo","status":"publish","type":"product","link":"https:\/\/topsmart.store\/en\/product\/nesiojamas-kalbos-vertimo-irenginys-su-momentiniu-vertimu-balsu-i-138-kalbas-turintis-dideles-raiskos-jutiklini-ekrana-funkcijas-neprisijungus-ir-nuotrauku-funkcijas-puikiai-tinkantis-kelionems-mo\/","title":{"rendered":"A portable language translation device with instant voice translation into 138 languages, featuring a high-resolution touchscreen, offline features, and photo functions, perfect for travel, learning, and business - a great gift for students."},"content":{"rendered":"<p>Brand: VORMOR<\/p>\n<p>Baterijos savyb\u0117s: \u012ekraunama baterija<\/p>\n<p>\u012ekraunama baterija: Li\u010dio-polimerin\u0117 baterija<\/p>\n<p>Maitinimo re\u017eimas: \u012ekrovimas per USB<\/p>\n<p>Darbin\u0117 \u012ftampa: 5 V<\/p>\n<p>Belaid\u017eio ry\u0161io savyb\u0117: Su Wi-Fi funkcija<\/p>\n<p>Baterijos talpa (mAh): 1500<\/p>\n<p>Prek\u0117s numeris: VORMOR-Z8<\/p>\n<p>Prek\u0117s ID: TL2180217<\/p>\n<p>Kilm\u0117: Guangdong, Kinija<\/p>\n<p><img decoding=\"async\" src=\"https:\/\/img.kwcdn.com\/product\/fancy\/9c2585f4-f960-4546-b07c-8be7aeca6dbf.jpg\" alt=\"Ne\u0161iojamas kalbos vertimo \u012frenginys su momentiniu vertimu balsu \u012f 138 kalbas, turintis didel\u0117s rai\u0161kos jutiklin\u012f ekran\u0105, funkcijas neprisijungus ir nuotrauk\u0173 funkcijas, puikiai tinkantis kelion\u0117ms, mokymuisi ir verslui \u2013 puiki dovana studentams.\"><img decoding=\"async\" src=\"https:\/\/img.kwcdn.com\/product\/fancy\/40f487e5-a14d-4aee-9bbf-e3efcd4a7443.jpg\" alt=\"Ne\u0161iojamas kalbos vertimo \u012frenginys su momentiniu vertimu balsu \u012f 138 kalbas, turintis didel\u0117s rai\u0161kos jutiklin\u012f ekran\u0105, funkcijas neprisijungus ir nuotrauk\u0173 funkcijas, puikiai tinkantis kelion\u0117ms, mokymuisi ir verslui \u2013 puiki dovana studentams.\"><img decoding=\"async\" src=\"https:\/\/img.kwcdn.com\/product\/fancy\/251416a1-890f-49fe-a20d-0d8f9a40e57c.jpg\" alt=\"Ne\u0161iojamas kalbos vertimo \u012frenginys su momentiniu vertimu balsu \u012f 138 kalbas, turintis didel\u0117s rai\u0161kos jutiklin\u012f ekran\u0105, funkcijas neprisijungus ir nuotrauk\u0173 funkcijas, puikiai tinkantis kelion\u0117ms, mokymuisi ir verslui \u2013 puiki dovana studentams.\"><img decoding=\"async\" src=\"https:\/\/img.kwcdn.com\/product\/fancy\/f8eb11a9-83fc-447e-95f6-87a46e560c1a.jpg\" alt=\"Ne\u0161iojamas kalbos vertimo \u012frenginys su momentiniu vertimu balsu \u012f 138 kalbas, turintis didel\u0117s rai\u0161kos jutiklin\u012f ekran\u0105, funkcijas neprisijungus ir nuotrauk\u0173 funkcijas, puikiai tinkantis kelion\u0117ms, mokymuisi ir verslui \u2013 puiki dovana studentams.\"><img decoding=\"async\" src=\"https:\/\/img.kwcdn.com\/product\/fancy\/429edd9e-18f1-4fc2-af32-8be695a7c506.jpg\" alt=\"Ne\u0161iojamas kalbos vertimo \u012frenginys su momentiniu vertimu balsu \u012f 138 kalbas, turintis didel\u0117s rai\u0161kos jutiklin\u012f ekran\u0105, funkcijas neprisijungus ir nuotrauk\u0173 funkcijas, puikiai tinkantis kelion\u0117ms, mokymuisi ir verslui \u2013 puiki dovana studentams.\"><img decoding=\"async\" src=\"https:\/\/img.kwcdn.com\/product\/fancyalgo\/toaster-api\/toaster-processor-image-cm2in\/9a457b0a-6b39-11ef-a0f6-0a580a686410.jpg\" alt=\"Ne\u0161iojamas kalbos vertimo \u012frenginys su momentiniu vertimu balsu \u012f 138 kalbas, turintis didel\u0117s rai\u0161kos jutiklin\u012f ekran\u0105, funkcijas neprisijungus ir nuotrauk\u0173 funkcijas, puikiai tinkantis kelion\u0117ms, mokymuisi ir verslui \u2013 puiki dovana studentams.\"><\/p>\n<p>\u0160is vert\u0117jas si\u016blo internetin\u012f vertim\u0105 \u012f 109 kalbas ir turi realaus laiko dvikrypt\u0119 vertimo sistem\u0105, kuri\u0105 palaiko keturi pa\u017eang\u016bs varikliai, naudojant profesional\u0173 neuronin\u012f tinkl\u0105, siekiant didesnio tikslumo. Be to, jis palaiko 12 kalb\u0173, kurias galima naudoti be interneto, ta\u010diau jas reikia atsisi\u0173sti i\u0161 anksto. (Atkreipkite d\u0117mes\u012f: neprisijungus prie interneto naudojami kalb\u0173 paketai skirti tik pagrindinei, kasdieninei komunikacijai.) \u201eSruton Premium\u201c garsiakalbiai ir du mikrofonai.<\/p>\n<p>\u0160is prietaisas si\u016blo vertim\u0105 realiuoju laiku abiem kryptimis, leid\u017eiant jums lengvai bendrauti \u012fvairiomis kalbomis. Jis prisijungia prie vertimo variklio kalbant, pateikdamas atsakymus per ma\u017eiau nei pus\u0119 sekund\u0117s, kad i\u0161 karto pa\u0161alint\u0173 kalbos barjerus. Jame yra jutiklinis ekranas tiek balso, tiek teksto vertimams. Su 98 % tikslumo rodikliu, \u0161is balso vertimo \u012frankis puikiai tinka visiems j\u016bs\u0173 kelioni\u0173 ar verslo poreikiams su \u201eSruton\u201c.<\/p>\n<p>Ne\u0161iojamojo dizaino u\u017etikrinimas: \u0160is momentinis vertimo prietaisas sukurtas atsi\u017evelgiant \u012f ergonomik\u0105. Jo matmenys yra 11,8 x 5,0 x 1,3 cm (4,6 x 2,9 x 0,5 colio) ir svoris 100 gram\u0173\/3,9 uncijos (99,8 gram\u0173). Dviej\u0173 kryp\u010di\u0173 vert\u0117jas turi skland\u017ei\u0105 form\u0105 ir patog\u0173 laikym\u0105. J\u012f lengva ne\u0161iotis kuprin\u0117je ar ki\u0161en\u0117je, tod\u0117l jis puikiai tinka verslo deryboms, angl\u0173 kalbos mokymuisi, kelion\u0117ms, apsipirkimui ir socializacijai.<\/p>","protected":false},"excerpt":{"rendered":"<p>Prek\u0117s \u017eenklas: VORMOR Baterijos savyb\u0117s: \u012ekraunama baterija \u012ekraunama baterija: Li\u010dio-polimerin\u0117 baterija Maitinimo re\u017eimas: \u012ekrovimas per USB Darbin\u0117 \u012ftampa: 5 V Belaid\u017eio ry\u0161io savyb\u0117: Su Wi-Fi funkcija Baterijos talpa (mAh): 1500 Prek\u0117s numeris: VORMOR-Z8 Prek\u0117s ID: TL2180217 Kilm\u0117: Guangdong, Kinija \u0160is vert\u0117jas si\u016blo internetin\u012f vertim\u0105 \u012f 109 kalbas ir turi realaus laiko dvikrypt\u0119 vertimo sistem\u0105, kuri\u0105 [&hellip;]<\/p>\n","protected":false},"featured_media":6473,"comment_status":"open","ping_status":"closed","template":"","meta":[],"product_brand":[],"product_cat":[23],"product_tag":[],"class_list":{"0":"post-6472","1":"product","2":"type-product","3":"status-publish","4":"has-post-thumbnail","6":"product_cat-ismanieji-prietaisai","8":"first","9":"instock","10":"sale","11":"shipping-taxable","12":"purchasable","13":"product-type-simple"},"_links":{"self":[{"href":"https:\/\/topsmart.store\/en\/wp-json\/wp\/v2\/product\/6472","targetHints":{"allow":["GET"]}}],"collection":[{"href":"https:\/\/topsmart.store\/en\/wp-json\/wp\/v2\/product"}],"about":[{"href":"https:\/\/topsmart.store\/en\/wp-json\/wp\/v2\/types\/product"}],"replies":[{"embeddable":true,"href":"https:\/\/topsmart.store\/en\/wp-json\/wp\/v2\/comments?post=6472"}],"wp:featuredmedia":[{"embeddable":true,"href":"https:\/\/topsmart.store\/en\/wp-json\/wp\/v2\/media\/6473"}],"wp:attachment":[{"href":"https:\/\/topsmart.store\/en\/wp-json\/wp\/v2\/media?parent=6472"}],"wp:term":[{"taxonomy":"product_brand","embeddable":true,"href":"https:\/\/topsmart.store\/en\/wp-json\/wp\/v2\/product_brand?post=6472"},{"taxonomy":"product_cat","embeddable":true,"href":"https:\/\/topsmart.store\/en\/wp-json\/wp\/v2\/product_cat?post=6472"},{"taxonomy":"product_tag","embeddable":true,"href":"https:\/\/topsmart.store\/en\/wp-json\/wp\/v2\/product_tag?post=6472"}],"curies":[{"name":"wp","href":"https:\/\/api.w.org\/{rel}","templated":true}]}}