{"id":6474,"date":"2026-04-24T19:08:58","date_gmt":"2026-04-24T17:08:58","guid":{"rendered":"https:\/\/topsmart.store\/product\/znp-skaitmeninis-zenklelis-ai-palydovas-zenklelis-nesiojamas-bluetooth-vertejas-irenginys-vertantis-i-60-kalbu-neprisijunges-prie-interneto-hd-jutiklinis-ekranas-wi-fi-nereikalingas-visu-viena\/"},"modified":"2026-04-24T19:19:36","modified_gmt":"2026-04-24T17:19:36","slug":"znp-skaitmeninis-zenklelis-ai-palydovas-zenklelis-nesiojamas-bluetooth-vertejas-irenginys-vertantis-i-60-kalbu-neprisijunges-prie-interneto-hd-jutiklinis-ekranas-wi-fi-nereikalingas-visu-viena","status":"publish","type":"product","link":"https:\/\/topsmart.store\/en\/product\/znp-skaitmeninis-zenklelis-ai-palydovas-zenklelis-nesiojamas-bluetooth-vertejas-irenginys-vertantis-i-60-kalbu-neprisijunges-prie-interneto-hd-jutiklinis-ekranas-wi-fi-nereikalingas-visu-viena\/","title":{"rendered":"ZNP Digital Badge, AI Companion Badge, Portable Bluetooth Translator, 60 Language Translation Device, Offline, HD Touch Screen, No Wi-Fi Required, All-in-one Assistant for Travel\/Business\/Life"},"content":{"rendered":"<p>Maitinimo re\u017eimas: \u012fkrovimas per USB<\/p>\n<p>Darbin\u0117 \u012ftampa: \u226436 V<\/p>\n<p>Baterijos savyb\u0117s: \u012ekraunama baterija<\/p>\n<p>\u012ekraunama baterija: Li\u010dio-polimerin\u0117 baterija<\/p>\n<p>Belaid\u017eio ry\u0161io savyb\u0117: bevielis<\/p>\n<p>Sud\u0117tyje yra elektronini\u0173 komponent\u0173\/pagrindini\u0173 plok\u0161\u010di\u0173: Yra elektronini\u0173 komponent\u0173 arba pagrindini\u0173 plok\u0161\u010di\u0173<\/p>\n<p>\u012evesties produkto \u012fkrovimo jungtis: \u012ekrovimas per C tipo jungt\u012f<\/p>\n<p>Ar palaiko koordinuot\u0105 greit\u0105 \u012fkrovim\u0105?: Ne<\/p>\n<p>Ar \u012f komplekt\u0105 \u012feina \u012fkroviklis?: Ne<\/p>\n<p>Maksimali vardin\u0117 galia: 3 W<\/p>\n<p>Ma\u017eiausia vardin\u0117 galia: 1 W<\/p>\n<p>Prek\u0117s kodas: 5WMK1572G7<\/p>\n<p>Kilm\u0117: Guangdongas, Kinija<\/p>\n<p><img decoding=\"async\" src=\"https:\/\/img.kwcdn.com\/product\/fancy\/8a06a56d-c05e-42ae-843b-b480b8f2daac.jpg\" alt=\"ZNP Skaitmeninis \u017eenklelis, AI palydovas \u017eenklelis, ne\u0161iojamas Bluetooth vert\u0117jas, \u012frenginys, vertantis \u012f 60 kalb\u0173, neprisijung\u0119s prie interneto, HD jutiklinis ekranas, Wi-Fi nereikalingas, vis\u0173 viename asistentas kelion\u0117ms\/verslui\/gyvenimui\"><img decoding=\"async\" src=\"https:\/\/img.kwcdn.com\/product\/fancy\/42714fa4-9b0b-4e4e-971e-740d0c156bd5.jpg\" alt=\"ZNP Skaitmeninis \u017eenklelis, AI palydovas \u017eenklelis, ne\u0161iojamas Bluetooth vert\u0117jas, \u012frenginys, vertantis \u012f 60 kalb\u0173, neprisijung\u0119s prie interneto, HD jutiklinis ekranas, Wi-Fi nereikalingas, vis\u0173 viename asistentas kelion\u0117ms\/verslui\/gyvenimui\"><img decoding=\"async\" src=\"https:\/\/img.kwcdn.com\/product\/fancy\/0f07ce46-a412-4529-b028-f42bf357cb04.jpg\" alt=\"ZNP Skaitmeninis \u017eenklelis, AI palydovas \u017eenklelis, ne\u0161iojamas Bluetooth vert\u0117jas, \u012frenginys, vertantis \u012f 60 kalb\u0173, neprisijung\u0119s prie interneto, HD jutiklinis ekranas, Wi-Fi nereikalingas, vis\u0173 viename asistentas kelion\u0117ms\/verslui\/gyvenimui\"><img decoding=\"async\" src=\"https:\/\/img.kwcdn.com\/product\/fancy\/49eef910-a167-4707-9561-78619487ee30.jpg\" alt=\"ZNP Skaitmeninis \u017eenklelis, AI palydovas \u017eenklelis, ne\u0161iojamas Bluetooth vert\u0117jas, \u012frenginys, vertantis \u012f 60 kalb\u0173, neprisijung\u0119s prie interneto, HD jutiklinis ekranas, Wi-Fi nereikalingas, vis\u0173 viename asistentas kelion\u0117ms\/verslui\/gyvenimui\"><img decoding=\"async\" src=\"https:\/\/img.kwcdn.com\/product\/fancy\/e201a0cb-4aa7-404a-b261-cdafd4bd458f.jpg\" alt=\"ZNP Skaitmeninis \u017eenklelis, AI palydovas \u017eenklelis, ne\u0161iojamas Bluetooth vert\u0117jas, \u012frenginys, vertantis \u012f 60 kalb\u0173, neprisijung\u0119s prie interneto, HD jutiklinis ekranas, Wi-Fi nereikalingas, vis\u0173 viename asistentas kelion\u0117ms\/verslui\/gyvenimui\"><img decoding=\"async\" src=\"https:\/\/img.kwcdn.com\/product\/fancy\/7378b373-621c-4069-9c58-26930136904f.jpg\" alt=\"ZNP Skaitmeninis \u017eenklelis, AI palydovas \u017eenklelis, ne\u0161iojamas Bluetooth vert\u0117jas, \u012frenginys, vertantis \u012f 60 kalb\u0173, neprisijung\u0119s prie interneto, HD jutiklinis ekranas, Wi-Fi nereikalingas, vis\u0173 viename asistentas kelion\u0117ms\/verslui\/gyvenimui\"><img decoding=\"async\" src=\"https:\/\/img.kwcdn.com\/product\/fancy\/68fa76b3-0acf-4db1-8ce4-e740e1ed9af2.jpg\" alt=\"ZNP Skaitmeninis \u017eenklelis, AI palydovas \u017eenklelis, ne\u0161iojamas Bluetooth vert\u0117jas, \u012frenginys, vertantis \u012f 60 kalb\u0173, neprisijung\u0119s prie interneto, HD jutiklinis ekranas, Wi-Fi nereikalingas, vis\u0173 viename asistentas kelion\u0117ms\/verslui\/gyvenimui\"><img decoding=\"async\" src=\"https:\/\/img.kwcdn.com\/product\/fancy\/9a51441e-9f3c-4556-ba9b-19aceb8d4c55.jpg\" alt=\"ZNP Skaitmeninis \u017eenklelis, AI palydovas \u017eenklelis, ne\u0161iojamas Bluetooth vert\u0117jas, \u012frenginys, vertantis \u012f 60 kalb\u0173, neprisijung\u0119s prie interneto, HD jutiklinis ekranas, Wi-Fi nereikalingas, vis\u0173 viename asistentas kelion\u0117ms\/verslui\/gyvenimui\"><\/p>","protected":false},"excerpt":{"rendered":"<p>Maitinimo re\u017eimas: \u012fkrovimas per USB Darbin\u0117 \u012ftampa: \u226436 V Baterijos savyb\u0117s: \u012ekraunama baterija \u012ekraunama baterija: Li\u010dio-polimerin\u0117 baterija Belaid\u017eio ry\u0161io savyb\u0117: bevielis Sud\u0117tyje yra elektronini\u0173 komponent\u0173\/pagrindini\u0173 plok\u0161\u010di\u0173: Yra elektronini\u0173 komponent\u0173 arba pagrindini\u0173 plok\u0161\u010di\u0173 \u012evesties produkto \u012fkrovimo jungtis: \u012ekrovimas per C tipo jungt\u012f Ar palaiko koordinuot\u0105 greit\u0105 \u012fkrovim\u0105?: Ne Ar \u012f komplekt\u0105 \u012feina \u012fkroviklis?: Ne Maksimali vardin\u0117 [&hellip;]<\/p>\n","protected":false},"featured_media":6476,"comment_status":"open","ping_status":"closed","template":"","meta":[],"product_brand":[],"product_cat":[23],"product_tag":[],"class_list":{"0":"post-6474","1":"product","2":"type-product","3":"status-publish","4":"has-post-thumbnail","6":"product_cat-ismanieji-prietaisai","8":"first","9":"instock","10":"sale","11":"shipping-taxable","12":"purchasable","13":"product-type-simple"},"_links":{"self":[{"href":"https:\/\/topsmart.store\/en\/wp-json\/wp\/v2\/product\/6474","targetHints":{"allow":["GET"]}}],"collection":[{"href":"https:\/\/topsmart.store\/en\/wp-json\/wp\/v2\/product"}],"about":[{"href":"https:\/\/topsmart.store\/en\/wp-json\/wp\/v2\/types\/product"}],"replies":[{"embeddable":true,"href":"https:\/\/topsmart.store\/en\/wp-json\/wp\/v2\/comments?post=6474"}],"wp:featuredmedia":[{"embeddable":true,"href":"https:\/\/topsmart.store\/en\/wp-json\/wp\/v2\/media\/6476"}],"wp:attachment":[{"href":"https:\/\/topsmart.store\/en\/wp-json\/wp\/v2\/media?parent=6474"}],"wp:term":[{"taxonomy":"product_brand","embeddable":true,"href":"https:\/\/topsmart.store\/en\/wp-json\/wp\/v2\/product_brand?post=6474"},{"taxonomy":"product_cat","embeddable":true,"href":"https:\/\/topsmart.store\/en\/wp-json\/wp\/v2\/product_cat?post=6474"},{"taxonomy":"product_tag","embeddable":true,"href":"https:\/\/topsmart.store\/en\/wp-json\/wp\/v2\/product_tag?post=6474"}],"curies":[{"name":"wp","href":"https:\/\/api.w.org\/{rel}","templated":true}]}}