{"id":6477,"date":"2026-04-24T19:09:00","date_gmt":"2026-04-24T17:09:00","guid":{"rendered":"https:\/\/topsmart.store\/product\/ismanusis-robotas-suo-zaislas-su-programele-ir-nuotoliniu-valdymu-belaidis-belaidis-5g-rysys-programuojamas-su-irasymu-12-is-anksto-idiegti-komandos-ekspresyvus-veido-atpazinimas-usb-ikraunamas\/"},"modified":"2026-04-24T19:18:21","modified_gmt":"2026-04-24T17:18:21","slug":"ismanusis-robotas-suo-zaislas-su-programele-ir-nuotoliniu-valdymu-belaidis-belaidis-5g-rysys-programuojamas-su-irasymu-12-is-anksto-idiegti-komandos-ekspresyvus-veido-atpazinimas-usb-ikraunamas","status":"publish","type":"product","link":"https:\/\/topsmart.store\/en\/product\/ismanusis-robotas-suo-zaislas-su-programele-ir-nuotoliniu-valdymu-belaidis-belaidis-5g-rysys-programuojamas-su-irasymu-12-is-anksto-idiegti-komandos-ekspresyvus-veido-atpazinimas-usb-ikraunamas\/","title":{"rendered":"Smart Robot Dog Toy with App and Remote Control, Wireless\/Wireless\/5G Connection, Programmable with Recording, 12+ Pre-installed Commands, Expressive Facial Recognition, USB Rechargeable Lithium Battery Powered Robot Pet for Boys and Girls - Ide"},"content":{"rendered":"<p>Maitinimo re\u017eimas: \u012fkrovimas per USB<\/p>\n<p>Darbin\u0117 \u012ftampa: \u226436 V<\/p>\n<p>Baterijos savyb\u0117s: \u012ekraunama baterija<\/p>\n<p>\u012ekraunama baterija: Li\u010dio baterija-18650 serija<\/p>\n<p>Tinkama am\u017eiaus grup\u0117: nuo 3 met\u0173<\/p>\n<p>Belaid\u017eio ry\u0161io savyb\u0117s: \u012eskaitant 2.4G\/3G\/4G\/5G ir kitas funkcijas, Su program\u0117l\u0117s funkcija, bevielis<\/p>\n<p>\u017daislo tipas: Interaktyvi \u017eaislin\u0117 l\u0117l\u0117<\/p>\n<p>Pagrindin\u0117 med\u017eiaga: ABS<\/p>\n<p>Spalva: Ro\u017ein\u0117, Pilka<\/p>\n<p>Prek\u0117s kodas: RT8492705<\/p>\n<p>Kilm\u0117: Guangdongas, Kinija<\/p>\n<p><img decoding=\"async\" src=\"https:\/\/img.kwcdn.com\/product\/algo_framework\/ImageCm2InAlgo\/d7cdfddc-9d04-11f0-b7f6-0a580aaf0720.jpg\" alt=\"I\u0161manusis robotas \u0161uo \u017eaislas su program\u0117le ir nuotoliniu valdymu, belaidis\/belaidis\/5G ry\u0161ys, programuojamas su \u012fra\u0161ymu, 12+ i\u0161 anksto \u012fdiegti komandos, ekspresyvus veido atpa\u017einimas, USB \u012fkraunamas li\u010dio baterija maitinamas robotas augintiniui berniukams ir mergait\u0117ms - Ide\"><img decoding=\"async\" src=\"https:\/\/img.kwcdn.com\/product\/fancy\/49c5e998-5447-4f38-8f3d-172fc737073b.jpg\" alt=\"I\u0161manusis robotas \u0161uo \u017eaislas su program\u0117le ir nuotoliniu valdymu, belaidis\/belaidis\/5G ry\u0161ys, programuojamas su \u012fra\u0161ymu, 12+ i\u0161 anksto \u012fdiegti komandos, ekspresyvus veido atpa\u017einimas, USB \u012fkraunamas li\u010dio baterija maitinamas robotas augintiniui berniukams ir mergait\u0117ms - Ide\"><img decoding=\"async\" src=\"https:\/\/img.kwcdn.com\/product\/fancy\/a67c7dc2-ff76-4663-b532-56856547e20b.jpg\" alt=\"I\u0161manusis robotas \u0161uo \u017eaislas su program\u0117le ir nuotoliniu valdymu, belaidis\/belaidis\/5G ry\u0161ys, programuojamas su \u012fra\u0161ymu, 12+ i\u0161 anksto \u012fdiegti komandos, ekspresyvus veido atpa\u017einimas, USB \u012fkraunamas li\u010dio baterija maitinamas robotas augintiniui berniukams ir mergait\u0117ms - Ide\"><img decoding=\"async\" src=\"https:\/\/img.kwcdn.com\/product\/fancy\/910ac5c9-ebdc-42d0-a97b-11be6fde6574.jpg\" alt=\"I\u0161manusis robotas \u0161uo \u017eaislas su program\u0117le ir nuotoliniu valdymu, belaidis\/belaidis\/5G ry\u0161ys, programuojamas su \u012fra\u0161ymu, 12+ i\u0161 anksto \u012fdiegti komandos, ekspresyvus veido atpa\u017einimas, USB \u012fkraunamas li\u010dio baterija maitinamas robotas augintiniui berniukams ir mergait\u0117ms - Ide\"><img decoding=\"async\" src=\"https:\/\/img.kwcdn.com\/product\/fancy\/6ac709a5-a39f-4069-9d13-9c760dfd61ac.jpg\" alt=\"I\u0161manusis robotas \u0161uo \u017eaislas su program\u0117le ir nuotoliniu valdymu, belaidis\/belaidis\/5G ry\u0161ys, programuojamas su \u012fra\u0161ymu, 12+ i\u0161 anksto \u012fdiegti komandos, ekspresyvus veido atpa\u017einimas, USB \u012fkraunamas li\u010dio baterija maitinamas robotas augintiniui berniukams ir mergait\u0117ms - Ide\"><img decoding=\"async\" src=\"https:\/\/img.kwcdn.com\/product\/fancy\/1f41f8e5-9ab7-4181-b777-12f61a5c80d3.jpg\" alt=\"I\u0161manusis robotas \u0161uo \u017eaislas su program\u0117le ir nuotoliniu valdymu, belaidis\/belaidis\/5G ry\u0161ys, programuojamas su \u012fra\u0161ymu, 12+ i\u0161 anksto \u012fdiegti komandos, ekspresyvus veido atpa\u017einimas, USB \u012fkraunamas li\u010dio baterija maitinamas robotas augintiniui berniukams ir mergait\u0117ms - Ide\"><img decoding=\"async\" src=\"https:\/\/img.kwcdn.com\/product\/fancy\/f7eda567-1c64-4773-8d9d-54e5ebdebf49.jpg\" alt=\"I\u0161manusis robotas \u0161uo \u017eaislas su program\u0117le ir nuotoliniu valdymu, belaidis\/belaidis\/5G ry\u0161ys, programuojamas su \u012fra\u0161ymu, 12+ i\u0161 anksto \u012fdiegti komandos, ekspresyvus veido atpa\u017einimas, USB \u012fkraunamas li\u010dio baterija maitinamas robotas augintiniui berniukams ir mergait\u0117ms - Ide\"><img decoding=\"async\" src=\"https:\/\/img.kwcdn.com\/product\/fancy\/7f0f550c-ad69-49a3-91ca-6a14b80f1ae2.jpg\" alt=\"I\u0161manusis robotas \u0161uo \u017eaislas su program\u0117le ir nuotoliniu valdymu, belaidis\/belaidis\/5G ry\u0161ys, programuojamas su \u012fra\u0161ymu, 12+ i\u0161 anksto \u012fdiegti komandos, ekspresyvus veido atpa\u017einimas, USB \u012fkraunamas li\u010dio baterija maitinamas robotas augintiniui berniukams ir mergait\u0117ms - Ide\"><\/p>","protected":false},"excerpt":{"rendered":"<p>Maitinimo re\u017eimas: \u012fkrovimas per USB Darbin\u0117 \u012ftampa: \u226436 V Baterijos savyb\u0117s: \u012ekraunama baterija \u012ekraunama baterija: Li\u010dio baterija-18650 serija Tinkama am\u017eiaus grup\u0117: nuo 3 met\u0173 Belaid\u017eio ry\u0161io savyb\u0117s: \u012eskaitant 2.4G\/3G\/4G\/5G ir kitas funkcijas, Su program\u0117l\u0117s funkcija, bevielis \u017daislo tipas: Interaktyvi \u017eaislin\u0117 l\u0117l\u0117 Pagrindin\u0117 med\u017eiaga: ABS Spalva: Ro\u017ein\u0117, Pilka Prek\u0117s kodas: RT8492705 Kilm\u0117: Guangdongas, Kinija<\/p>","protected":false},"featured_media":6479,"comment_status":"open","ping_status":"closed","template":"","meta":[],"product_brand":[],"product_cat":[23],"product_tag":[],"class_list":{"0":"post-6477","1":"product","2":"type-product","3":"status-publish","4":"has-post-thumbnail","6":"product_cat-ismanieji-prietaisai","8":"first","9":"instock","10":"sale","11":"shipping-taxable","12":"purchasable","13":"product-type-variable"},"_links":{"self":[{"href":"https:\/\/topsmart.store\/en\/wp-json\/wp\/v2\/product\/6477","targetHints":{"allow":["GET"]}}],"collection":[{"href":"https:\/\/topsmart.store\/en\/wp-json\/wp\/v2\/product"}],"about":[{"href":"https:\/\/topsmart.store\/en\/wp-json\/wp\/v2\/types\/product"}],"replies":[{"embeddable":true,"href":"https:\/\/topsmart.store\/en\/wp-json\/wp\/v2\/comments?post=6477"}],"wp:featuredmedia":[{"embeddable":true,"href":"https:\/\/topsmart.store\/en\/wp-json\/wp\/v2\/media\/6479"}],"wp:attachment":[{"href":"https:\/\/topsmart.store\/en\/wp-json\/wp\/v2\/media?parent=6477"}],"wp:term":[{"taxonomy":"product_brand","embeddable":true,"href":"https:\/\/topsmart.store\/en\/wp-json\/wp\/v2\/product_brand?post=6477"},{"taxonomy":"product_cat","embeddable":true,"href":"https:\/\/topsmart.store\/en\/wp-json\/wp\/v2\/product_cat?post=6477"},{"taxonomy":"product_tag","embeddable":true,"href":"https:\/\/topsmart.store\/en\/wp-json\/wp\/v2\/product_tag?post=6477"}],"curies":[{"name":"wp","href":"https:\/\/api.w.org\/{rel}","templated":true}]}}