{"id":6483,"date":"2026-04-24T19:09:03","date_gmt":"2026-04-24T17:09:03","guid":{"rendered":"https:\/\/topsmart.store\/product\/2026-m-nauji-ai-vertimo-ismanieji-akiniai-pasizymi-sklandziau-veikiancia-valandines-sasaja-700p-vaizdo-irasymu-belaidziais-5-3-skambuciais-stereo-garsu-ir-itin-greitu-1-sekundes-irasymu\/"},"modified":"2026-04-24T19:17:40","modified_gmt":"2026-04-24T17:17:40","slug":"2026-m-nauji-ai-vertimo-ismanieji-akiniai-pasizymi-sklandziau-veikiancia-valandines-sasaja-700p-vaizdo-irasymu-belaidziais-5-3-skambuciais-stereo-garsu-ir-itin-greitu-1-sekundes-irasymu","status":"publish","type":"product","link":"https:\/\/topsmart.store\/en\/product\/2026-m-nauji-ai-vertimo-ismanieji-akiniai-pasizymi-sklandziau-veikiancia-valandines-sasaja-700p-vaizdo-irasymu-belaidziais-5-3-skambuciais-stereo-garsu-ir-itin-greitu-1-sekundes-irasymu\/","title":{"rendered":"The new AI translation smart glasses of 2026 feature a smoother watch interface, 700P video recording, wireless 5.3 calls, stereo sound, and super fast 1-second recording."},"content":{"rendered":"<p>Baterijos charakteristikos: \u012fkraunama baterija<\/p>\n<p>Belaid\u017eio ry\u0161io savyb\u0117: bevielis<\/p>\n<p>Darbin\u0117 \u012ftampa: \u226436 V<\/p>\n<p>Belaid\u017eio ry\u0161io versija: Belaidis 5.3<\/p>\n<p>Atsparumas vandeniui: Neatsparus vandeniui<\/p>\n<p>Prek\u0117s \u017eenklas: MUXUN<\/p>\n<p>I\u0161skirtin\u0117s savyb\u0117s: AI funkcija, Fotografija, Vertimo funkcija, Valdymas lietimu<\/p>\n<p>Prek\u0117s ID: 5WM3252GXW<\/p>\n<p>Kilm\u0117: Guangdong, Kinija<\/p>\n<p><img decoding=\"async\" src=\"https:\/\/img.kwcdn.com\/product\/fancy\/05ba6a19-64b2-4fc6-8fd3-0d7ed1421f39.jpg\" alt=\"2026 m. nauji AI vertimo i\u0161manieji akiniai pasi\u017eymi skland\u017eiau veikian\u010dia valandin\u0117s s\u0105saja, 700P vaizdo \u012fra\u0161ymu, belaid\u017eiais 5.3 skambu\u010diais, stereo garsu ir itin greitu 1 sekund\u0117s \u012fra\u0161ymu.\"><img decoding=\"async\" src=\"https:\/\/img.kwcdn.com\/product\/fancy\/4aae4eeb-33b8-4de3-a160-9189432528a2.jpg\" alt=\"2026 m. nauji AI vertimo i\u0161manieji akiniai pasi\u017eymi skland\u017eiau veikian\u010dia valandin\u0117s s\u0105saja, 700P vaizdo \u012fra\u0161ymu, belaid\u017eiais 5.3 skambu\u010diais, stereo garsu ir itin greitu 1 sekund\u0117s \u012fra\u0161ymu.\"><img decoding=\"async\" src=\"https:\/\/img.kwcdn.com\/product\/fancy\/afc63958-3194-4c0c-b16f-3dbde3542837.jpg\" alt=\"2026 m. nauji AI vertimo i\u0161manieji akiniai pasi\u017eymi skland\u017eiau veikian\u010dia valandin\u0117s s\u0105saja, 700P vaizdo \u012fra\u0161ymu, belaid\u017eiais 5.3 skambu\u010diais, stereo garsu ir itin greitu 1 sekund\u0117s \u012fra\u0161ymu.\"><img decoding=\"async\" src=\"https:\/\/img.kwcdn.com\/product\/fancy\/97745b78-cf0a-4a52-91c7-02c26aa3ed66.jpg\" alt=\"2026 m. nauji AI vertimo i\u0161manieji akiniai pasi\u017eymi skland\u017eiau veikian\u010dia valandin\u0117s s\u0105saja, 700P vaizdo \u012fra\u0161ymu, belaid\u017eiais 5.3 skambu\u010diais, stereo garsu ir itin greitu 1 sekund\u0117s \u012fra\u0161ymu.\"><img decoding=\"async\" src=\"https:\/\/img.kwcdn.com\/product\/fancy\/9ecdc64f-da77-47ba-8bed-320f70311c6c.jpg\" alt=\"2026 m. nauji AI vertimo i\u0161manieji akiniai pasi\u017eymi skland\u017eiau veikian\u010dia valandin\u0117s s\u0105saja, 700P vaizdo \u012fra\u0161ymu, belaid\u017eiais 5.3 skambu\u010diais, stereo garsu ir itin greitu 1 sekund\u0117s \u012fra\u0161ymu.\"><\/p>","protected":false},"excerpt":{"rendered":"<p>Baterijos charakteristikos: \u012fkraunama baterija Belaid\u017eio ry\u0161io savyb\u0117: bevielis Darbin\u0117 \u012ftampa: \u226436 V Belaid\u017eio ry\u0161io versija: Belaidis 5.3 Atsparumas vandeniui: Neatsparus vandeniui Prek\u0117s \u017eenklas: MUXUN I\u0161skirtin\u0117s savyb\u0117s: AI funkcija, Fotografija, Vertimo funkcija, Valdymas lietimu Prek\u0117s ID: 5WM3252GXW Kilm\u0117: Guangdong, Kinija<\/p>","protected":false},"featured_media":6484,"comment_status":"open","ping_status":"closed","template":"","meta":[],"product_brand":[],"product_cat":[23],"product_tag":[],"class_list":{"0":"post-6483","1":"product","2":"type-product","3":"status-publish","4":"has-post-thumbnail","6":"product_cat-ismanieji-prietaisai","8":"first","9":"instock","10":"sale","11":"shipping-taxable","12":"purchasable","13":"product-type-simple"},"_links":{"self":[{"href":"https:\/\/topsmart.store\/en\/wp-json\/wp\/v2\/product\/6483","targetHints":{"allow":["GET"]}}],"collection":[{"href":"https:\/\/topsmart.store\/en\/wp-json\/wp\/v2\/product"}],"about":[{"href":"https:\/\/topsmart.store\/en\/wp-json\/wp\/v2\/types\/product"}],"replies":[{"embeddable":true,"href":"https:\/\/topsmart.store\/en\/wp-json\/wp\/v2\/comments?post=6483"}],"wp:featuredmedia":[{"embeddable":true,"href":"https:\/\/topsmart.store\/en\/wp-json\/wp\/v2\/media\/6484"}],"wp:attachment":[{"href":"https:\/\/topsmart.store\/en\/wp-json\/wp\/v2\/media?parent=6483"}],"wp:term":[{"taxonomy":"product_brand","embeddable":true,"href":"https:\/\/topsmart.store\/en\/wp-json\/wp\/v2\/product_brand?post=6483"},{"taxonomy":"product_cat","embeddable":true,"href":"https:\/\/topsmart.store\/en\/wp-json\/wp\/v2\/product_cat?post=6483"},{"taxonomy":"product_tag","embeddable":true,"href":"https:\/\/topsmart.store\/en\/wp-json\/wp\/v2\/product_tag?post=6483"}],"curies":[{"name":"wp","href":"https:\/\/api.w.org\/{rel}","templated":true}]}}