{"id":6961,"date":"2026-04-28T11:52:51","date_gmt":"2026-04-28T09:52:51","guid":{"rendered":"https:\/\/topsmart.store\/product\/boxing-gloves-male-half-finger-training-free-boxing-gloves-mma-sanda-fighting-muay-thai-punching-sandbags\/"},"modified":"2026-04-28T12:13:57","modified_gmt":"2026-04-28T10:13:57","slug":"boxing-gloves-male-half-finger-training-free-boxing-gloves-mma-sanda-fighting-muay-thai-punching-sandbags","status":"publish","type":"product","link":"https:\/\/topsmart.store\/en\/product\/boxing-gloves-male-half-finger-training-free-boxing-gloves-mma-sanda-fighting-muay-thai-punching-sandbags\/","title":{"rendered":"Boxing Gloves Male Half-Finger Training Free Boxing Gloves Mma Sanda Fighting Muay Thai Punching Sandbags"},"content":{"rendered":"<p> <b>Informacija apie produkt\u0105<\/b> <\/p>\n<p> Prek\u0117s \u017eenklas: TRY&amp;DO<br \/>  Prek\u0117s pavadinimas: bokso pir\u0161tin\u0117s BOXING 4<br \/>  Med\u017eiaga: poliuretanas, sprogimui atspari oda<br \/>  Dydis: M, L<br \/>  Spalva: juoda, balta<br \/>  Tinka: kovos men\u0173 entuziastams <\/p>\n<p> <img decoding=\"async\" src=\"https:\/\/cf.cjdropshipping.com\/1619402351028.jpg\"> <img decoding=\"async\" src=\"https:\/\/cf.cjdropshipping.com\/1619402359174.jpg\"> <img decoding=\"async\" src=\"https:\/\/cf.cjdropshipping.com\/1619402362655.jpg\"> <img decoding=\"async\" src=\"https:\/\/cf.cjdropshipping.com\/1619402419656.jpg\">  <\/p>","protected":false},"excerpt":{"rendered":"<p>Informacija apie produkt\u0105 Prek\u0117s \u017eenklas: TRY&amp;DO Prek\u0117s pavadinimas: bokso pir\u0161tin\u0117s BOXING 4 Med\u017eiaga: poliuretanas, sprogimui atspari oda Dydis: M, L Spalva: juoda, balta Tinka: kovos men\u0173 entuziastams<\/p>","protected":false},"featured_media":6956,"comment_status":"open","ping_status":"closed","template":"","meta":[],"product_brand":[],"product_cat":[26],"product_tag":[],"class_list":{"0":"post-6961","1":"product","2":"type-product","3":"status-publish","4":"has-post-thumbnail","6":"product_cat-pramogos-ir-sportas","8":"first","9":"instock","10":"shipping-taxable","11":"purchasable","12":"product-type-variable"},"_links":{"self":[{"href":"https:\/\/topsmart.store\/en\/wp-json\/wp\/v2\/product\/6961","targetHints":{"allow":["GET"]}}],"collection":[{"href":"https:\/\/topsmart.store\/en\/wp-json\/wp\/v2\/product"}],"about":[{"href":"https:\/\/topsmart.store\/en\/wp-json\/wp\/v2\/types\/product"}],"replies":[{"embeddable":true,"href":"https:\/\/topsmart.store\/en\/wp-json\/wp\/v2\/comments?post=6961"}],"wp:featuredmedia":[{"embeddable":true,"href":"https:\/\/topsmart.store\/en\/wp-json\/wp\/v2\/media\/6956"}],"wp:attachment":[{"href":"https:\/\/topsmart.store\/en\/wp-json\/wp\/v2\/media?parent=6961"}],"wp:term":[{"taxonomy":"product_brand","embeddable":true,"href":"https:\/\/topsmart.store\/en\/wp-json\/wp\/v2\/product_brand?post=6961"},{"taxonomy":"product_cat","embeddable":true,"href":"https:\/\/topsmart.store\/en\/wp-json\/wp\/v2\/product_cat?post=6961"},{"taxonomy":"product_tag","embeddable":true,"href":"https:\/\/topsmart.store\/en\/wp-json\/wp\/v2\/product_tag?post=6961"}],"curies":[{"name":"wp","href":"https:\/\/api.w.org\/{rel}","templated":true}]}}