{"id":6980,"date":"2026-04-28T12:07:40","date_gmt":"2026-04-28T10:07:40","guid":{"rendered":"https:\/\/topsmart.store\/product\/one-click-spray-anti-frizz-hair-brush\/"},"modified":"2026-04-28T12:14:07","modified_gmt":"2026-04-28T10:14:07","slug":"one-click-spray-anti-frizz-hair-brush","status":"publish","type":"product","link":"https:\/\/topsmart.store\/en\/product\/one-click-spray-anti-frizz-hair-brush\/","title":{"rendered":"One-Click Spray Anti-Frizz Hair Brush"},"content":{"rendered":"<p> <b>Informacija apie prek\u0119:<\/b><br \/>  Spalvos: violetin\u0117, ro\u017ein\u0117, \u0161viesiai m\u0117lyna, juoda, oran\u017ein\u0117, karamel\u0117s, ro\u017ein\u0117 raudona<br \/>  Med\u017eiaga: plastikas\/derva<br \/>  Dydis: 15\u201320 cm <\/p>\n<p> <\/p>\n<p><b>Pakuot\u0117s s\u0105ra\u0161as:<\/b><br \/> <br \/>\n Pur\u0161kimo \u0161ukos *1 <\/p>\n<p><b>Produkto nuotrauka:<\/b> <\/p>\n<p><img decoding=\"async\" src=\"https:\/\/oss-cf.cjdropshipping.com\/product\/2026\/04\/07\/05\/6f9df7c4-eb26-4629-97e4-8002b625de32_water.jpeg\"><br \/>\n<img decoding=\"async\" src=\"https:\/\/oss-cf.cjdropshipping.com\/product\/2026\/04\/07\/05\/99502f51-22fd-439e-83a9-45e98b603de8_water.jpeg\"><br \/>\n<img decoding=\"async\" src=\"https:\/\/oss-cf.cjdropshipping.com\/product\/2026\/04\/07\/05\/7cbfbd30-156f-4091-b8fb-dfe0b4c64ec0_water.jpeg\"><br \/>\n<img decoding=\"async\" src=\"https:\/\/oss-cf.cjdropshipping.com\/product\/2026\/04\/07\/05\/00482b43-a946-43f8-a6e3-cff7bad18f62_water.jpeg\"><br \/>\n<img decoding=\"async\" src=\"https:\/\/oss-cf.cjdropshipping.com\/product\/2026\/04\/07\/05\/7739b4fd-df1d-4b93-86b3-0c4bfa669b4e_water.jpeg\"><br \/>\n<img decoding=\"async\" src=\"https:\/\/oss-cf.cjdropshipping.com\/product\/2026\/04\/07\/05\/21777a54-e132-45fc-ad1e-1aed84cbd179_water.jpeg\"><br \/>\n<img decoding=\"async\" src=\"https:\/\/oss-cf.cjdropshipping.com\/product\/2026\/04\/07\/05\/45ce6fdc-555b-4676-b39b-de385ab98e19_water.jpeg\"><br \/>\n<img decoding=\"async\" src=\"https:\/\/oss-cf.cjdropshipping.com\/product\/2026\/04\/07\/05\/ee574c84-ff4d-42d9-84dc-1f187a091a36_water.jpeg\"><br \/>\n<img decoding=\"async\" src=\"https:\/\/oss-cf.cjdropshipping.com\/product\/2026\/04\/07\/05\/85cfe1d0-4117-4fff-8a0d-0e8ed19b884e_water.jpeg\"><br \/>\n<img decoding=\"async\" src=\"https:\/\/oss-cf.cjdropshipping.com\/product\/2026\/04\/07\/05\/2f25968a-6665-42e2-a5bd-7614815f838c_water.jpeg\"><\/p>","protected":false},"excerpt":{"rendered":"<p>Informacija apie prek\u0119: Spalvos: violetin\u0117, ro\u017ein\u0117, \u0161viesiai m\u0117lyna, juoda, oran\u017ein\u0117, karamel\u0117s, ro\u017ein\u0117 raudona Med\u017eiaga: plastikas\/derva Dydis: 15\u201320 cm Pakuot\u0117s s\u0105ra\u0161as: Pur\u0161kimo \u0161ukos *1 Produkto nuotrauka:<\/p>","protected":false},"featured_media":6970,"comment_status":"open","ping_status":"closed","template":"","meta":[],"product_brand":[],"product_cat":[25],"product_tag":[],"class_list":{"0":"post-6980","1":"product","2":"type-product","3":"status-publish","4":"has-post-thumbnail","6":"product_cat-grozis-ir-sveikata","8":"first","9":"instock","10":"shipping-taxable","11":"purchasable","12":"product-type-variable"},"_links":{"self":[{"href":"https:\/\/topsmart.store\/en\/wp-json\/wp\/v2\/product\/6980","targetHints":{"allow":["GET"]}}],"collection":[{"href":"https:\/\/topsmart.store\/en\/wp-json\/wp\/v2\/product"}],"about":[{"href":"https:\/\/topsmart.store\/en\/wp-json\/wp\/v2\/types\/product"}],"replies":[{"embeddable":true,"href":"https:\/\/topsmart.store\/en\/wp-json\/wp\/v2\/comments?post=6980"}],"wp:featuredmedia":[{"embeddable":true,"href":"https:\/\/topsmart.store\/en\/wp-json\/wp\/v2\/media\/6970"}],"wp:attachment":[{"href":"https:\/\/topsmart.store\/en\/wp-json\/wp\/v2\/media?parent=6980"}],"wp:term":[{"taxonomy":"product_brand","embeddable":true,"href":"https:\/\/topsmart.store\/en\/wp-json\/wp\/v2\/product_brand?post=6980"},{"taxonomy":"product_cat","embeddable":true,"href":"https:\/\/topsmart.store\/en\/wp-json\/wp\/v2\/product_cat?post=6980"},{"taxonomy":"product_tag","embeddable":true,"href":"https:\/\/topsmart.store\/en\/wp-json\/wp\/v2\/product_tag?post=6980"}],"curies":[{"name":"wp","href":"https:\/\/api.w.org\/{rel}","templated":true}]}}