{"id":768,"date":"2026-04-01T14:40:19","date_gmt":"2026-04-01T12:40:19","guid":{"rendered":"https:\/\/topsmart.store\/?post_type=product&#038;p=768"},"modified":"2026-04-09T16:14:00","modified_gmt":"2026-04-09T14:14:00","slug":"new-ultraviolet-tanning-lamp-50w-tripod-solarium-lamp-for-tanning-body-96pcs-blue-light-lamp-wavelength-460nm-480nm-skin-care","status":"publish","type":"product","link":"https:\/\/topsmart.store\/en\/product\/new-ultraviolet-tanning-lamp-50w-tripod-solarium-lamp-for-tanning-body-96pcs-blue-light-lamp-wavelength-460nm-480nm-skin-care\/","title":{"rendered":"NEW Ultraviolet Tanning Lamp 50W Tripod Solarium Lamp for Tanning Body 96PCS Blue Light Lamp Wavelength 460nm &amp; 480nm Skin care"},"content":{"rendered":"<p>\n<div class=\"detailmodule_html\">\n<div class=\"detail-desc-decorate-richtext\">\n<p style=\"text-align:center\" align=\"center\"><strong><span style=\"font-size:26px\"><span style=\"font-family:Arial, Helvetica, sans-serif\">50 W deginimosi lempa su trikoju stovu, soliariumo lempa UV deginimuisi, bangos ilgis 460 nm ir 480 nm, 96 vnt. m\u0117lynos \u0161viesos lemp\u0173, soliariumas, deginimasis, odos prie\u017ei\u016bra<\/span><\/span><\/strong><\/p>\n<p style=\"margin:0px;margin-bottom:0px;margin-top:0px;margin-left:0px;margin-right:0px;display:block;width:100%\"><img decoding=\"async\" data-src=\"https:\/\/ae01.alicdn.com\/kf\/S9f49434d0e3d4caeafedd458cc905f59P.jpg\" slate-data-type=\"image\" src=\"data:image\/svg+xml;base64,PHN2ZyB3aWR0aD0iMSIgaGVpZ2h0PSIxIiB4bWxucz0iaHR0cDovL3d3dy53My5vcmcvMjAwMC9zdmciPjwvc3ZnPg==\" class=\"lazyload\" \/><\/p>\n<div><span style=\"font-size:12pt\"><span style=\"font-family:\u5b8b\u4f53\"><span style=\"color:rgb(0, 0, 0)\">\u3010<\/span><\/span><\/span> <span style=\"font-size:12pt\"><span style=\"font-family:Arial\"><span style=\"color:rgb(0, 0, 0)\"><strong> Didelio ploto ap\u0161vietimas<\/strong><\/span><\/span><\/span> <span style=\"font-size:12pt\"><span style=\"font-family:\u5b8b\u4f53\"><span style=\"color:rgb(0, 0, 0)\">\u3011<\/span><\/span><\/span> <span style=\"font-size:12pt\"><span style=\"font-family:Arial\"><span style=\"color:rgb(0, 0, 0)\"> \u0160i deginimosi lempa sudaryta i\u0161 420 \u0161viesos diod\u0173. J\u0105 galima naudoti veidui, nugarai, <\/span><\/span><\/span><\/div>\n<div><span style=\"font-size:12pt\"><span style=\"font-family:Arial\"><span style=\"color:rgb(0, 0, 0)\">kr\u016btinei, rankoms ir pe\u010diams, kad patenkint\u0173 visus j\u016bs\u0173 poreikius. J\u0105 galite naudoti i\u0161 bet kurio kampo ir bet kur. Galite <\/span><\/span><\/span><\/div>\n<div><span style=\"font-size:12pt\"><span style=\"font-family:Arial\"><span style=\"color:rgb(0, 0, 0)\">m\u0117gautis fototerapija gro\u017eio salone, namuose, biure ar bet kur norite. <\/span><\/span><\/span><\/div>\n<div><span style=\"font-size:12pt\"><span style=\"font-family:\u5b8b\u4f53\"><span style=\"color:rgb(0, 0, 0)\">\u3010<\/span><\/span><\/span> <span style=\"font-size:12pt\"><span style=\"font-family:Arial\"><span style=\"color:rgb(0, 0, 0)\"><strong>Buitin\u0117 lempa <\/strong><\/span><\/span><\/span> <span style=\"font-size:12pt\"><span style=\"font-family:\u5b8b\u4f53\"><span style=\"color:rgb(0, 0, 0)\">\u3011<\/span><\/span><\/span> <span style=\"font-size:12pt\"><span style=\"font-family:Arial\"><span style=\"color:rgb(0, 0, 0)\"> \u0160i buitin\u0117 lempa gali pati skleisti \u0161vies\u0105 namuose, u\u017etikrindama tolyg\u0173 ap\u0161vietim\u0105 <\/span><\/span><\/span><\/div>\n<div><span style=\"font-size:12pt\"><span style=\"font-family:Arial\"><span style=\"color:rgb(0, 0, 0)\">ir padarydama j\u016bs\u0173 od\u0105 lygi\u0105. Ji taip pat yra ekonomi\u0161ka. <\/span><\/span><\/span><\/div>\n<div><span style=\"font-size:12pt\"><span style=\"font-family:\u5b8b\u4f53\"><span style=\"color:rgb(0, 0, 0)\">\u3010<\/span><\/span><\/span> <span style=\"font-size:12pt\"><span style=\"font-family:Arial\"><span style=\"color:rgb(0, 0, 0)\"><strong>Reguliuojamo laikiklio konstrukcija<\/strong><\/span><\/span><\/span> <span style=\"font-size:12pt\"><span style=\"font-family:\u5b8b\u4f53\"><span style=\"color:rgb(0, 0, 0)\">\u3011  <\/span><\/span><\/span><span style=\"font-size:12pt\"><span style=\"font-family:Arial\"><span style=\"color:rgb(0, 0, 0)\">Lempos pagrindo auk\u0161t\u012f ir kamp\u0105 galima laisvai reguliuoti pagal <\/span><\/span><\/span><\/div>\n<div><span style=\"font-size:12pt\"><span style=\"font-family:Arial\"><span style=\"color:rgb(0, 0, 0)\">j\u016bs\u0173 poreikiams. Auk\u0161\u010dio reguliavimo diapazonas: nuo 15 iki 61 colio. Laidas gali pasisukti 360 laipsni\u0173 kampu, kad atitikt\u0173 <\/span><\/span><\/span><\/div>\n<div><span style=\"font-size:12pt\"><span style=\"font-family:Arial\"><span style=\"color:rgb(0, 0, 0)\">\u012fvairiems naudojimo reikalavimams. <\/span><\/span><\/span><\/div>\n<div><span style=\"font-size:12pt\"><span style=\"font-family:\u5b8b\u4f53\"><span style=\"color:rgb(0, 0, 0)\">\u3010<\/span><\/span><\/span><span style=\"font-size:12pt\"><span style=\"font-family:Arial\"><span style=\"color:rgb(0, 0, 0)\"><strong>Tinka \u012fvairioms situacijoms<\/strong><\/span><\/span><\/span><span style=\"font-size:12pt\"><span style=\"font-family:\u5b8b\u4f53\"><span style=\"color:rgb(0, 0, 0)\">\u3011<\/span><\/span><\/span> <span style=\"font-size:12pt\"><span style=\"font-family:Arial\"><span style=\"color:rgb(0, 0, 0)\"> Joje \u012fdiegtas laiko nustatymas, leid\u017eiantis laisvai reguliuoti nuo 5 iki <\/span><\/span><\/span><\/div>\n<div><span style=\"font-size:12pt\"><span style=\"font-family:Arial\"><span style=\"color:rgb(0, 0, 0)\">30 minu\u010di\u0173, tod\u0117l galima veiksmingai kontroliuoti. Stov\u0117kite 16 coli\u0173 atstumu nuo \u0161viesos ir b\u016bkite jos veikiami nuo 5 iki 18 <\/span><\/span><\/span><\/div>\n<div><span style=\"font-size:12pt\"><span style=\"font-family:Arial\"><span style=\"color:rgb(0, 0, 0)\">minu\u010di\u0173. Atlikite fizioterapijos seans\u0105 kart\u0105 per dien\u0105. <\/span><\/span><\/span><\/div>\n<\/div>\n<\/div>\n<\/p>\n<div><span style=\"font-size:12pt\"><span style=\"font-family:\u5b8b\u4f53\"><span style=\"color:rgb(0, 0, 0)\">\u3010<\/span><\/span><\/span> <span style=\"font-size:12pt\"><span style=\"font-family:Arial\"><span style=\"color:rgb(0, 0, 0)\"><strong>Ideali dovana<\/strong><\/span><\/span><\/span> <span style=\"font-size:12pt\"><span style=\"font-family:\u5b8b\u4f53\"><span style=\"color:rgb(0, 0, 0)\">\u3011<\/span><\/span><\/span> <span style=\"font-size:12pt\"><span style=\"font-family:Arial\"><span style=\"color:rgb(0, 0, 0)\"> \u0160i fluorescencin\u0117 lempa pad\u0117s greitai atkurti nat\u016bral\u0173 \u012fdeg\u012f, tod\u0117l j\u0105 galite padovanoti <\/span><\/span><\/span><\/div>\n<div><span style=\"font-size:12pt\"><span style=\"font-family:Arial\"><span style=\"color:rgb(0, 0, 0)\">saul\u0117s apsaugos lemp\u0105 kaip Kal\u0117d\u0173, gimtadienio ir Nauj\u0173j\u0173 met\u0173 dovan\u0105 savo \u0161eimos nariams ar draug\u0117ms. <\/span><\/span><\/span><\/div>\n<div><span style=\"font-size:12pt\"><span style=\"font-family:Arial\"><span style=\"color:rgb(0, 0, 0)\">460 nm\/490 nm (m\u0117lynos) \u0161viesos funkcija <\/span><\/span><\/span><\/div>\n<div><span style=\"font-size:12pt\"><span style=\"font-family:Arial\"><span style=\"color:rgb(0, 0, 0)\"><br \/>460 nm m\u0117lyna \u0161viesa: ilgalaikis m\u0117lynos \u0161viesos poveikis gali skatinti laisv\u0173j\u0173 radikal\u0173 susidarym\u0105, <\/span><\/span><\/span><\/div>\n<div><span style=\"font-size:12pt\"><span style=\"font-family:Arial\"><span style=\"color:rgb(0, 0, 0)\">pagreitinti kolageno skilim\u0105 odoje ir sukelti odos patams\u0117jim\u0105 <\/span><\/span><\/span><\/div>\n<div><span style=\"font-size:12pt\"><span style=\"font-family:Arial\"><span style=\"color:rgb(0, 0, 0)\"><strong><br \/>Pavojus reg\u0117jimui:<\/strong><\/span><\/span><\/span> <span style=\"font-size:12pt\"><span style=\"font-family:Arial\"><span style=\"color:rgb(0, 0, 0)\"> Didel\u0117s energijos trumpabang\u0117 m\u0117lyna \u0161viesa gali sukelti oksidacin\u0119 tinklain\u0117s \u017eal\u0105. Ilgalaikis<\/span><\/span><\/span><\/div>\n<div><span style=\"font-size:12pt\"><span style=\"font-family:Arial\"><span style=\"color:rgb(0, 0, 0)\">poveikis gali padidinti geltonosios d\u0117m\u0117s degeneracijos rizik\u0105 (naudojant d\u0117v\u0117kite akinius) <\/span><\/span><\/span><\/div>\n<div><span style=\"font-size:12pt\"><span style=\"font-family:Arial\"><span style=\"color:rgb(0, 0, 0)\"> Naujagimi\u0173 gelta: M\u0117lynosios \u0161viesos terapija (apie 460 nm) skatina bilirubino konversij\u0105 \u012f <\/span><\/span><\/span><\/div>\n<div><span style=\"font-size:12pt\"><span style=\"font-family:Arial\"><span style=\"color:rgb(0, 0, 0)\"> i\u0161skiriam\u0105 form\u0105, veiksmingai gydydama naujagimi\u0173 gelta. <\/span><\/span><\/span><\/div>\n<div><span style=\"font-size:12pt\"><span style=\"font-family:Arial\"><span style=\"color:rgb(0, 0, 0)\"><strong><br \/>Odos gydymas:<\/strong><\/span><\/span><\/span> <span style=\"font-size:12pt\"><span style=\"font-family:Arial\"><span style=\"color:rgb(0, 0, 0)\"> Naudojama spuog\u0173 gydymui, ji naikina Propionibacterium acnes bakterijas ir ma\u017eina u\u017edegim\u0105. <\/span><\/span><\/span><\/div>\n<div><span style=\"font-size:12pt\"><span style=\"font-family:Arial\"><span style=\"color:rgb(0, 0, 0)\"> 490 nm m\u0117lyna \u0161viesa gali sukelti laisv\u0173j\u0173 radikal\u0173 susidarym\u0105 ir pagreitinti odos sen\u0117jim\u0105 (ta\u010diau <\/span><\/span><\/span><\/div>\n<div><span style=\"font-size:12pt\"><span style=\"font-family:Arial\"><span style=\"color:rgb(0, 0, 0)\">\u017eymiai ma\u017eesn\u0119 rizik\u0105 nei ultravioletiniai spinduliai)<\/span><\/span><\/span><\/div>\n<p><img decoding=\"async\" data-src=\"https:\/\/ae01.alicdn.com\/kf\/S515822d718b2438b913cae9abadba1e21.jpg?width=1500&amp;height=1500&amp;hash=3000\" slate-data-type=\"image\" src=\"data:image\/svg+xml;base64,PHN2ZyB3aWR0aD0iMSIgaGVpZ2h0PSIxIiB4bWxucz0iaHR0cDovL3d3dy53My5vcmcvMjAwMC9zdmciPjwvc3ZnPg==\" class=\"lazyload\" \/> <img decoding=\"async\" data-src=\"https:\/\/ae01.alicdn.com\/kf\/Sc0fea3ba8dfc4814b5b65c867a76a21bo.jpg?width=1200&amp;height=1500&amp;hash=2700\" slate-data-type=\"image\" src=\"data:image\/svg+xml;base64,PHN2ZyB3aWR0aD0iMSIgaGVpZ2h0PSIxIiB4bWxucz0iaHR0cDovL3d3dy53My5vcmcvMjAwMC9zdmciPjwvc3ZnPg==\" class=\"lazyload\" \/> <img decoding=\"async\" data-src=\"https:\/\/ae01.alicdn.com\/kf\/Sdbb6a40f209049458aaae96bad4716d53.jpg?width=1200&amp;height=1500&amp;hash=2700\" slate-data-type=\"image\" src=\"data:image\/svg+xml;base64,PHN2ZyB3aWR0aD0iMSIgaGVpZ2h0PSIxIiB4bWxucz0iaHR0cDovL3d3dy53My5vcmcvMjAwMC9zdmciPjwvc3ZnPg==\" class=\"lazyload\" \/> <img decoding=\"async\" data-src=\"https:\/\/ae01.alicdn.com\/kf\/S7518a9c3d2d748f78e1f81e176e2f1e9T.jpg?width=1500&amp;height=1500&amp;hash=3000\" slate-data-type=\"image\" src=\"data:image\/svg+xml;base64,PHN2ZyB3aWR0aD0iMSIgaGVpZ2h0PSIxIiB4bWxucz0iaHR0cDovL3d3dy53My5vcmcvMjAwMC9zdmciPjwvc3ZnPg==\" class=\"lazyload\" \/> <img decoding=\"async\" data-src=\"https:\/\/ae01.alicdn.com\/kf\/S695a8289ab5348589a8902a81093e150S.jpg?width=1200&amp;height=1500&amp;hash=2700\" slate-data-type=\"image\" src=\"data:image\/svg+xml;base64,PHN2ZyB3aWR0aD0iMSIgaGVpZ2h0PSIxIiB4bWxucz0iaHR0cDovL3d3dy53My5vcmcvMjAwMC9zdmciPjwvc3ZnPg==\" class=\"lazyload\" \/> <img decoding=\"async\" data-src=\"https:\/\/ae01.alicdn.com\/kf\/S52ddf923d7254f23ac353fd681ee5cecS.jpg?width=1500&amp;height=1500&amp;hash=3000\" slate-data-type=\"image\" src=\"data:image\/svg+xml;base64,PHN2ZyB3aWR0aD0iMSIgaGVpZ2h0PSIxIiB4bWxucz0iaHR0cDovL3d3dy53My5vcmcvMjAwMC9zdmciPjwvc3ZnPg==\" class=\"lazyload\" \/> <img decoding=\"async\" data-src=\"https:\/\/ae01.alicdn.com\/kf\/S341ea65f9b884b478b16372334b3023cj.jpg?width=1200&amp;height=1500&amp;hash=2700\" slate-data-type=\"image\" src=\"data:image\/svg+xml;base64,PHN2ZyB3aWR0aD0iMSIgaGVpZ2h0PSIxIiB4bWxucz0iaHR0cDovL3d3dy53My5vcmcvMjAwMC9zdmciPjwvc3ZnPg==\" class=\"lazyload\" \/> <img decoding=\"async\" data-src=\"https:\/\/ae01.alicdn.com\/kf\/S55e4f63fc9ed4f30a09457024aed8b4fk.jpg?width=1000&amp;height=619&amp;hash=1619\" slate-data-type=\"image\" src=\"data:image\/svg+xml;base64,PHN2ZyB3aWR0aD0iMSIgaGVpZ2h0PSIxIiB4bWxucz0iaHR0cDovL3d3dy53My5vcmcvMjAwMC9zdmciPjwvc3ZnPg==\" class=\"lazyload\" \/> <img decoding=\"async\" data-src=\"https:\/\/ae01.alicdn.com\/kf\/S4bb9538ed3d845799556c9446b3404b9W.jpg?width=1000&amp;height=619&amp;hash=1619\" slate-data-type=\"image\" src=\"data:image\/svg+xml;base64,PHN2ZyB3aWR0aD0iMSIgaGVpZ2h0PSIxIiB4bWxucz0iaHR0cDovL3d3dy53My5vcmcvMjAwMC9zdmciPjwvc3ZnPg==\" class=\"lazyload\" \/> <img decoding=\"async\" data-src=\"https:\/\/ae01.alicdn.com\/kf\/Scc8d531e4ee246189af9257fcd1fca38E.jpg?width=1000&amp;height=619&amp;hash=1619\" slate-data-type=\"image\" src=\"data:image\/svg+xml;base64,PHN2ZyB3aWR0aD0iMSIgaGVpZ2h0PSIxIiB4bWxucz0iaHR0cDovL3d3dy53My5vcmcvMjAwMC9zdmciPjwvc3ZnPg==\" class=\"lazyload\" \/> <img decoding=\"async\" data-src=\"https:\/\/ae01.alicdn.com\/kf\/S8c7b27fb5cda479e988769d176d9d730h.jpg?width=1200&amp;height=1500&amp;hash=2700\" slate-data-type=\"image\" src=\"data:image\/svg+xml;base64,PHN2ZyB3aWR0aD0iMSIgaGVpZ2h0PSIxIiB4bWxucz0iaHR0cDovL3d3dy53My5vcmcvMjAwMC9zdmciPjwvc3ZnPg==\" class=\"lazyload\" \/> <img decoding=\"async\" data-src=\"https:\/\/ae01.alicdn.com\/kf\/S66af91a5f4614262ac7b20c3f327a8d3w.jpg?width=1000&amp;height=619&amp;hash=1619\" slate-data-type=\"image\" src=\"data:image\/svg+xml;base64,PHN2ZyB3aWR0aD0iMSIgaGVpZ2h0PSIxIiB4bWxucz0iaHR0cDovL3d3dy53My5vcmcvMjAwMC9zdmciPjwvc3ZnPg==\" class=\"lazyload\" \/> <img decoding=\"async\" data-src=\"https:\/\/ae01.alicdn.com\/kf\/Sa60a22f8ae314ca5b7d4b80a9f582c33O.jpg?width=1000&amp;height=1250&amp;hash=2250\" slate-data-type=\"image\" src=\"data:image\/svg+xml;base64,PHN2ZyB3aWR0aD0iMSIgaGVpZ2h0PSIxIiB4bWxucz0iaHR0cDovL3d3dy53My5vcmcvMjAwMC9zdmciPjwvc3ZnPg==\" class=\"lazyload\" \/> <img decoding=\"async\" data-src=\"https:\/\/ae01.alicdn.com\/kf\/S9e313a9237ce40a6b303b24e744cb5bbD.jpg?width=1200&amp;height=1500&amp;hash=2700\" slate-data-type=\"image\" src=\"data:image\/svg+xml;base64,PHN2ZyB3aWR0aD0iMSIgaGVpZ2h0PSIxIiB4bWxucz0iaHR0cDovL3d3dy53My5vcmcvMjAwMC9zdmciPjwvc3ZnPg==\" class=\"lazyload\" \/> <img decoding=\"async\" data-src=\"https:\/\/ae01.alicdn.com\/kf\/Sd5eaac618b2a4eb18f01ba00da5236f5j.jpg?width=1200&amp;height=1500&amp;hash=2700\" slate-data-type=\"image\" src=\"data:image\/svg+xml;base64,PHN2ZyB3aWR0aD0iMSIgaGVpZ2h0PSIxIiB4bWxucz0iaHR0cDovL3d3dy53My5vcmcvMjAwMC9zdmciPjwvc3ZnPg==\" class=\"lazyload\" \/> <img decoding=\"async\" data-src=\"https:\/\/ae01.alicdn.com\/kf\/Sd5810259716d411a968d19cce2bc6913E.jpg?width=1200&amp;height=1500&amp;hash=2700\" slate-data-type=\"image\" src=\"data:image\/svg+xml;base64,PHN2ZyB3aWR0aD0iMSIgaGVpZ2h0PSIxIiB4bWxucz0iaHR0cDovL3d3dy53My5vcmcvMjAwMC9zdmciPjwvc3ZnPg==\" class=\"lazyload\" \/><\/div>\n<div><\/div>\n<\/div>\n<\/div>\n<p><\/p>\n<\/p>\n<p><img decoding=\"async\" class=\"img-responsive lazyload\" data-src=\"\/\/ae01.alicdn.com\/kf\/S515822d718b2438b913cae9abadba1e21.jpg\" src=\"data:image\/svg+xml;base64,PHN2ZyB3aWR0aD0iMSIgaGVpZ2h0PSIxIiB4bWxucz0iaHR0cDovL3d3dy53My5vcmcvMjAwMC9zdmciPjwvc3ZnPg==\" \/><img decoding=\"async\" class=\"img-responsive lazyload\" data-src=\"\/\/ae01.alicdn.com\/kf\/Sc0fea3ba8dfc4814b5b65c867a76a21bo.jpg\" src=\"data:image\/svg+xml;base64,PHN2ZyB3aWR0aD0iMSIgaGVpZ2h0PSIxIiB4bWxucz0iaHR0cDovL3d3dy53My5vcmcvMjAwMC9zdmciPjwvc3ZnPg==\" \/><img decoding=\"async\" class=\"img-responsive lazyload\" data-src=\"\/\/ae01.alicdn.com\/kf\/Sdbb6a40f209049458aaae96bad4716d53.jpg\" src=\"data:image\/svg+xml;base64,PHN2ZyB3aWR0aD0iMSIgaGVpZ2h0PSIxIiB4bWxucz0iaHR0cDovL3d3dy53My5vcmcvMjAwMC9zdmciPjwvc3ZnPg==\" \/><img decoding=\"async\" class=\"img-responsive lazyload\" data-src=\"\/\/ae01.alicdn.com\/kf\/S7518a9c3d2d748f78e1f81e176e2f1e9T.jpg\" src=\"data:image\/svg+xml;base64,PHN2ZyB3aWR0aD0iMSIgaGVpZ2h0PSIxIiB4bWxucz0iaHR0cDovL3d3dy53My5vcmcvMjAwMC9zdmciPjwvc3ZnPg==\" \/><img decoding=\"async\" class=\"img-responsive lazyload\" data-src=\"\/\/ae01.alicdn.com\/kf\/S695a8289ab5348589a8902a81093e150S.jpg\" src=\"data:image\/svg+xml;base64,PHN2ZyB3aWR0aD0iMSIgaGVpZ2h0PSIxIiB4bWxucz0iaHR0cDovL3d3dy53My5vcmcvMjAwMC9zdmciPjwvc3ZnPg==\" \/><img decoding=\"async\" class=\"img-responsive lazyload\" data-src=\"\/\/ae01.alicdn.com\/kf\/S52ddf923d7254f23ac353fd681ee5cecS.jpg\" src=\"data:image\/svg+xml;base64,PHN2ZyB3aWR0aD0iMSIgaGVpZ2h0PSIxIiB4bWxucz0iaHR0cDovL3d3dy53My5vcmcvMjAwMC9zdmciPjwvc3ZnPg==\" \/><img decoding=\"async\" class=\"img-responsive lazyload\" data-src=\"\/\/ae01.alicdn.com\/kf\/S341ea65f9b884b478b16372334b3023cj.jpg\" src=\"data:image\/svg+xml;base64,PHN2ZyB3aWR0aD0iMSIgaGVpZ2h0PSIxIiB4bWxucz0iaHR0cDovL3d3dy53My5vcmcvMjAwMC9zdmciPjwvc3ZnPg==\" \/><img decoding=\"async\" class=\"img-responsive lazyload\" data-src=\"\/\/ae01.alicdn.com\/kf\/S55e4f63fc9ed4f30a09457024aed8b4fk.jpg\" src=\"data:image\/svg+xml;base64,PHN2ZyB3aWR0aD0iMSIgaGVpZ2h0PSIxIiB4bWxucz0iaHR0cDovL3d3dy53My5vcmcvMjAwMC9zdmciPjwvc3ZnPg==\" \/><img decoding=\"async\" class=\"img-responsive lazyload\" data-src=\"\/\/ae01.alicdn.com\/kf\/S4bb9538ed3d845799556c9446b3404b9W.jpg\" src=\"data:image\/svg+xml;base64,PHN2ZyB3aWR0aD0iMSIgaGVpZ2h0PSIxIiB4bWxucz0iaHR0cDovL3d3dy53My5vcmcvMjAwMC9zdmciPjwvc3ZnPg==\" \/><img decoding=\"async\" class=\"img-responsive lazyload\" data-src=\"\/\/ae01.alicdn.com\/kf\/Scc8d531e4ee246189af9257fcd1fca38E.jpg\" src=\"data:image\/svg+xml;base64,PHN2ZyB3aWR0aD0iMSIgaGVpZ2h0PSIxIiB4bWxucz0iaHR0cDovL3d3dy53My5vcmcvMjAwMC9zdmciPjwvc3ZnPg==\" \/><img decoding=\"async\" class=\"img-responsive lazyload\" data-src=\"\/\/ae01.alicdn.com\/kf\/S8c7b27fb5cda479e988769d176d9d730h.jpg\" src=\"data:image\/svg+xml;base64,PHN2ZyB3aWR0aD0iMSIgaGVpZ2h0PSIxIiB4bWxucz0iaHR0cDovL3d3dy53My5vcmcvMjAwMC9zdmciPjwvc3ZnPg==\" \/><img decoding=\"async\" class=\"img-responsive lazyload\" data-src=\"\/\/ae01.alicdn.com\/kf\/S66af91a5f4614262ac7b20c3f327a8d3w.jpg\" src=\"data:image\/svg+xml;base64,PHN2ZyB3aWR0aD0iMSIgaGVpZ2h0PSIxIiB4bWxucz0iaHR0cDovL3d3dy53My5vcmcvMjAwMC9zdmciPjwvc3ZnPg==\" \/><img decoding=\"async\" class=\"img-responsive lazyload\" data-src=\"\/\/ae01.alicdn.com\/kf\/Sa60a22f8ae314ca5b7d4b80a9f582c33O.jpg\" src=\"data:image\/svg+xml;base64,PHN2ZyB3aWR0aD0iMSIgaGVpZ2h0PSIxIiB4bWxucz0iaHR0cDovL3d3dy53My5vcmcvMjAwMC9zdmciPjwvc3ZnPg==\" \/><img decoding=\"async\" class=\"img-responsive lazyload\" data-src=\"\/\/ae01.alicdn.com\/kf\/S9e313a9237ce40a6b303b24e744cb5bbD.jpg\" src=\"data:image\/svg+xml;base64,PHN2ZyB3aWR0aD0iMSIgaGVpZ2h0PSIxIiB4bWxucz0iaHR0cDovL3d3dy53My5vcmcvMjAwMC9zdmciPjwvc3ZnPg==\" \/><img decoding=\"async\" class=\"img-responsive lazyload\" data-src=\"\/\/ae01.alicdn.com\/kf\/Sd5eaac618b2a4eb18f01ba00da5236f5j.jpg\" src=\"data:image\/svg+xml;base64,PHN2ZyB3aWR0aD0iMSIgaGVpZ2h0PSIxIiB4bWxucz0iaHR0cDovL3d3dy53My5vcmcvMjAwMC9zdmciPjwvc3ZnPg==\" \/><img decoding=\"async\" class=\"img-responsive lazyload\" data-src=\"\/\/ae01.alicdn.com\/kf\/Sd5810259716d411a968d19cce2bc6913E.jpg\" src=\"data:image\/svg+xml;base64,PHN2ZyB3aWR0aD0iMSIgaGVpZ2h0PSIxIiB4bWxucz0iaHR0cDovL3d3dy53My5vcmcvMjAwMC9zdmciPjwvc3ZnPg==\" \/><\/p>","protected":false},"excerpt":{"rendered":"<p>50 W deginimosi lempa su trikoju stovu, soliariumo lempa UV deginimuisi, bangos ilgis 460 nm ir 480 nm, 96 vnt. m\u0117lynos \u0161viesos lemp\u0173, soliariumas, deginimasis, odos prie\u017ei\u016bra \u3010 Didelio ploto ap\u0161vietimas \u3011 \u0160i deginimosi lempa sudaryta i\u0161 420 \u0161viesos diod\u0173. J\u0105 galima naudoti veidui, nugarai, kr\u016btinei, rankoms ir pe\u010diams, kad patenkint\u0173 visus j\u016bs\u0173 poreikius. J\u0105 [&hellip;]<\/p>\n","protected":false},"featured_media":769,"comment_status":"open","ping_status":"closed","template":"","meta":[],"product_brand":[],"product_cat":[25],"product_tag":[],"class_list":{"0":"post-768","1":"product","2":"type-product","3":"status-publish","4":"has-post-thumbnail","6":"product_cat-grozis-ir-sveikata","7":"pa_color-eu-plug","8":"pa_color-us-plug","9":"pa_color-uk-plug","11":"first","12":"instock","13":"sale","14":"shipping-taxable","15":"purchasable","16":"product-type-variable"},"_links":{"self":[{"href":"https:\/\/topsmart.store\/en\/wp-json\/wp\/v2\/product\/768","targetHints":{"allow":["GET"]}}],"collection":[{"href":"https:\/\/topsmart.store\/en\/wp-json\/wp\/v2\/product"}],"about":[{"href":"https:\/\/topsmart.store\/en\/wp-json\/wp\/v2\/types\/product"}],"replies":[{"embeddable":true,"href":"https:\/\/topsmart.store\/en\/wp-json\/wp\/v2\/comments?post=768"}],"wp:featuredmedia":[{"embeddable":true,"href":"https:\/\/topsmart.store\/en\/wp-json\/wp\/v2\/media\/769"}],"wp:attachment":[{"href":"https:\/\/topsmart.store\/en\/wp-json\/wp\/v2\/media?parent=768"}],"wp:term":[{"taxonomy":"product_brand","embeddable":true,"href":"https:\/\/topsmart.store\/en\/wp-json\/wp\/v2\/product_brand?post=768"},{"taxonomy":"product_cat","embeddable":true,"href":"https:\/\/topsmart.store\/en\/wp-json\/wp\/v2\/product_cat?post=768"},{"taxonomy":"product_tag","embeddable":true,"href":"https:\/\/topsmart.store\/en\/wp-json\/wp\/v2\/product_tag?post=768"}],"curies":[{"name":"wp","href":"https:\/\/api.w.org\/{rel}","templated":true}]}}