{"id":809,"date":"2026-04-01T15:06:05","date_gmt":"2026-04-01T13:06:05","guid":{"rendered":"https:\/\/topsmart.store\/?post_type=product&#038;p=809"},"modified":"2026-04-09T16:13:42","modified_gmt":"2026-04-09T14:13:42","slug":"bonola-magnetic-3-in-1-wireless-charger-station-for-samsung-s24-ultra-s25-25w-fast-charging-stand-for-galaxy-watch-7-6-5-earbuds","status":"publish","type":"product","link":"https:\/\/topsmart.store\/en\/product\/bonola-magnetic-3-in-1-wireless-charger-station-for-samsung-s24-ultra-s25-25w-fast-charging-stand-for-galaxy-watch-7-6-5-earbuds\/","title":{"rendered":"Bonola Magnetic 3 in 1 Wireless Charger Station for Samsung S24 Ultra\/S25 25w Fast Charging Stand for Galaxy Watch 7\/6\/5\/Earbuds"},"content":{"rendered":"<p>\n<p style=\"font-family:OpenSans;font-size:14px;font-weight:300;line-height:20px;text-align:center;white-space:pre-wrap;color:rgb(0, 0, 0);margin-bottom:12px;margin-top:0px;box-sizing:border-box\" class=\"detail-desc-decorate-content\" align=\"center\"><img decoding=\"async\" data-src=\"https:\/\/ae01.alicdn.com\/kf\/S891af1512fea4060abfbce0a470232a8W.jpg\" slate-data-type=\"image\" src=\"data:image\/svg+xml;base64,PHN2ZyB3aWR0aD0iMSIgaGVpZ2h0PSIxIiB4bWxucz0iaHR0cDovL3d3dy53My5vcmcvMjAwMC9zdmciPjwvc3ZnPg==\" class=\"lazyload\" \/><\/p>\n<p style=\"font-family:OpenSans;font-size:14px;font-weight:300;line-height:20px;text-align:center;white-space:pre-wrap;color:rgb(0, 0, 0);margin-bottom:12px;margin-top:0px;box-sizing:border-box\" class=\"detail-desc-decorate-content\" align=\"center\"><span style=\"font-size:32px\"><strong>3-in-1 magnetin\u0117 belaid\u017eio \u012fkrovimo stotel\u0117<\/strong><\/span><\/p>\n<p style=\"font-family:OpenSans;font-size:14px;font-weight:300;line-height:20px;text-align:center;white-space:pre-wrap;color:rgb(0, 0, 0);margin-bottom:12px;margin-top:0px;box-sizing:border-box\" class=\"detail-desc-decorate-content\" align=\"center\"><span style=\"font-size:22px\">Vienu prievadu galima vienu metu \u012fkrauti \u201eSamsung\u201c telefon\u0105, \u201eGalaxy Watch\u201c ir ausines, tod\u0117l nereikia naudoti keli\u0173 \u012fkrovimo laid\u0173 kiekvienam \u012frenginiui, o j\u016bs\u0173 stalas i\u0161lieka tvarkingas. Tikra belaid\u017eio \u012fkrovimo patirtis. <\/span><\/p>\n<p style=\"font-family:OpenSans;font-size:14px;font-weight:300;line-height:20px;text-align:center;white-space:pre-wrap;color:rgb(0, 0, 0);margin-bottom:12px;margin-top:0px;box-sizing:border-box\" class=\"detail-desc-decorate-content\" align=\"center\"><img decoding=\"async\" data-src=\"https:\/\/ae01.alicdn.com\/kf\/Scf879dbc49f14828ad60c39c89d354945.png\" slate-data-type=\"image\" src=\"data:image\/svg+xml;base64,PHN2ZyB3aWR0aD0iMSIgaGVpZ2h0PSIxIiB4bWxucz0iaHR0cDovL3d3dy53My5vcmcvMjAwMC9zdmciPjwvc3ZnPg==\" class=\"lazyload\" \/><\/p>\n<p style=\"font-family:OpenSans;font-size:14px;font-weight:300;line-height:20px;text-align:center;white-space:pre-wrap;color:rgb(0, 0, 0);margin-bottom:12px;margin-top:0px;box-sizing:border-box\" class=\"detail-desc-decorate-content\" align=\"center\"><span style=\"font-size:32px\"><strong>15 W belaidis greitasis \u012fkrovimas<\/strong><\/span><\/p>\n<p style=\"font-family:OpenSans;font-size:14px;font-weight:300;line-height:20px;text-align:center;white-space:pre-wrap;color:rgb(0, 0, 0);margin-bottom:12px;margin-top:0px;box-sizing:border-box\" class=\"detail-desc-decorate-content\" align=\"center\"><span style=\"font-size:20px\">\u0160i \u012fkrovimo stotel\u0117 tinka \u201eSamsung Galaxy S25\/S24\/S23\/S22\/S21\u201c serijos, \u201eNote\u201c serijos, \u201eS\u201c serijos ir visiems telefonams, \u201eGalaxy Watch\u201c laikrod\u017eiams bei ausin\u0117ms<\/span><\/p>\n<p style=\"font-family:OpenSans;font-size:14px;font-weight:300;line-height:20px;text-align:center;white-space:pre-wrap;color:rgb(0, 0, 0);margin-bottom:12px;margin-top:0px;box-sizing:border-box\" class=\"detail-desc-decorate-content\" align=\"center\"><span style=\"font-size:20px\">Maks. 15 W \u201eSamsung S25\u201c, \u201eS24 Ultra\u201c, \u201eS23\u201c, \u201eS22\u201c ir \u201eS22\u201c serijoms<\/span><\/p>\n<p style=\"font-family:OpenSans;font-size:14px;font-weight:300;line-height:20px;text-align:center;white-space:pre-wrap;color:rgb(0, 0, 0);margin-bottom:12px;margin-top:0px;box-sizing:border-box\" class=\"detail-desc-decorate-content\" align=\"center\"><span style=\"font-size:20px\"> 3 W \u201eGalaxy Watch\u201c serijai <\/span><\/p>\n<p style=\"font-family:OpenSans;font-size:14px;font-weight:300;line-height:20px;text-align:center;white-space:pre-wrap;color:rgb(0, 0, 0);margin-bottom:12px;margin-top:0px;box-sizing:border-box\" class=\"detail-desc-decorate-content\" align=\"center\"><span style=\"font-size:20px\">5 W \u201eGalaxy\u201c ausin\u0117ms<\/span><\/p>\n<p style=\"font-family:OpenSans;font-size:14px;font-weight:300;line-height:20px;text-align:center;white-space:pre-wrap;color:rgb(0, 0, 0);margin-bottom:12px;margin-top:0px;box-sizing:border-box\" class=\"detail-desc-decorate-content\" align=\"center\"><img decoding=\"async\" data-src=\"https:\/\/ae01.alicdn.com\/kf\/S5dc1329a8d90443499f67a93b5c59cb14.png\" slate-data-type=\"image\" src=\"data:image\/svg+xml;base64,PHN2ZyB3aWR0aD0iMSIgaGVpZ2h0PSIxIiB4bWxucz0iaHR0cDovL3d3dy53My5vcmcvMjAwMC9zdmciPjwvc3ZnPg==\" class=\"lazyload\" \/><\/p>\n<p style=\"font-family:OpenSans;font-size:14px;font-weight:300;line-height:20px;text-align:center;white-space:pre-wrap;color:rgb(0, 0, 0);margin-bottom:12px;margin-top:0px;box-sizing:border-box\" class=\"detail-desc-decorate-content\" align=\"center\"><span style=\"font-size:32px\"><strong>Suderinami laikrod\u017eiai<\/strong><\/span><\/p>\n<p style=\"font-family:OpenSans;font-size:14px;font-weight:300;line-height:20px;text-align:center;white-space:pre-wrap;color:rgb(0, 0, 0);margin-bottom:12px;margin-top:0px;box-sizing:border-box\" class=\"detail-desc-decorate-content\" align=\"center\"><span style=\"font-size:20px\">\u0160is \u012fkroviklis veikia tik su \u201eSamsung Watch Ultra\u201c 8\/7\/6\/5\/4\/3 serijos laikrod\u017eiais<\/span><\/p>\n<\/p>\n<p style=\"font-family:OpenSans;font-size:14px;font-weight:300;line-height:20px;text-align:center;white-space:pre-wrap;color:rgb(0, 0, 0);margin-bottom:12px;margin-top:0px;box-sizing:border-box\" class=\"detail-desc-decorate-content\" align=\"center\"><span style=\"font-size:20px\">\u0160i nuoroda netinka \u201eApple Watch\u201c laikrod\u017eiams. Jei turite \u201eApple Watch\u201c i\u0161man\u0173j\u012f laikrod\u012f, pra\u0161ome pereiti prie kitos nuorodos, kad gal\u0117tum\u0117te j\u012f \u012fsigyti<\/span><\/p>\n<p style=\"font-family:OpenSans;font-size:14px;font-weight:300;line-height:20px;text-align:center;white-space:pre-wrap;color:rgb(0, 0, 0);margin-bottom:12px;margin-top:0px;box-sizing:border-box\" class=\"detail-desc-decorate-content\" align=\"center\"><img decoding=\"async\" data-src=\"https:\/\/ae01.alicdn.com\/kf\/Sca7c46172d73455aa77b7ba2cc29f379v.png\" slate-data-type=\"image\" src=\"data:image\/svg+xml;base64,PHN2ZyB3aWR0aD0iMSIgaGVpZ2h0PSIxIiB4bWxucz0iaHR0cDovL3d3dy53My5vcmcvMjAwMC9zdmciPjwvc3ZnPg==\" class=\"lazyload\" \/><\/p>\n<p style=\"font-family:OpenSans;font-size:14px;font-weight:300;line-height:20px;text-align:center;white-space:pre-wrap;color:rgb(0, 0, 0);margin-bottom:12px;margin-top:0px;box-sizing:border-box\" class=\"detail-desc-decorate-content\" align=\"center\"><span style=\"font-size:32px\"><strong>Stiprus magnetas + greitas suderinimas<\/strong><\/span><\/p>\n<p style=\"font-family:OpenSans;font-size:14px;font-weight:300;line-height:20px;text-align:center;white-space:pre-wrap;color:rgb(0, 0, 0);margin-bottom:12px;margin-top:0px;box-sizing:border-box\" class=\"detail-desc-decorate-content\" align=\"center\"><span style=\"font-size:20px\">Naudojant patobulint\u0105 originalaus dvigubo sluoksnio magneto versij\u0105, \u0161is magnetas gali tiksliai prisitvirtinti, net ir smarkiai supurtytas nenukris.<\/span><\/p>\n<p style=\"font-family:OpenSans;font-size:14px;font-weight:300;line-height:20px;text-align:center;white-space:pre-wrap;color:rgb(0, 0, 0);margin-bottom:12px;margin-top:0px;box-sizing:border-box\" class=\"detail-desc-decorate-content\" align=\"center\"><span style=\"font-size:20px\">Nerekomenduojame naudoti \u012fprast\u0173 apsaugini\u0173 d\u0117kl\u0173, nes jie trukdo telefonui prisitvirtinti prie magneto, tod\u0117l telefonas gali lengvai nukristi. <\/span><\/p>\n<p style=\"font-family:OpenSans;font-size:14px;font-weight:300;line-height:20px;text-align:center;white-space:pre-wrap;color:rgb(0, 0, 0);margin-bottom:12px;margin-top:0px;box-sizing:border-box\" class=\"detail-desc-decorate-content\" align=\"center\"><span style=\"font-size:20px\">Rekomenduojame naudoti: su magnetiniu d\u0117klu \u2705 arba magnetiniu \u017eiedu \u2705 <\/span><\/p>\n<p style=\"font-family:OpenSans;font-size:14px;font-weight:300;line-height:20px;text-align:center;white-space:pre-wrap;color:rgb(0, 0, 0);margin-bottom:12px;margin-top:0px;box-sizing:border-box\" class=\"detail-desc-decorate-content\" align=\"center\"><img decoding=\"async\" data-src=\"https:\/\/ae01.alicdn.com\/kf\/Sb48f2a10830d40b6b6abba61f5a17d6dX.png\" slate-data-type=\"image\" src=\"data:image\/svg+xml;base64,PHN2ZyB3aWR0aD0iMSIgaGVpZ2h0PSIxIiB4bWxucz0iaHR0cDovL3d3dy53My5vcmcvMjAwMC9zdmciPjwvc3ZnPg==\" class=\"lazyload\" \/><\/p>\n<p style=\"font-family:OpenSans;font-size:14px;font-weight:300;line-height:20px;text-align:center;white-space:pre-wrap;color:rgb(0, 0, 0);margin-bottom:12px;margin-top:0px;box-sizing:border-box\" class=\"detail-desc-decorate-content\" align=\"center\"><span style=\"font-size:32px\"><strong>Metalin\u0119 \u012fkrovimo stotel\u0119. \u012ekrovimas be perkaitimo<\/strong><\/span><\/p>\n<p style=\"font-family:OpenSans;font-size:14px;font-weight:300;line-height:20px;text-align:center;white-space:pre-wrap;color:rgb(0, 0, 0);margin-bottom:12px;margin-top:0px;box-sizing:border-box\" class=\"detail-desc-decorate-content\" align=\"center\"><span style=\"font-size:20px\">Gaminys pagamintas i\u0161 aliuminio lydinio, pasi\u017eymin\u010dio geru \u0161ilumos laidumu, kuris greitai i\u0161sklaido \u012fkrovimo metu susidaran\u010di\u0105 \u0161ilum\u0105, <\/span><\/p>\n<p style=\"font-family:OpenSans;font-size:14px;font-weight:300;line-height:20px;text-align:center;white-space:pre-wrap;color:rgb(0, 0, 0);margin-bottom:12px;margin-top:0px;box-sizing:border-box\" class=\"detail-desc-decorate-content\" align=\"center\"><span style=\"font-size:20px\">\u012fkrovimo procesas nekaista, o \u012fkrovimas pagreit\u0117ja 25 %, tod\u0117l prailginamas akumuliatoriaus tarnavimo laikas.<\/span><\/p>\n<p style=\"font-family:OpenSans;font-size:14px;font-weight:300;line-height:20px;text-align:center;white-space:pre-wrap;color:rgb(0, 0, 0);margin-bottom:12px;margin-top:0px;box-sizing:border-box\" class=\"detail-desc-decorate-content\" align=\"center\"><img decoding=\"async\" data-src=\"https:\/\/ae01.alicdn.com\/kf\/Sf520d726de384f39a076e4e37d03e111M.jpg\" slate-data-type=\"image\" src=\"data:image\/svg+xml;base64,PHN2ZyB3aWR0aD0iMSIgaGVpZ2h0PSIxIiB4bWxucz0iaHR0cDovL3d3dy53My5vcmcvMjAwMC9zdmciPjwvc3ZnPg==\" class=\"lazyload\" \/><\/p>\n<p style=\"font-family:OpenSans;font-size:14px;font-weight:300;line-height:20px;text-align:center;white-space:pre-wrap;color:rgb(0, 0, 0);margin-bottom:12px;margin-top:0px;box-sizing:border-box\" class=\"detail-desc-decorate-content\" align=\"center\"><span style=\"font-size:32px\"><strong>Suderinami adapteriai<\/strong><\/span><\/p>\n<p style=\"font-family:OpenSans;font-size:14px;font-weight:300;line-height:20px;text-align:center;white-space:pre-wrap;color:rgb(0, 0, 0);margin-bottom:12px;margin-top:0px;box-sizing:border-box\" class=\"detail-desc-decorate-content\" align=\"center\"><span style=\"font-size:20px\">Norint greitai \u012fkrauti, rekomenduojame naudoti PD adapter\u012f, kurio galia yra 20 W ar didesn\u0117.<\/span><\/p>\n<p style=\"font-family:OpenSans;font-size:14px;font-weight:300;line-height:20px;text-align:center;white-space:pre-wrap;color:rgb(0, 0, 0);margin-bottom:12px;margin-top:0px;box-sizing:border-box\" class=\"detail-desc-decorate-content\" align=\"center\"><img decoding=\"async\" data-src=\"https:\/\/ae01.alicdn.com\/kf\/S58567fbb0fdb4e59aadad23a794cea99r.png\" slate-data-type=\"image\" src=\"data:image\/svg+xml;base64,PHN2ZyB3aWR0aD0iMSIgaGVpZ2h0PSIxIiB4bWxucz0iaHR0cDovL3d3dy53My5vcmcvMjAwMC9zdmciPjwvc3ZnPg==\" class=\"lazyload\" \/><\/p>\n<p style=\"font-family:OpenSans;font-size:14px;font-weight:300;line-height:20px;text-align:center;white-space:pre-wrap;color:rgb(0, 0, 0);margin-bottom:12px;margin-top:0px;box-sizing:border-box\" class=\"detail-desc-decorate-content\" align=\"center\"><span style=\"font-size:20px\">S formos auksinis santykis, 60\u00b0 ergonomi\u0161kas dizainas, suma\u017eina spaudim\u0105 pe\u010di\u0173 ir stuburo srityje, tod\u0117l naudotis \u012frenginiu tampa lengviau<\/span><\/p>\n<p style=\"font-family:OpenSans;font-size:14px;font-weight:300;line-height:20px;text-align:center;white-space:pre-wrap;color:rgb(0, 0, 0);margin-bottom:12px;margin-top:0px;box-sizing:border-box\" class=\"detail-desc-decorate-content\" align=\"center\"><img decoding=\"async\" data-src=\"https:\/\/ae01.alicdn.com\/kf\/Sd2fc67632eb04422bf54ee7e3d78a6bcP.png\" slate-data-type=\"image\" src=\"data:image\/svg+xml;base64,PHN2ZyB3aWR0aD0iMSIgaGVpZ2h0PSIxIiB4bWxucz0iaHR0cDovL3d3dy53My5vcmcvMjAwMC9zdmciPjwvc3ZnPg==\" class=\"lazyload\" \/><\/p>\n<p style=\"font-family:OpenSans;font-size:14px;font-weight:300;letter-spacing:normal;line-height:20px;text-align:center;white-space:pre-wrap;color:rgb(0, 0, 0);margin:0px 0px 12px;margin-bottom:12px;margin-top:0px;margin-left:0px;margin-right:0px;padding:0px;padding-bottom:0px;padding-top:0px;padding-left:0px;padding-right:0px;box-sizing:border-box\" class=\"detail-desc-decorate-content\" align=\"center\"><span style=\"font-size:32px\"><strong>\u012ekrovimo stotel\u0117 i\u0161 aliuminio lydinio<\/strong><\/span><\/p>\n<p style=\"font-family:OpenSans;font-size:14px;font-weight:300;letter-spacing:normal;line-height:20px;text-align:center;white-space:pre-wrap;color:rgb(0, 0, 0);margin:0px 0px 12px;margin-bottom:12px;margin-top:0px;margin-left:0px;margin-right:0px;padding:0px;padding-bottom:0px;padding-top:0px;padding-left:0px;padding-right:0px;box-sizing:border-box\" class=\"detail-desc-decorate-content\" align=\"center\"><span style=\"font-size:20px\">Matin\u0117 metalo tekst\u016bra, v\u0117sus ir \u0161velnus prisilietimas, jausmas gerokai geresnis nei naudojant \u012fprast\u0105 plastik\u0105.<\/span><\/p>\n<p style=\"font-family:OpenSans;font-size:14px;font-weight:300;letter-spacing:normal;line-height:20px;text-align:center;white-space:pre-wrap;color:rgb(0, 0, 0);margin:0px 0px 12px;margin-bottom:12px;margin-top:0px;margin-left:0px;margin-right:0px;padding:0px;padding-bottom:0px;padding-top:0px;padding-left:0px;padding-right:0px;box-sizing:border-box\" class=\"detail-desc-decorate-content\" align=\"center\"><span style=\"font-size:20px\">Metalinis pagrindas + silikonin\u0117 neslystan\u010dioji pagalv\u0117l\u0117, tvirta ir nesvyruojanti, nebereik\u0117s jaudintis, kad \u012frenginys nukris \u012fkrovimo metu.<\/span><\/p>\n<p style=\"font-family:OpenSans;font-size:14px;font-weight:300;line-height:20px;text-align:center;white-space:pre-wrap;color:rgb(0, 0, 0);margin-bottom:12px;margin-top:0px;box-sizing:border-box\" class=\"detail-desc-decorate-content\" align=\"center\"><img decoding=\"async\" data-src=\"https:\/\/ae01.alicdn.com\/kf\/Sa300a31a24ba4580b73ad78f2aeeaa3ef.png\" slate-data-type=\"image\" src=\"data:image\/svg+xml;base64,PHN2ZyB3aWR0aD0iMSIgaGVpZ2h0PSIxIiB4bWxucz0iaHR0cDovL3d3dy53My5vcmcvMjAwMC9zdmciPjwvc3ZnPg==\" class=\"lazyload\" \/><\/p>\n<p><img decoding=\"async\" class=\"img-responsive lazyload\" data-src=\"\/\/ae01.alicdn.com\/kf\/S891af1512fea4060abfbce0a470232a8W.jpg\" src=\"data:image\/svg+xml;base64,PHN2ZyB3aWR0aD0iMSIgaGVpZ2h0PSIxIiB4bWxucz0iaHR0cDovL3d3dy53My5vcmcvMjAwMC9zdmciPjwvc3ZnPg==\" \/><img decoding=\"async\" class=\"img-responsive lazyload\" data-src=\"\/\/ae01.alicdn.com\/kf\/Scf879dbc49f14828ad60c39c89d354945.png\" src=\"data:image\/svg+xml;base64,PHN2ZyB3aWR0aD0iMSIgaGVpZ2h0PSIxIiB4bWxucz0iaHR0cDovL3d3dy53My5vcmcvMjAwMC9zdmciPjwvc3ZnPg==\" \/><img decoding=\"async\" class=\"img-responsive lazyload\" data-src=\"\/\/ae01.alicdn.com\/kf\/Sca7c46172d73455aa77b7ba2cc29f379v.png\" src=\"data:image\/svg+xml;base64,PHN2ZyB3aWR0aD0iMSIgaGVpZ2h0PSIxIiB4bWxucz0iaHR0cDovL3d3dy53My5vcmcvMjAwMC9zdmciPjwvc3ZnPg==\" \/><img decoding=\"async\" class=\"img-responsive lazyload\" data-src=\"\/\/ae01.alicdn.com\/kf\/Sb48f2a10830d40b6b6abba61f5a17d6dX.png\" src=\"data:image\/svg+xml;base64,PHN2ZyB3aWR0aD0iMSIgaGVpZ2h0PSIxIiB4bWxucz0iaHR0cDovL3d3dy53My5vcmcvMjAwMC9zdmciPjwvc3ZnPg==\" \/><img decoding=\"async\" class=\"img-responsive lazyload\" data-src=\"\/\/ae01.alicdn.com\/kf\/Sf520d726de384f39a076e4e37d03e111M.jpg\" src=\"data:image\/svg+xml;base64,PHN2ZyB3aWR0aD0iMSIgaGVpZ2h0PSIxIiB4bWxucz0iaHR0cDovL3d3dy53My5vcmcvMjAwMC9zdmciPjwvc3ZnPg==\" \/><img decoding=\"async\" class=\"img-responsive lazyload\" data-src=\"\/\/ae01.alicdn.com\/kf\/S58567fbb0fdb4e59aadad23a794cea99r.png\" src=\"data:image\/svg+xml;base64,PHN2ZyB3aWR0aD0iMSIgaGVpZ2h0PSIxIiB4bWxucz0iaHR0cDovL3d3dy53My5vcmcvMjAwMC9zdmciPjwvc3ZnPg==\" \/><img decoding=\"async\" class=\"img-responsive lazyload\" data-src=\"\/\/ae01.alicdn.com\/kf\/Sd2fc67632eb04422bf54ee7e3d78a6bcP.png\" src=\"data:image\/svg+xml;base64,PHN2ZyB3aWR0aD0iMSIgaGVpZ2h0PSIxIiB4bWxucz0iaHR0cDovL3d3dy53My5vcmcvMjAwMC9zdmciPjwvc3ZnPg==\" \/><img decoding=\"async\" class=\"img-responsive lazyload\" data-src=\"\/\/ae01.alicdn.com\/kf\/Sa300a31a24ba4580b73ad78f2aeeaa3ef.png\" src=\"data:image\/svg+xml;base64,PHN2ZyB3aWR0aD0iMSIgaGVpZ2h0PSIxIiB4bWxucz0iaHR0cDovL3d3dy53My5vcmcvMjAwMC9zdmciPjwvc3ZnPg==\" \/><\/p>","protected":false},"excerpt":{"rendered":"<p>3-in-1 magnetin\u0117 belaid\u017eio \u012fkrovimo stotel\u0117 Vienu prievadu galima vienu metu \u012fkrauti \u201eSamsung\u201c telefon\u0105, \u201eGalaxy Watch\u201c ir ausines, tod\u0117l nereikia naudoti keli\u0173 \u012fkrovimo laid\u0173 kiekvienam \u012frenginiui, o j\u016bs\u0173 stalas i\u0161lieka tvarkingas. Tikra belaid\u017eio \u012fkrovimo patirtis. 15 W belaidis greitasis \u012fkrovimas \u0160i \u012fkrovimo stotel\u0117 tinka \u201eSamsung Galaxy S25\/S24\/S23\/S22\/S21\u201c serijos, \u201eNote\u201c serijos, \u201eS\u201c serijos ir visiems telefonams, \u201eGalaxy [&hellip;]<\/p>\n","protected":false},"featured_media":810,"comment_status":"open","ping_status":"closed","template":"","meta":[],"product_brand":[],"product_cat":[23],"product_tag":[],"class_list":{"0":"post-809","1":"product","2":"type-product","3":"status-publish","4":"has-post-thumbnail","6":"product_cat-ismanieji-prietaisai","7":"pa_color-black","8":"pa_color-black-add-eu-plug","9":"pa_color-black-add-us-plug","10":"pa_color-black-add-uk-plug","12":"first","13":"instock","14":"sale","15":"shipping-taxable","16":"purchasable","17":"product-type-variable"},"_links":{"self":[{"href":"https:\/\/topsmart.store\/en\/wp-json\/wp\/v2\/product\/809","targetHints":{"allow":["GET"]}}],"collection":[{"href":"https:\/\/topsmart.store\/en\/wp-json\/wp\/v2\/product"}],"about":[{"href":"https:\/\/topsmart.store\/en\/wp-json\/wp\/v2\/types\/product"}],"replies":[{"embeddable":true,"href":"https:\/\/topsmart.store\/en\/wp-json\/wp\/v2\/comments?post=809"}],"wp:featuredmedia":[{"embeddable":true,"href":"https:\/\/topsmart.store\/en\/wp-json\/wp\/v2\/media\/810"}],"wp:attachment":[{"href":"https:\/\/topsmart.store\/en\/wp-json\/wp\/v2\/media?parent=809"}],"wp:term":[{"taxonomy":"product_brand","embeddable":true,"href":"https:\/\/topsmart.store\/en\/wp-json\/wp\/v2\/product_brand?post=809"},{"taxonomy":"product_cat","embeddable":true,"href":"https:\/\/topsmart.store\/en\/wp-json\/wp\/v2\/product_cat?post=809"},{"taxonomy":"product_tag","embeddable":true,"href":"https:\/\/topsmart.store\/en\/wp-json\/wp\/v2\/product_tag?post=809"}],"curies":[{"name":"wp","href":"https:\/\/api.w.org\/{rel}","templated":true}]}}