{"id":901,"date":"2026-04-07T20:36:33","date_gmt":"2026-04-07T18:36:33","guid":{"rendered":"https:\/\/topsmart.store\/?post_type=product&#038;p=901"},"modified":"2026-04-09T16:13:53","modified_gmt":"2026-04-09T14:13:53","slug":"gimbal-stabilizer-selfie-stick-tripod-with-fill-light-bluetooth-wireless-extendable-for-samsung-iphone-cellphone-smartphone","status":"publish","type":"product","link":"https:\/\/topsmart.store\/en\/product\/gimbal-stabilizer-selfie-stick-tripod-with-fill-light-bluetooth-wireless-extendable-for-samsung-iphone-cellphone-smartphone\/","title":{"rendered":"Gimbal Stabilizer Selfie Stick Tripod with Fill Light Bluetooth Wireless Extendable for Samsung IPhone Cellphone Smartphone"},"content":{"rendered":"<p>\n<div class=\"detailmodule_text\">\n<p style=\"font-size:24px;text-align:center;display:block;width:100%\" align=\"center\">L18s stabilizatorius su savaranki\u0161kuoju laikikliu ir trikoju<\/p>\n<p style=\"font-family:OpenSans;font-size:14px;font-weight:300;line-height:20px;white-space:pre-wrap;color:rgb(0, 0, 0);margin-bottom:12px\" class=\"detail-desc-decorate-content\">Tai ir sav\u0119s fotografavimo lazdel\u0117, ir stabilizatorius viename! \u0160is universalus \u012frenginys turi \u012fmontuot\u0105 judesio stabilizatori\u0173, leid\u017eiant\u012f kaskart daryti skland\u017eius ir stabilius kadrus. Jis gali i\u0161sitiesti iki 695 mm, suteikdamas jums puik\u0173 atstum\u0105, kad u\u017efiksuotum\u0117te tobul\u0105 kadr\u0105.<\/p>\n<p>Prid\u0117jus \u201eBluetooth\u201c nuotolinio valdymo pult\u0105, galite lengvai fotografuoti savo telefonu i\u0161 10 metr\u0173 atstumo. Daugiau nebereik\u0117s vargti, norint paspausti u\u017erakto mygtuk\u0105!<\/p>\n<p>Bet tai dar ne viskas \u2013 m\u016bs\u0173 savaranki\u0161ko fotografavimo lazdel\u0117 taip pat turi LED lemput\u0119, kuri si\u016blo 3 skirtingus ap\u0161vietimo variantus su 6 skirtingais re\u017eimais, kiekvien\u0105 kart\u0105 suteikdama jums tobul\u0105 ap\u0161vietim\u0105. Ry\u0161kiausias nustatymas yra akinan\u010diai ry\u0161kus 6500K, u\u017etikrinantis, kad visada atrodysite geriausiai.<\/p>\n<p>M\u016bs\u0173 produktas taip pat turi program\u0117l\u0119, kurioje yra \u012fvairi\u0173 fotografavimo \u0161ablon\u0173, tod\u0117l lengva kurti profesionalios kokyb\u0117s vaizdo \u012fra\u0161us ir filmus. O kai baigsite, \u0161is kompakti\u0161kas \u012frenginys susilanksto iki vos 153 mm, tod\u0117l tampa pakankamai ma\u017eas, kad tilpt\u0173 \u012f ki\u0161en\u0119.<\/p>\n<p>Pasiruo\u0161kite pakelti savo asmenuki\u0173 kokyb\u0119 \u012f nauj\u0105 lyg\u012f su m\u016bs\u0173 nuostabiu asmenuki\u0173 lazdele ir stabilizatoriumi!<\/p>\n<\/div>\n<div class=\"detailmodule_image\"><img decoding=\"async\" class=\"detail-desc-decorate-image lazyload\" data-src=\"https:\/\/ae01.alicdn.com\/kf\/Sf4b564a5233b4e44a4ead6426bfb0721E.jpg\" slate-data-type=\"image\" src=\"data:image\/svg+xml;base64,PHN2ZyB3aWR0aD0iMSIgaGVpZ2h0PSIxIiB4bWxucz0iaHR0cDovL3d3dy53My5vcmcvMjAwMC9zdmciPjwvc3ZnPg==\" \/><img decoding=\"async\" class=\"detail-desc-decorate-image lazyload\" data-src=\"https:\/\/ae01.alicdn.com\/kf\/S906bd6f51a32423e9407d998d448dc28b.jpg\" slate-data-type=\"image\" src=\"data:image\/svg+xml;base64,PHN2ZyB3aWR0aD0iMSIgaGVpZ2h0PSIxIiB4bWxucz0iaHR0cDovL3d3dy53My5vcmcvMjAwMC9zdmciPjwvc3ZnPg==\" \/><img decoding=\"async\" class=\"detail-desc-decorate-image lazyload\" data-src=\"https:\/\/ae01.alicdn.com\/kf\/Sbc3a382f01024736b91c60846d43eb1az.jpg\" slate-data-type=\"image\" src=\"data:image\/svg+xml;base64,PHN2ZyB3aWR0aD0iMSIgaGVpZ2h0PSIxIiB4bWxucz0iaHR0cDovL3d3dy53My5vcmcvMjAwMC9zdmciPjwvc3ZnPg==\" \/><img decoding=\"async\" class=\"detail-desc-decorate-image lazyload\" data-src=\"https:\/\/ae01.alicdn.com\/kf\/Scd191bc9d056492db8876e02a4129e137.jpg\" slate-data-type=\"image\" src=\"data:image\/svg+xml;base64,PHN2ZyB3aWR0aD0iMSIgaGVpZ2h0PSIxIiB4bWxucz0iaHR0cDovL3d3dy53My5vcmcvMjAwMC9zdmciPjwvc3ZnPg==\" \/><img decoding=\"async\" class=\"detail-desc-decorate-image lazyload\" data-src=\"https:\/\/ae01.alicdn.com\/kf\/S23a53b3809dd4dcc9ca33ecece0cfc0fN.jpg\" slate-data-type=\"image\" src=\"data:image\/svg+xml;base64,PHN2ZyB3aWR0aD0iMSIgaGVpZ2h0PSIxIiB4bWxucz0iaHR0cDovL3d3dy53My5vcmcvMjAwMC9zdmciPjwvc3ZnPg==\" \/><img decoding=\"async\" class=\"detail-desc-decorate-image lazyload\" data-src=\"https:\/\/ae01.alicdn.com\/kf\/S7f01201371f843d18e7b8fc39e219f47h.jpg\" slate-data-type=\"image\" src=\"data:image\/svg+xml;base64,PHN2ZyB3aWR0aD0iMSIgaGVpZ2h0PSIxIiB4bWxucz0iaHR0cDovL3d3dy53My5vcmcvMjAwMC9zdmciPjwvc3ZnPg==\" \/><img decoding=\"async\" class=\"detail-desc-decorate-image lazyload\" data-src=\"https:\/\/ae01.alicdn.com\/kf\/S70ad05ad415e4b4db794b2fbde95d7d1p.jpg\" slate-data-type=\"image\" src=\"data:image\/svg+xml;base64,PHN2ZyB3aWR0aD0iMSIgaGVpZ2h0PSIxIiB4bWxucz0iaHR0cDovL3d3dy53My5vcmcvMjAwMC9zdmciPjwvc3ZnPg==\" \/><img decoding=\"async\" class=\"detail-desc-decorate-image lazyload\" data-src=\"https:\/\/ae01.alicdn.com\/kf\/S32145fc2864d4440ba6cfc9117f3d4bcj.jpg\" slate-data-type=\"image\" src=\"data:image\/svg+xml;base64,PHN2ZyB3aWR0aD0iMSIgaGVpZ2h0PSIxIiB4bWxucz0iaHR0cDovL3d3dy53My5vcmcvMjAwMC9zdmciPjwvc3ZnPg==\" \/><img decoding=\"async\" class=\"detail-desc-decorate-image lazyload\" data-src=\"https:\/\/ae01.alicdn.com\/kf\/S2f55fd39905a4f10a76ab73fa0218152s.jpg\" slate-data-type=\"image\" src=\"data:image\/svg+xml;base64,PHN2ZyB3aWR0aD0iMSIgaGVpZ2h0PSIxIiB4bWxucz0iaHR0cDovL3d3dy53My5vcmcvMjAwMC9zdmciPjwvc3ZnPg==\" \/><\/div>\n<div class=\"detailmodule_image\"><img decoding=\"async\" class=\"detail-desc-decorate-image lazyload\" data-src=\"https:\/\/ae01.alicdn.com\/kf\/S74ca7e54b2c641238a64845f83965f4aH.jpg\" slate-data-type=\"image\" src=\"data:image\/svg+xml;base64,PHN2ZyB3aWR0aD0iMSIgaGVpZ2h0PSIxIiB4bWxucz0iaHR0cDovL3d3dy53My5vcmcvMjAwMC9zdmciPjwvc3ZnPg==\" \/><img decoding=\"async\" class=\"detail-desc-decorate-image lazyload\" data-src=\"https:\/\/ae01.alicdn.com\/kf\/Sadbbbfc1de8b41619aec3b866f364555C.jpg\" slate-data-type=\"image\" src=\"data:image\/svg+xml;base64,PHN2ZyB3aWR0aD0iMSIgaGVpZ2h0PSIxIiB4bWxucz0iaHR0cDovL3d3dy53My5vcmcvMjAwMC9zdmciPjwvc3ZnPg==\" \/><img decoding=\"async\" class=\"detail-desc-decorate-image lazyload\" data-src=\"https:\/\/ae01.alicdn.com\/kf\/S2313e103f58141b19a6b1e95594977567.jpg\" slate-data-type=\"image\" src=\"data:image\/svg+xml;base64,PHN2ZyB3aWR0aD0iMSIgaGVpZ2h0PSIxIiB4bWxucz0iaHR0cDovL3d3dy53My5vcmcvMjAwMC9zdmciPjwvc3ZnPg==\" \/><img decoding=\"async\" class=\"detail-desc-decorate-image lazyload\" data-src=\"https:\/\/ae01.alicdn.com\/kf\/Se8b811e316074a2e8c125bbcdb1a8da1m.jpg\" slate-data-type=\"image\" src=\"data:image\/svg+xml;base64,PHN2ZyB3aWR0aD0iMSIgaGVpZ2h0PSIxIiB4bWxucz0iaHR0cDovL3d3dy53My5vcmcvMjAwMC9zdmciPjwvc3ZnPg==\" \/><img decoding=\"async\" class=\"detail-desc-decorate-image lazyload\" data-src=\"https:\/\/ae01.alicdn.com\/kf\/S3c05cd15351646ba932bce07fe2c241d4.jpg\" slate-data-type=\"image\" src=\"data:image\/svg+xml;base64,PHN2ZyB3aWR0aD0iMSIgaGVpZ2h0PSIxIiB4bWxucz0iaHR0cDovL3d3dy53My5vcmcvMjAwMC9zdmciPjwvc3ZnPg==\" \/><img decoding=\"async\" class=\"detail-desc-decorate-image lazyload\" data-src=\"https:\/\/ae01.alicdn.com\/kf\/S76ee90b330084fcf8fbffeed3629b73dP.jpg\" slate-data-type=\"image\" src=\"data:image\/svg+xml;base64,PHN2ZyB3aWR0aD0iMSIgaGVpZ2h0PSIxIiB4bWxucz0iaHR0cDovL3d3dy53My5vcmcvMjAwMC9zdmciPjwvc3ZnPg==\" \/><img decoding=\"async\" class=\"detail-desc-decorate-image lazyload\" data-src=\"https:\/\/ae01.alicdn.com\/kf\/S67c7cf199290459a88d4e7bf844bb5d0S.jpg\" slate-data-type=\"image\" src=\"data:image\/svg+xml;base64,PHN2ZyB3aWR0aD0iMSIgaGVpZ2h0PSIxIiB4bWxucz0iaHR0cDovL3d3dy53My5vcmcvMjAwMC9zdmciPjwvc3ZnPg==\" \/><img decoding=\"async\" class=\"detail-desc-decorate-image lazyload\" data-src=\"https:\/\/ae01.alicdn.com\/kf\/S25c14c8e81354a238607f74ed3e8ba056.jpg\" slate-data-type=\"image\" src=\"data:image\/svg+xml;base64,PHN2ZyB3aWR0aD0iMSIgaGVpZ2h0PSIxIiB4bWxucz0iaHR0cDovL3d3dy53My5vcmcvMjAwMC9zdmciPjwvc3ZnPg==\" \/><img decoding=\"async\" class=\"detail-desc-decorate-image lazyload\" data-src=\"https:\/\/ae01.alicdn.com\/kf\/S7f79529fa6e84e9e96b5c8536f98d279t.jpg\" slate-data-type=\"image\" src=\"data:image\/svg+xml;base64,PHN2ZyB3aWR0aD0iMSIgaGVpZ2h0PSIxIiB4bWxucz0iaHR0cDovL3d3dy53My5vcmcvMjAwMC9zdmciPjwvc3ZnPg==\" \/><img decoding=\"async\" class=\"detail-desc-decorate-image lazyload\" data-src=\"https:\/\/ae01.alicdn.com\/kf\/Se998929ae1ef4a47ae20c4c1cfecab12u.jpg\" slate-data-type=\"image\" src=\"data:image\/svg+xml;base64,PHN2ZyB3aWR0aD0iMSIgaGVpZ2h0PSIxIiB4bWxucz0iaHR0cDovL3d3dy53My5vcmcvMjAwMC9zdmciPjwvc3ZnPg==\" \/><\/div>\n<\/p>\n<div class=\"detailmodule_image\"><img decoding=\"async\" class=\"detail-desc-decorate-image lazyload\" data-src=\"https:\/\/ae01.alicdn.com\/kf\/S587327e16bf741328b533ef0cc49bc49Q.jpg\" slate-data-type=\"image\" src=\"data:image\/svg+xml;base64,PHN2ZyB3aWR0aD0iMSIgaGVpZ2h0PSIxIiB4bWxucz0iaHR0cDovL3d3dy53My5vcmcvMjAwMC9zdmciPjwvc3ZnPg==\" \/><img decoding=\"async\" class=\"detail-desc-decorate-image lazyload\" data-src=\"https:\/\/ae01.alicdn.com\/kf\/S150624aade7c4854a750b5c07579e6abA.jpg\" slate-data-type=\"image\" src=\"data:image\/svg+xml;base64,PHN2ZyB3aWR0aD0iMSIgaGVpZ2h0PSIxIiB4bWxucz0iaHR0cDovL3d3dy53My5vcmcvMjAwMC9zdmciPjwvc3ZnPg==\" \/><img decoding=\"async\" class=\"detail-desc-decorate-image lazyload\" data-src=\"https:\/\/ae01.alicdn.com\/kf\/S57d5eeb92f6245638ba62ebbf12e24e4h.jpg\" slate-data-type=\"image\" src=\"data:image\/svg+xml;base64,PHN2ZyB3aWR0aD0iMSIgaGVpZ2h0PSIxIiB4bWxucz0iaHR0cDovL3d3dy53My5vcmcvMjAwMC9zdmciPjwvc3ZnPg==\" \/><img decoding=\"async\" class=\"detail-desc-decorate-image lazyload\" data-src=\"https:\/\/ae01.alicdn.com\/kf\/S09568990dcaf458bb93899e991aa132fH.jpg\" slate-data-type=\"image\" src=\"data:image\/svg+xml;base64,PHN2ZyB3aWR0aD0iMSIgaGVpZ2h0PSIxIiB4bWxucz0iaHR0cDovL3d3dy53My5vcmcvMjAwMC9zdmciPjwvc3ZnPg==\" \/><img decoding=\"async\" class=\"detail-desc-decorate-image lazyload\" data-src=\"https:\/\/ae01.alicdn.com\/kf\/S737a176795a3405287383f7a662a3850e.jpg\" slate-data-type=\"image\" src=\"data:image\/svg+xml;base64,PHN2ZyB3aWR0aD0iMSIgaGVpZ2h0PSIxIiB4bWxucz0iaHR0cDovL3d3dy53My5vcmcvMjAwMC9zdmciPjwvc3ZnPg==\" \/><img decoding=\"async\" class=\"detail-desc-decorate-image lazyload\" data-src=\"https:\/\/ae01.alicdn.com\/kf\/S2e2961725c844d3689226e61bef63ac2g.jpg\" slate-data-type=\"image\" src=\"data:image\/svg+xml;base64,PHN2ZyB3aWR0aD0iMSIgaGVpZ2h0PSIxIiB4bWxucz0iaHR0cDovL3d3dy53My5vcmcvMjAwMC9zdmciPjwvc3ZnPg==\" \/><\/div>\n<p><\/p>\n<\/p>\n<p><img decoding=\"async\" class=\"img-responsive lazyload\" data-src=\"\/\/ae01.alicdn.com\/kf\/Sf4b564a5233b4e44a4ead6426bfb0721E.jpg\" src=\"data:image\/svg+xml;base64,PHN2ZyB3aWR0aD0iMSIgaGVpZ2h0PSIxIiB4bWxucz0iaHR0cDovL3d3dy53My5vcmcvMjAwMC9zdmciPjwvc3ZnPg==\" \/><img decoding=\"async\" class=\"img-responsive lazyload\" data-src=\"\/\/ae01.alicdn.com\/kf\/S906bd6f51a32423e9407d998d448dc28b.jpg\" src=\"data:image\/svg+xml;base64,PHN2ZyB3aWR0aD0iMSIgaGVpZ2h0PSIxIiB4bWxucz0iaHR0cDovL3d3dy53My5vcmcvMjAwMC9zdmciPjwvc3ZnPg==\" \/><img decoding=\"async\" class=\"img-responsive lazyload\" data-src=\"\/\/ae01.alicdn.com\/kf\/Sbc3a382f01024736b91c60846d43eb1az.jpg\" src=\"data:image\/svg+xml;base64,PHN2ZyB3aWR0aD0iMSIgaGVpZ2h0PSIxIiB4bWxucz0iaHR0cDovL3d3dy53My5vcmcvMjAwMC9zdmciPjwvc3ZnPg==\" \/><img decoding=\"async\" class=\"img-responsive lazyload\" data-src=\"\/\/ae01.alicdn.com\/kf\/Scd191bc9d056492db8876e02a4129e137.jpg\" src=\"data:image\/svg+xml;base64,PHN2ZyB3aWR0aD0iMSIgaGVpZ2h0PSIxIiB4bWxucz0iaHR0cDovL3d3dy53My5vcmcvMjAwMC9zdmciPjwvc3ZnPg==\" \/><img decoding=\"async\" class=\"img-responsive lazyload\" data-src=\"\/\/ae01.alicdn.com\/kf\/S23a53b3809dd4dcc9ca33ecece0cfc0fN.jpg\" src=\"data:image\/svg+xml;base64,PHN2ZyB3aWR0aD0iMSIgaGVpZ2h0PSIxIiB4bWxucz0iaHR0cDovL3d3dy53My5vcmcvMjAwMC9zdmciPjwvc3ZnPg==\" \/><img decoding=\"async\" class=\"img-responsive lazyload\" data-src=\"\/\/ae01.alicdn.com\/kf\/S7f01201371f843d18e7b8fc39e219f47h.jpg\" src=\"data:image\/svg+xml;base64,PHN2ZyB3aWR0aD0iMSIgaGVpZ2h0PSIxIiB4bWxucz0iaHR0cDovL3d3dy53My5vcmcvMjAwMC9zdmciPjwvc3ZnPg==\" \/><img decoding=\"async\" class=\"img-responsive lazyload\" data-src=\"\/\/ae01.alicdn.com\/kf\/S70ad05ad415e4b4db794b2fbde95d7d1p.jpg\" src=\"data:image\/svg+xml;base64,PHN2ZyB3aWR0aD0iMSIgaGVpZ2h0PSIxIiB4bWxucz0iaHR0cDovL3d3dy53My5vcmcvMjAwMC9zdmciPjwvc3ZnPg==\" \/><img decoding=\"async\" class=\"img-responsive lazyload\" data-src=\"\/\/ae01.alicdn.com\/kf\/S32145fc2864d4440ba6cfc9117f3d4bcj.jpg\" src=\"data:image\/svg+xml;base64,PHN2ZyB3aWR0aD0iMSIgaGVpZ2h0PSIxIiB4bWxucz0iaHR0cDovL3d3dy53My5vcmcvMjAwMC9zdmciPjwvc3ZnPg==\" \/><img decoding=\"async\" class=\"img-responsive lazyload\" data-src=\"\/\/ae01.alicdn.com\/kf\/S2f55fd39905a4f10a76ab73fa0218152s.jpg\" src=\"data:image\/svg+xml;base64,PHN2ZyB3aWR0aD0iMSIgaGVpZ2h0PSIxIiB4bWxucz0iaHR0cDovL3d3dy53My5vcmcvMjAwMC9zdmciPjwvc3ZnPg==\" \/><img decoding=\"async\" class=\"img-responsive lazyload\" data-src=\"\/\/ae01.alicdn.com\/kf\/S74ca7e54b2c641238a64845f83965f4aH.jpg\" src=\"data:image\/svg+xml;base64,PHN2ZyB3aWR0aD0iMSIgaGVpZ2h0PSIxIiB4bWxucz0iaHR0cDovL3d3dy53My5vcmcvMjAwMC9zdmciPjwvc3ZnPg==\" \/><img decoding=\"async\" class=\"img-responsive lazyload\" data-src=\"\/\/ae01.alicdn.com\/kf\/Sadbbbfc1de8b41619aec3b866f364555C.jpg\" src=\"data:image\/svg+xml;base64,PHN2ZyB3aWR0aD0iMSIgaGVpZ2h0PSIxIiB4bWxucz0iaHR0cDovL3d3dy53My5vcmcvMjAwMC9zdmciPjwvc3ZnPg==\" \/><img decoding=\"async\" class=\"img-responsive lazyload\" data-src=\"\/\/ae01.alicdn.com\/kf\/S2313e103f58141b19a6b1e95594977567.jpg\" src=\"data:image\/svg+xml;base64,PHN2ZyB3aWR0aD0iMSIgaGVpZ2h0PSIxIiB4bWxucz0iaHR0cDovL3d3dy53My5vcmcvMjAwMC9zdmciPjwvc3ZnPg==\" \/><img decoding=\"async\" class=\"img-responsive lazyload\" data-src=\"\/\/ae01.alicdn.com\/kf\/Se8b811e316074a2e8c125bbcdb1a8da1m.jpg\" src=\"data:image\/svg+xml;base64,PHN2ZyB3aWR0aD0iMSIgaGVpZ2h0PSIxIiB4bWxucz0iaHR0cDovL3d3dy53My5vcmcvMjAwMC9zdmciPjwvc3ZnPg==\" \/><img decoding=\"async\" class=\"img-responsive lazyload\" data-src=\"\/\/ae01.alicdn.com\/kf\/S3c05cd15351646ba932bce07fe2c241d4.jpg\" src=\"data:image\/svg+xml;base64,PHN2ZyB3aWR0aD0iMSIgaGVpZ2h0PSIxIiB4bWxucz0iaHR0cDovL3d3dy53My5vcmcvMjAwMC9zdmciPjwvc3ZnPg==\" \/><img decoding=\"async\" class=\"img-responsive lazyload\" data-src=\"\/\/ae01.alicdn.com\/kf\/S76ee90b330084fcf8fbffeed3629b73dP.jpg\" src=\"data:image\/svg+xml;base64,PHN2ZyB3aWR0aD0iMSIgaGVpZ2h0PSIxIiB4bWxucz0iaHR0cDovL3d3dy53My5vcmcvMjAwMC9zdmciPjwvc3ZnPg==\" \/><img decoding=\"async\" class=\"img-responsive lazyload\" data-src=\"\/\/ae01.alicdn.com\/kf\/S67c7cf199290459a88d4e7bf844bb5d0S.jpg\" src=\"data:image\/svg+xml;base64,PHN2ZyB3aWR0aD0iMSIgaGVpZ2h0PSIxIiB4bWxucz0iaHR0cDovL3d3dy53My5vcmcvMjAwMC9zdmciPjwvc3ZnPg==\" \/><img decoding=\"async\" class=\"img-responsive lazyload\" data-src=\"\/\/ae01.alicdn.com\/kf\/S25c14c8e81354a238607f74ed3e8ba056.jpg\" src=\"data:image\/svg+xml;base64,PHN2ZyB3aWR0aD0iMSIgaGVpZ2h0PSIxIiB4bWxucz0iaHR0cDovL3d3dy53My5vcmcvMjAwMC9zdmciPjwvc3ZnPg==\" \/><img decoding=\"async\" class=\"img-responsive lazyload\" data-src=\"\/\/ae01.alicdn.com\/kf\/S7f79529fa6e84e9e96b5c8536f98d279t.jpg\" src=\"data:image\/svg+xml;base64,PHN2ZyB3aWR0aD0iMSIgaGVpZ2h0PSIxIiB4bWxucz0iaHR0cDovL3d3dy53My5vcmcvMjAwMC9zdmciPjwvc3ZnPg==\" \/><img decoding=\"async\" class=\"img-responsive lazyload\" data-src=\"\/\/ae01.alicdn.com\/kf\/Se998929ae1ef4a47ae20c4c1cfecab12u.jpg\" src=\"data:image\/svg+xml;base64,PHN2ZyB3aWR0aD0iMSIgaGVpZ2h0PSIxIiB4bWxucz0iaHR0cDovL3d3dy53My5vcmcvMjAwMC9zdmciPjwvc3ZnPg==\" \/><img decoding=\"async\" class=\"img-responsive lazyload\" data-src=\"\/\/ae01.alicdn.com\/kf\/S587327e16bf741328b533ef0cc49bc49Q.jpg\" src=\"data:image\/svg+xml;base64,PHN2ZyB3aWR0aD0iMSIgaGVpZ2h0PSIxIiB4bWxucz0iaHR0cDovL3d3dy53My5vcmcvMjAwMC9zdmciPjwvc3ZnPg==\" \/><img decoding=\"async\" class=\"img-responsive lazyload\" data-src=\"\/\/ae01.alicdn.com\/kf\/S150624aade7c4854a750b5c07579e6abA.jpg\" src=\"data:image\/svg+xml;base64,PHN2ZyB3aWR0aD0iMSIgaGVpZ2h0PSIxIiB4bWxucz0iaHR0cDovL3d3dy53My5vcmcvMjAwMC9zdmciPjwvc3ZnPg==\" \/><img decoding=\"async\" class=\"img-responsive lazyload\" data-src=\"\/\/ae01.alicdn.com\/kf\/S57d5eeb92f6245638ba62ebbf12e24e4h.jpg\" src=\"data:image\/svg+xml;base64,PHN2ZyB3aWR0aD0iMSIgaGVpZ2h0PSIxIiB4bWxucz0iaHR0cDovL3d3dy53My5vcmcvMjAwMC9zdmciPjwvc3ZnPg==\" \/><img decoding=\"async\" class=\"img-responsive lazyload\" data-src=\"\/\/ae01.alicdn.com\/kf\/S09568990dcaf458bb93899e991aa132fH.jpg\" src=\"data:image\/svg+xml;base64,PHN2ZyB3aWR0aD0iMSIgaGVpZ2h0PSIxIiB4bWxucz0iaHR0cDovL3d3dy53My5vcmcvMjAwMC9zdmciPjwvc3ZnPg==\" \/><img decoding=\"async\" class=\"img-responsive lazyload\" data-src=\"\/\/ae01.alicdn.com\/kf\/S737a176795a3405287383f7a662a3850e.jpg\" src=\"data:image\/svg+xml;base64,PHN2ZyB3aWR0aD0iMSIgaGVpZ2h0PSIxIiB4bWxucz0iaHR0cDovL3d3dy53My5vcmcvMjAwMC9zdmciPjwvc3ZnPg==\" \/><img decoding=\"async\" class=\"img-responsive lazyload\" data-src=\"\/\/ae01.alicdn.com\/kf\/S2e2961725c844d3689226e61bef63ac2g.jpg\" src=\"data:image\/svg+xml;base64,PHN2ZyB3aWR0aD0iMSIgaGVpZ2h0PSIxIiB4bWxucz0iaHR0cDovL3d3dy53My5vcmcvMjAwMC9zdmciPjwvc3ZnPg==\" \/><\/p>","protected":false},"excerpt":{"rendered":"<p>L18s stabilizatorius su savaranki\u0161kuoju laikikliu ir trikoju Tai ir sav\u0119s fotografavimo lazdel\u0117, ir stabilizatorius viename! \u0160is universalus \u012frenginys turi \u012fmontuot\u0105 judesio stabilizatori\u0173, leid\u017eiant\u012f kaskart daryti skland\u017eius ir stabilius kadrus. Jis gali i\u0161sitiesti iki 695 mm, suteikdamas jums puik\u0173 atstum\u0105, kad u\u017efiksuotum\u0117te tobul\u0105 kadr\u0105. Prid\u0117jus \u201eBluetooth\u201c nuotolinio valdymo pult\u0105, galite lengvai fotografuoti savo telefonu i\u0161 10 [&hellip;]<\/p>\n","protected":false},"featured_media":902,"comment_status":"open","ping_status":"closed","template":"","meta":[],"product_brand":[],"product_cat":[23],"product_tag":[],"class_list":{"0":"post-901","1":"product","2":"type-product","3":"status-publish","4":"has-post-thumbnail","6":"product_cat-ismanieji-prietaisai","7":"pa_color-l18s","9":"first","10":"instock","11":"sale","12":"shipping-taxable","13":"purchasable","14":"product-type-simple"},"_links":{"self":[{"href":"https:\/\/topsmart.store\/en\/wp-json\/wp\/v2\/product\/901","targetHints":{"allow":["GET"]}}],"collection":[{"href":"https:\/\/topsmart.store\/en\/wp-json\/wp\/v2\/product"}],"about":[{"href":"https:\/\/topsmart.store\/en\/wp-json\/wp\/v2\/types\/product"}],"replies":[{"embeddable":true,"href":"https:\/\/topsmart.store\/en\/wp-json\/wp\/v2\/comments?post=901"}],"wp:featuredmedia":[{"embeddable":true,"href":"https:\/\/topsmart.store\/en\/wp-json\/wp\/v2\/media\/902"}],"wp:attachment":[{"href":"https:\/\/topsmart.store\/en\/wp-json\/wp\/v2\/media?parent=901"}],"wp:term":[{"taxonomy":"product_brand","embeddable":true,"href":"https:\/\/topsmart.store\/en\/wp-json\/wp\/v2\/product_brand?post=901"},{"taxonomy":"product_cat","embeddable":true,"href":"https:\/\/topsmart.store\/en\/wp-json\/wp\/v2\/product_cat?post=901"},{"taxonomy":"product_tag","embeddable":true,"href":"https:\/\/topsmart.store\/en\/wp-json\/wp\/v2\/product_tag?post=901"}],"curies":[{"name":"wp","href":"https:\/\/api.w.org\/{rel}","templated":true}]}}