{"id":957,"date":"2026-04-07T21:20:53","date_gmt":"2026-04-07T19:20:53","guid":{"rendered":"https:\/\/topsmart.store\/?post_type=product&#038;p=957"},"modified":"2026-04-10T20:12:19","modified_gmt":"2026-04-10T18:12:19","slug":"push-up-board-set-portable-multifunctional-push-up-bar-foldable-fitness-equipment-for-chest-abdomen-arms-back-training","status":"publish","type":"product","link":"https:\/\/topsmart.store\/en\/product\/push-up-board-set-portable-multifunctional-push-up-bar-foldable-fitness-equipment-for-chest-abdomen-arms-back-training\/","title":{"rendered":"Push-up Board Set Portable Multifunctional Push-up Bar Foldable Fitness Equipment For Chest Abdomen Arms\/Back Training"},"content":{"rendered":"<p>\n<p style=\"text-align:center\" align=\"center\"><strong>Produkto apra\u0161ymas:<\/strong><br \/>1. Skirting\u0173 spalv\u0173 st\u016bmimo plok\u0161t\u0117s leid\u017eia sutelkti d\u0117mes\u012f \u012f treniruojamus raumenis.<br \/>2. Tvirta st\u016bmimo plok\u0161\u010di\u0173 sistema turi kelet\u0105 pad\u0117\u010di\u0173 ir kamp\u0173, leid\u017eian\u010di\u0173 formuoti ir maksimaliai i\u0161ry\u0161kinti vir\u0161utin\u0117s k\u016bno dalies kont\u016brus.<br \/>3. \u0160i novatori\u0161ka sistema pad\u0117s deginti kalorijas ir didinti j\u0117g\u0105, taip u\u017etikrindama visapusi\u0161k\u0105 k\u016bno j\u0117gos ir fizin\u012f treniravim\u0105.<br \/>4. Ne\u0161iojama, lengvai surenkama ir laikoma.<br \/>5. Auk\u0161tos kokyb\u0117s, pamink\u0161tinta neslystanti rankena.<br \/><img decoding=\"async\" style=\"width:800px\" width=\"800px\" data-src=\"https:\/\/ae01.alicdn.com\/kf\/H5ce2dd6360f146ba8e6e294b0dd318eet.jpg?width=790&amp;height=1425&amp;hash=2215\" slate-data-type=\"image\" src=\"data:image\/svg+xml;base64,PHN2ZyB3aWR0aD0iMSIgaGVpZ2h0PSIxIiB4bWxucz0iaHR0cDovL3d3dy53My5vcmcvMjAwMC9zdmciPjwvc3ZnPg==\" class=\"lazyload\" \/> <img decoding=\"async\" style=\"width:800px\" width=\"800px\" data-src=\"https:\/\/ae01.alicdn.com\/kf\/H2deddba7da0947a19ad60f0d865f7bbaQ.jpg?width=790&amp;height=1425&amp;hash=2215\" slate-data-type=\"image\" src=\"data:image\/svg+xml;base64,PHN2ZyB3aWR0aD0iMSIgaGVpZ2h0PSIxIiB4bWxucz0iaHR0cDovL3d3dy53My5vcmcvMjAwMC9zdmciPjwvc3ZnPg==\" class=\"lazyload\" \/> <img decoding=\"async\" style=\"width:800px\" width=\"800px\" data-src=\"https:\/\/ae01.alicdn.com\/kf\/H21906b1018cd4b108261f4b1a94dca27k.jpg?width=790&amp;height=1425&amp;hash=2215\" slate-data-type=\"image\" src=\"data:image\/svg+xml;base64,PHN2ZyB3aWR0aD0iMSIgaGVpZ2h0PSIxIiB4bWxucz0iaHR0cDovL3d3dy53My5vcmcvMjAwMC9zdmciPjwvc3ZnPg==\" class=\"lazyload\" \/> <img decoding=\"async\" style=\"width:800px\" width=\"800px\" data-src=\"https:\/\/ae01.alicdn.com\/kf\/He28b1cd632e84b5595b22b3c36cdb809f.jpg?width=790&amp;height=1425&amp;hash=2215\" slate-data-type=\"image\" src=\"data:image\/svg+xml;base64,PHN2ZyB3aWR0aD0iMSIgaGVpZ2h0PSIxIiB4bWxucz0iaHR0cDovL3d3dy53My5vcmcvMjAwMC9zdmciPjwvc3ZnPg==\" class=\"lazyload\" \/> <img decoding=\"async\" style=\"width:800px\" width=\"800px\" data-src=\"https:\/\/ae01.alicdn.com\/kf\/H21408189791c41d484121b809f37503dL.jpg?width=790&amp;height=1425&amp;hash=2215\" slate-data-type=\"image\" src=\"data:image\/svg+xml;base64,PHN2ZyB3aWR0aD0iMSIgaGVpZ2h0PSIxIiB4bWxucz0iaHR0cDovL3d3dy53My5vcmcvMjAwMC9zdmciPjwvc3ZnPg==\" class=\"lazyload\" \/> <img decoding=\"async\" style=\"width:800px\" width=\"800px\" data-src=\"https:\/\/ae01.alicdn.com\/kf\/H5fa0d5ed1b114fe983cc09d148c10dc0x.jpg?width=790&amp;height=1425&amp;hash=2215\" slate-data-type=\"image\" src=\"data:image\/svg+xml;base64,PHN2ZyB3aWR0aD0iMSIgaGVpZ2h0PSIxIiB4bWxucz0iaHR0cDovL3d3dy53My5vcmcvMjAwMC9zdmciPjwvc3ZnPg==\" class=\"lazyload\" \/> <img decoding=\"async\" style=\"width:800px\" width=\"800px\" data-src=\"https:\/\/ae01.alicdn.com\/kf\/H8bc086aae89f48459ad64454f241abdcE.jpg?width=790&amp;height=1425&amp;hash=2215\" slate-data-type=\"image\" src=\"data:image\/svg+xml;base64,PHN2ZyB3aWR0aD0iMSIgaGVpZ2h0PSIxIiB4bWxucz0iaHR0cDovL3d3dy53My5vcmcvMjAwMC9zdmciPjwvc3ZnPg==\" class=\"lazyload\" \/> <img decoding=\"async\" style=\"width:800px\" width=\"800px\" data-src=\"https:\/\/ae01.alicdn.com\/kf\/H95846aef95e24e078115d170aa73309bP.jpg?width=790&amp;height=1425&amp;hash=2215\" slate-data-type=\"image\" src=\"data:image\/svg+xml;base64,PHN2ZyB3aWR0aD0iMSIgaGVpZ2h0PSIxIiB4bWxucz0iaHR0cDovL3d3dy53My5vcmcvMjAwMC9zdmciPjwvc3ZnPg==\" class=\"lazyload\" \/> <img decoding=\"async\" style=\"width:800px\" width=\"800px\" data-src=\"https:\/\/ae01.alicdn.com\/kf\/H290e3f9a5a8541dabf43ce4070f579e2j.jpg?width=790&amp;height=1425&amp;hash=2215\" slate-data-type=\"image\" src=\"data:image\/svg+xml;base64,PHN2ZyB3aWR0aD0iMSIgaGVpZ2h0PSIxIiB4bWxucz0iaHR0cDovL3d3dy53My5vcmcvMjAwMC9zdmciPjwvc3ZnPg==\" class=\"lazyload\" \/> <img decoding=\"async\" style=\"width:800px\" width=\"800px\" data-src=\"https:\/\/ae01.alicdn.com\/kf\/H4220de7daef4439e9dda6f39dc599107i.jpg?width=790&amp;height=1425&amp;hash=2215\" slate-data-type=\"image\" src=\"data:image\/svg+xml;base64,PHN2ZyB3aWR0aD0iMSIgaGVpZ2h0PSIxIiB4bWxucz0iaHR0cDovL3d3dy53My5vcmcvMjAwMC9zdmciPjwvc3ZnPg==\" class=\"lazyload\" \/> <img decoding=\"async\" style=\"width:800px\" width=\"800px\" data-src=\"https:\/\/ae01.alicdn.com\/kf\/H6bd371ea2fd947f0be0c3e5271bbcc24J.jpg?width=790&amp;height=1425&amp;hash=2215\" slate-data-type=\"image\" src=\"data:image\/svg+xml;base64,PHN2ZyB3aWR0aD0iMSIgaGVpZ2h0PSIxIiB4bWxucz0iaHR0cDovL3d3dy53My5vcmcvMjAwMC9zdmciPjwvc3ZnPg==\" class=\"lazyload\" \/> <img decoding=\"async\" style=\"width:800px\" width=\"800px\" data-src=\"https:\/\/ae01.alicdn.com\/kf\/H48880612b113473f8bdd7d8f537d88ba1.jpg?width=790&amp;height=1425&amp;hash=2215\" slate-data-type=\"image\" src=\"data:image\/svg+xml;base64,PHN2ZyB3aWR0aD0iMSIgaGVpZ2h0PSIxIiB4bWxucz0iaHR0cDovL3d3dy53My5vcmcvMjAwMC9zdmciPjwvc3ZnPg==\" class=\"lazyload\" \/> <img decoding=\"async\" style=\"width:800px\" width=\"800px\" data-src=\"https:\/\/ae01.alicdn.com\/kf\/H1ef95f8b187e4cb1952cfb62765c1ba6F.jpg?width=790&amp;height=1425&amp;hash=2215\" slate-data-type=\"image\" src=\"data:image\/svg+xml;base64,PHN2ZyB3aWR0aD0iMSIgaGVpZ2h0PSIxIiB4bWxucz0iaHR0cDovL3d3dy53My5vcmcvMjAwMC9zdmciPjwvc3ZnPg==\" class=\"lazyload\" \/> <img decoding=\"async\" style=\"width:800px\" width=\"800px\" data-src=\"https:\/\/ae01.alicdn.com\/kf\/Hd7e3f34cac214bc984bd749ecb7abbdcN.jpg?width=790&amp;height=1425&amp;hash=2215\" slate-data-type=\"image\" src=\"data:image\/svg+xml;base64,PHN2ZyB3aWR0aD0iMSIgaGVpZ2h0PSIxIiB4bWxucz0iaHR0cDovL3d3dy53My5vcmcvMjAwMC9zdmciPjwvc3ZnPg==\" class=\"lazyload\" \/> <img decoding=\"async\" style=\"width:800px\" width=\"800px\" data-src=\"https:\/\/ae01.alicdn.com\/kf\/Ha6a0e355eef7428fb7de81600c827d98a.jpg?width=790&amp;height=1425&amp;hash=2215\" slate-data-type=\"image\" src=\"data:image\/svg+xml;base64,PHN2ZyB3aWR0aD0iMSIgaGVpZ2h0PSIxIiB4bWxucz0iaHR0cDovL3d3dy53My5vcmcvMjAwMC9zdmciPjwvc3ZnPg==\" class=\"lazyload\" \/> <img decoding=\"async\" style=\"width:800px\" width=\"800px\" data-src=\"https:\/\/ae01.alicdn.com\/kf\/He72876e11fc7490a9aab4c93796e3d6dy.jpg?width=790&amp;height=1425&amp;hash=2215\" slate-data-type=\"image\" src=\"data:image\/svg+xml;base64,PHN2ZyB3aWR0aD0iMSIgaGVpZ2h0PSIxIiB4bWxucz0iaHR0cDovL3d3dy53My5vcmcvMjAwMC9zdmciPjwvc3ZnPg==\" class=\"lazyload\" \/><\/p>\n<\/p>\n<p><img decoding=\"async\" class=\"img-responsive lazyload\" data-src=\"\/\/ae01.alicdn.com\/kf\/H5ce2dd6360f146ba8e6e294b0dd318eet.jpg?width=790&#038;height=1425&#038;hash=2215\" src=\"data:image\/svg+xml;base64,PHN2ZyB3aWR0aD0iMSIgaGVpZ2h0PSIxIiB4bWxucz0iaHR0cDovL3d3dy53My5vcmcvMjAwMC9zdmciPjwvc3ZnPg==\" \/><img decoding=\"async\" class=\"img-responsive lazyload\" data-src=\"\/\/ae01.alicdn.com\/kf\/H2deddba7da0947a19ad60f0d865f7bbaQ.jpg?width=790&#038;height=1425&#038;hash=2215\" src=\"data:image\/svg+xml;base64,PHN2ZyB3aWR0aD0iMSIgaGVpZ2h0PSIxIiB4bWxucz0iaHR0cDovL3d3dy53My5vcmcvMjAwMC9zdmciPjwvc3ZnPg==\" \/><img decoding=\"async\" class=\"img-responsive lazyload\" data-src=\"\/\/ae01.alicdn.com\/kf\/H21906b1018cd4b108261f4b1a94dca27k.jpg?width=790&#038;height=1425&#038;hash=2215\" src=\"data:image\/svg+xml;base64,PHN2ZyB3aWR0aD0iMSIgaGVpZ2h0PSIxIiB4bWxucz0iaHR0cDovL3d3dy53My5vcmcvMjAwMC9zdmciPjwvc3ZnPg==\" \/><img decoding=\"async\" class=\"img-responsive lazyload\" data-src=\"\/\/ae01.alicdn.com\/kf\/He28b1cd632e84b5595b22b3c36cdb809f.jpg?width=790&#038;height=1425&#038;hash=2215\" src=\"data:image\/svg+xml;base64,PHN2ZyB3aWR0aD0iMSIgaGVpZ2h0PSIxIiB4bWxucz0iaHR0cDovL3d3dy53My5vcmcvMjAwMC9zdmciPjwvc3ZnPg==\" \/><img decoding=\"async\" class=\"img-responsive lazyload\" data-src=\"\/\/ae01.alicdn.com\/kf\/H21408189791c41d484121b809f37503dL.jpg?width=790&#038;height=1425&#038;hash=2215\" src=\"data:image\/svg+xml;base64,PHN2ZyB3aWR0aD0iMSIgaGVpZ2h0PSIxIiB4bWxucz0iaHR0cDovL3d3dy53My5vcmcvMjAwMC9zdmciPjwvc3ZnPg==\" \/><img decoding=\"async\" class=\"img-responsive lazyload\" data-src=\"\/\/ae01.alicdn.com\/kf\/H5fa0d5ed1b114fe983cc09d148c10dc0x.jpg?width=790&#038;height=1425&#038;hash=2215\" src=\"data:image\/svg+xml;base64,PHN2ZyB3aWR0aD0iMSIgaGVpZ2h0PSIxIiB4bWxucz0iaHR0cDovL3d3dy53My5vcmcvMjAwMC9zdmciPjwvc3ZnPg==\" \/><img decoding=\"async\" class=\"img-responsive lazyload\" data-src=\"\/\/ae01.alicdn.com\/kf\/H8bc086aae89f48459ad64454f241abdcE.jpg?width=790&#038;height=1425&#038;hash=2215\" src=\"data:image\/svg+xml;base64,PHN2ZyB3aWR0aD0iMSIgaGVpZ2h0PSIxIiB4bWxucz0iaHR0cDovL3d3dy53My5vcmcvMjAwMC9zdmciPjwvc3ZnPg==\" \/><img decoding=\"async\" class=\"img-responsive lazyload\" data-src=\"\/\/ae01.alicdn.com\/kf\/H95846aef95e24e078115d170aa73309bP.jpg?width=790&#038;height=1425&#038;hash=2215\" src=\"data:image\/svg+xml;base64,PHN2ZyB3aWR0aD0iMSIgaGVpZ2h0PSIxIiB4bWxucz0iaHR0cDovL3d3dy53My5vcmcvMjAwMC9zdmciPjwvc3ZnPg==\" \/><img decoding=\"async\" class=\"img-responsive lazyload\" data-src=\"\/\/ae01.alicdn.com\/kf\/H290e3f9a5a8541dabf43ce4070f579e2j.jpg?width=790&#038;height=1425&#038;hash=2215\" src=\"data:image\/svg+xml;base64,PHN2ZyB3aWR0aD0iMSIgaGVpZ2h0PSIxIiB4bWxucz0iaHR0cDovL3d3dy53My5vcmcvMjAwMC9zdmciPjwvc3ZnPg==\" \/><img decoding=\"async\" class=\"img-responsive lazyload\" data-src=\"\/\/ae01.alicdn.com\/kf\/H4220de7daef4439e9dda6f39dc599107i.jpg?width=790&#038;height=1425&#038;hash=2215\" src=\"data:image\/svg+xml;base64,PHN2ZyB3aWR0aD0iMSIgaGVpZ2h0PSIxIiB4bWxucz0iaHR0cDovL3d3dy53My5vcmcvMjAwMC9zdmciPjwvc3ZnPg==\" \/><img decoding=\"async\" class=\"img-responsive lazyload\" data-src=\"\/\/ae01.alicdn.com\/kf\/H6bd371ea2fd947f0be0c3e5271bbcc24J.jpg?width=790&#038;height=1425&#038;hash=2215\" src=\"data:image\/svg+xml;base64,PHN2ZyB3aWR0aD0iMSIgaGVpZ2h0PSIxIiB4bWxucz0iaHR0cDovL3d3dy53My5vcmcvMjAwMC9zdmciPjwvc3ZnPg==\" \/><img decoding=\"async\" class=\"img-responsive lazyload\" data-src=\"\/\/ae01.alicdn.com\/kf\/H48880612b113473f8bdd7d8f537d88ba1.jpg?width=790&#038;height=1425&#038;hash=2215\" src=\"data:image\/svg+xml;base64,PHN2ZyB3aWR0aD0iMSIgaGVpZ2h0PSIxIiB4bWxucz0iaHR0cDovL3d3dy53My5vcmcvMjAwMC9zdmciPjwvc3ZnPg==\" \/><img decoding=\"async\" class=\"img-responsive lazyload\" data-src=\"\/\/ae01.alicdn.com\/kf\/H1ef95f8b187e4cb1952cfb62765c1ba6F.jpg?width=790&#038;height=1425&#038;hash=2215\" src=\"data:image\/svg+xml;base64,PHN2ZyB3aWR0aD0iMSIgaGVpZ2h0PSIxIiB4bWxucz0iaHR0cDovL3d3dy53My5vcmcvMjAwMC9zdmciPjwvc3ZnPg==\" \/><img decoding=\"async\" class=\"img-responsive lazyload\" data-src=\"\/\/ae01.alicdn.com\/kf\/Hd7e3f34cac214bc984bd749ecb7abbdcN.jpg?width=790&#038;height=1425&#038;hash=2215\" src=\"data:image\/svg+xml;base64,PHN2ZyB3aWR0aD0iMSIgaGVpZ2h0PSIxIiB4bWxucz0iaHR0cDovL3d3dy53My5vcmcvMjAwMC9zdmciPjwvc3ZnPg==\" \/><img decoding=\"async\" class=\"img-responsive lazyload\" data-src=\"\/\/ae01.alicdn.com\/kf\/Ha6a0e355eef7428fb7de81600c827d98a.jpg?width=790&#038;height=1425&#038;hash=2215\" src=\"data:image\/svg+xml;base64,PHN2ZyB3aWR0aD0iMSIgaGVpZ2h0PSIxIiB4bWxucz0iaHR0cDovL3d3dy53My5vcmcvMjAwMC9zdmciPjwvc3ZnPg==\" \/><img decoding=\"async\" class=\"img-responsive lazyload\" data-src=\"\/\/ae01.alicdn.com\/kf\/He72876e11fc7490a9aab4c93796e3d6dy.jpg?width=790&#038;height=1425&#038;hash=2215\" src=\"data:image\/svg+xml;base64,PHN2ZyB3aWR0aD0iMSIgaGVpZ2h0PSIxIiB4bWxucz0iaHR0cDovL3d3dy53My5vcmcvMjAwMC9zdmciPjwvc3ZnPg==\" \/><\/p>","protected":false},"excerpt":{"rendered":"<p>Produkto apra\u0161ymas:1. Skirting\u0173 spalv\u0173 st\u016bmimo plok\u0161t\u0117s leid\u017eia sutelkti d\u0117mes\u012f \u012f treniruojamus raumenis.2. Tvirta st\u016bmimo plok\u0161\u010di\u0173 sistema turi kelet\u0105 pad\u0117\u010di\u0173 ir kamp\u0173, leid\u017eian\u010di\u0173 formuoti ir maksimaliai i\u0161ry\u0161kinti vir\u0161utin\u0117s k\u016bno dalies kont\u016brus.3. \u0160i novatori\u0161ka sistema pad\u0117s deginti kalorijas ir didinti j\u0117g\u0105, taip u\u017etikrindama visapusi\u0161k\u0105 k\u016bno j\u0117gos ir fizin\u012f treniravim\u0105.4. Ne\u0161iojama, lengvai surenkama ir laikoma.5. Auk\u0161tos kokyb\u0117s, pamink\u0161tinta [&hellip;]<\/p>\n","protected":false},"featured_media":958,"comment_status":"open","ping_status":"closed","template":"","meta":[],"product_brand":[],"product_cat":[25],"product_tag":[],"class_list":{"0":"post-957","1":"product","2":"type-product","3":"status-publish","4":"has-post-thumbnail","6":"product_cat-grozis-ir-sveikata","7":"pa_color-board-with-glove","8":"pa_color-board-with-pull-rope","9":"pa_color-grey-tension-rope","10":"pa_color-grey-jump-rope","11":"pa_color-grey-board","12":"pa_color-grey-glove","13":"pa_color-board-rope-skipping","14":"pa_color-board","16":"first","17":"instock","18":"sale","19":"shipping-taxable","20":"purchasable","21":"product-type-variable"},"_links":{"self":[{"href":"https:\/\/topsmart.store\/en\/wp-json\/wp\/v2\/product\/957","targetHints":{"allow":["GET"]}}],"collection":[{"href":"https:\/\/topsmart.store\/en\/wp-json\/wp\/v2\/product"}],"about":[{"href":"https:\/\/topsmart.store\/en\/wp-json\/wp\/v2\/types\/product"}],"replies":[{"embeddable":true,"href":"https:\/\/topsmart.store\/en\/wp-json\/wp\/v2\/comments?post=957"}],"wp:featuredmedia":[{"embeddable":true,"href":"https:\/\/topsmart.store\/en\/wp-json\/wp\/v2\/media\/958"}],"wp:attachment":[{"href":"https:\/\/topsmart.store\/en\/wp-json\/wp\/v2\/media?parent=957"}],"wp:term":[{"taxonomy":"product_brand","embeddable":true,"href":"https:\/\/topsmart.store\/en\/wp-json\/wp\/v2\/product_brand?post=957"},{"taxonomy":"product_cat","embeddable":true,"href":"https:\/\/topsmart.store\/en\/wp-json\/wp\/v2\/product_cat?post=957"},{"taxonomy":"product_tag","embeddable":true,"href":"https:\/\/topsmart.store\/en\/wp-json\/wp\/v2\/product_tag?post=957"}],"curies":[{"name":"wp","href":"https:\/\/api.w.org\/{rel}","templated":true}]}}